{"id":7051,"date":"2026-03-16T16:27:19","date_gmt":"2026-03-16T09:27:19","guid":{"rendered":"https:\/\/osterberg-quality.vn\/?post_type=product&#038;p=7051"},"modified":"2026-03-16T16:29:29","modified_gmt":"2026-03-16T09:29:29","slug":"si-ro-osterberg-tao-xanh","status":"publish","type":"product","link":"https:\/\/osterberg-quality.vn\/en\/product\/si-ro-osterberg-tao-xanh\/","title":{"rendered":"Si r\u00f4 Osterberg T\u00e1o xanh"},"content":{"rendered":"<p>Si r\u00f4 Osterberg T\u00e1o xanh m\u1edf ra m\u1ed9t cung b\u1eadc c\u1ea3m x\u00fac \u0111\u1ea7y t\u01b0\u01a1i vui. Si r\u00f4 Osterberg T\u00e1o xanh c\u00f3 n\u1ed1t h\u01b0\u01a1ng \u0111\u1ea7u chua thanh, r\u1ed3i chuy\u1ec3n sang ng\u1ecdt d\u1ecbu. Ph\u00f9 h\u1ee3p v\u1edbi nh\u1eefng c\u00f4ng th\u1ee9c pha ch\u1ebf mang \u0111\u1ebfn s\u1ef1 t\u01b0\u01a1i m\u1edbi, m\u00e1t m\u1ebb, gi\u1ea3i kh\u00e1t.<\/p>","protected":false},"excerpt":{"rendered":"<p>Si r\u00f4 Osterberg T\u00e1o xanh m\u1edf ra m\u1ed9t cung b\u1eadc c\u1ea3m x\u00fac \u0111\u1ea7y t\u01b0\u01a1i vui. Si r\u00f4 Osterberg T\u00e1o xanh c\u00f3 n\u1ed1t h\u01b0\u01a1ng \u0111\u1ea7u chua thanh, r\u1ed3i chuy\u1ec3n sang ng\u1ecdt d\u1ecbu. Ph\u00f9 h\u1ee3p v\u1edbi nh\u1eefng c\u00f4ng th\u1ee9c pha ch\u1ebf mang \u0111\u1ebfn s\u1ef1 t\u01b0\u01a1i m\u1edbi, m\u00e1t m\u1ebb, gi\u1ea3i kh\u00e1t.<\/p>","protected":false},"featured_media":6060,"comment_status":"open","ping_status":"closed","template":"","meta":{"site-sidebar-layout":"default","site-content-layout":"default","ast-global-header-display":"","ast-main-header-display":"","ast-hfb-above-header-display":"","ast-hfb-below-header-display":"","ast-hfb-mobile-header-display":"","site-post-title":"","ast-breadcrumbs-content":"","ast-featured-img":"","footer-sml-layout":"","theme-transparent-header-meta":"default","adv-header-id-meta":"","stick-header-meta":"default","header-above-stick-meta":"","header-main-stick-meta":"","header-below-stick-meta":""},"product_brand":[],"product_cat":[32,19],"product_tag":[],"class_list":{"0":"post-7051","1":"product","2":"type-product","3":"status-publish","4":"has-post-thumbnail","6":"product_cat-nguyen-lieu-pha-che","7":"product_cat-si-ro","8":"desktop-align-center","9":"tablet-align-center","10":"mobile-align-center","11":"ast-product-gallery-layout-horizontal-slider","12":"ast-product-tabs-layout-horizontal","14":"first","15":"instock","16":"shipping-taxable","17":"product-type-simple"},"yoast_head":"<!-- This site is optimized with the Yoast SEO plugin v27.2 - https:\/\/yoast.com\/product\/yoast-seo-wordpress\/ -->\n<title>Si r\u00f4 Osterberg T\u00e1o xanh<\/title>\n<meta name=\"description\" content=\"Si r\u00f4 Osterberg T\u00e1o xanh m\u1edf ra m\u1ed9t cung b\u1eadc c\u1ea3m x\u00fac \u0111\u1ea7y t\u01b0\u01a1i vui. Si r\u00f4 Osterberg T\u00e1o xanh c\u00f3 n\u1ed1t h\u01b0\u01a1ng \u0111\u1ea7u chua thanh, r\u1ed3i chuy\u1ec3n sang ng\u1ecdt d\u1ecbu\" \/>\n<meta name=\"robots\" content=\"index, follow, max-snippet:-1, max-image-preview:large, max-video-preview:-1\" \/>\n<link rel=\"canonical\" href=\"https:\/\/osterberg-quality.vn\/en\/product\/si-ro-osterberg-tao-xanh\/\" \/>\n<meta property=\"og:locale\" content=\"en_US\" \/>\n<meta property=\"og:type\" content=\"article\" \/>\n<meta property=\"og:title\" content=\"Si r\u00f4 Osterberg T\u00e1o xanh\" \/>\n<meta property=\"og:description\" content=\"Si r\u00f4 Osterberg T\u00e1o xanh m\u1edf ra m\u1ed9t cung b\u1eadc c\u1ea3m x\u00fac \u0111\u1ea7y t\u01b0\u01a1i vui. Si r\u00f4 Osterberg T\u00e1o xanh c\u00f3 n\u1ed1t h\u01b0\u01a1ng \u0111\u1ea7u chua thanh, r\u1ed3i chuy\u1ec3n sang ng\u1ecdt d\u1ecbu\" \/>\n<meta property=\"og:url\" content=\"https:\/\/osterberg-quality.vn\/en\/product\/si-ro-osterberg-tao-xanh\/\" \/>\n<meta property=\"og:site_name\" content=\"Osterberg | Leading provider of fruit-based beverage and bakery ingredients.\" \/>\n<meta property=\"article:modified_time\" content=\"2026-03-16T09:29:29+00:00\" \/>\n<meta property=\"og:image\" content=\"https:\/\/osterberg-quality.vn\/wp-content\/uploads\/2025\/10\/Green-Apple-Syrup-VN-scaled.png\" \/>\n\t<meta property=\"og:image:width\" content=\"2560\" \/>\n\t<meta property=\"og:image:height\" content=\"2560\" \/>\n\t<meta property=\"og:image:type\" content=\"image\/png\" \/>\n<meta name=\"twitter:card\" content=\"summary_large_image\" \/>\n<meta name=\"twitter:label1\" content=\"Est. reading time\" \/>\n\t<meta name=\"twitter:data1\" content=\"1 minute\" \/>\n<script type=\"application\/ld+json\" class=\"yoast-schema-graph\">{\"@context\":\"https:\/\/schema.org\",\"@graph\":[{\"@type\":\"WebPage\",\"@id\":\"https:\/\/osterberg-quality.vn\/san-pham\/si-ro-osterberg-tao-xanh\/\",\"url\":\"https:\/\/osterberg-quality.vn\/san-pham\/si-ro-osterberg-tao-xanh\/\",\"name\":\"Si r\u00f4 Osterberg T\u00e1o xanh\",\"isPartOf\":{\"@id\":\"https:\/\/osterberg-quality.vn\/en\/#website\"},\"primaryImageOfPage\":{\"@id\":\"https:\/\/osterberg-quality.vn\/san-pham\/si-ro-osterberg-tao-xanh\/#primaryimage\"},\"image\":{\"@id\":\"https:\/\/osterberg-quality.vn\/san-pham\/si-ro-osterberg-tao-xanh\/#primaryimage\"},\"thumbnailUrl\":\"https:\/\/osterberg-quality.vn\/wp-content\/uploads\/2025\/10\/Green-Apple-Syrup-VN-scaled.png\",\"datePublished\":\"2026-03-16T09:27:19+00:00\",\"dateModified\":\"2026-03-16T09:29:29+00:00\",\"description\":\"Si r\u00f4 Osterberg T\u00e1o xanh m\u1edf ra m\u1ed9t cung b\u1eadc c\u1ea3m x\u00fac \u0111\u1ea7y t\u01b0\u01a1i vui. Si r\u00f4 Osterberg T\u00e1o xanh c\u00f3 n\u1ed1t h\u01b0\u01a1ng \u0111\u1ea7u chua thanh, r\u1ed3i chuy\u1ec3n sang ng\u1ecdt d\u1ecbu\",\"breadcrumb\":{\"@id\":\"https:\/\/osterberg-quality.vn\/san-pham\/si-ro-osterberg-tao-xanh\/#breadcrumb\"},\"inLanguage\":\"en-US\",\"potentialAction\":[{\"@type\":\"ReadAction\",\"target\":[\"https:\/\/osterberg-quality.vn\/san-pham\/si-ro-osterberg-tao-xanh\/\"]}]},{\"@type\":\"ImageObject\",\"inLanguage\":\"en-US\",\"@id\":\"https:\/\/osterberg-quality.vn\/san-pham\/si-ro-osterberg-tao-xanh\/#primaryimage\",\"url\":\"https:\/\/osterberg-quality.vn\/wp-content\/uploads\/2025\/10\/Green-Apple-Syrup-VN-scaled.png\",\"contentUrl\":\"https:\/\/osterberg-quality.vn\/wp-content\/uploads\/2025\/10\/Green-Apple-Syrup-VN-scaled.png\",\"width\":2560,\"height\":2560,\"caption\":\"Si r\u00f4 Osterberg T\u00e1o xanh\"},{\"@type\":\"BreadcrumbList\",\"@id\":\"https:\/\/osterberg-quality.vn\/san-pham\/si-ro-osterberg-tao-xanh\/#breadcrumb\",\"itemListElement\":[{\"@type\":\"ListItem\",\"position\":1,\"name\":\"Trang ch\u1ee7\",\"item\":\"https:\/\/osterberg-quality.vn\/\"},{\"@type\":\"ListItem\",\"position\":2,\"name\":\"C\u1eeda h\u00e0ng\",\"item\":\"https:\/\/osterberg-quality.vn\/cua-hang\/\"},{\"@type\":\"ListItem\",\"position\":3,\"name\":\"Si r\u00f4 Osterberg T\u00e1o xanh\"}]},{\"@type\":\"WebSite\",\"@id\":\"https:\/\/osterberg-quality.vn\/en\/#website\",\"url\":\"https:\/\/osterberg-quality.vn\/en\/\",\"name\":\"Osterberg | Leading provider of fruit-based beverage and bakery ingredients.\",\"description\":\"Leading provider of fruit-based beverage and bakery ingredients.\",\"publisher\":{\"@id\":\"https:\/\/osterberg-quality.vn\/en\/#organization\"},\"potentialAction\":[{\"@type\":\"SearchAction\",\"target\":{\"@type\":\"EntryPoint\",\"urlTemplate\":\"https:\/\/osterberg-quality.vn\/en\/?s={search_term_string}\"},\"query-input\":{\"@type\":\"PropertyValueSpecification\",\"valueRequired\":true,\"valueName\":\"search_term_string\"}}],\"inLanguage\":\"en-US\"},{\"@type\":\"Organization\",\"@id\":\"https:\/\/osterberg-quality.vn\/en\/#organization\",\"name\":\"Osterberg | Leading provider of fruit-based beverage and bakery ingredients.\",\"url\":\"https:\/\/osterberg-quality.vn\/en\/\",\"logo\":{\"@type\":\"ImageObject\",\"inLanguage\":\"en-US\",\"@id\":\"https:\/\/osterberg-quality.vn\/en\/#\/schema\/logo\/image\/\",\"url\":\"https:\/\/osterberg-quality.vn\/wp-content\/uploads\/2021\/10\/logo.png\",\"contentUrl\":\"https:\/\/osterberg-quality.vn\/wp-content\/uploads\/2021\/10\/logo.png\",\"width\":301,\"height\":167,\"caption\":\"Osterberg | Leading provider of fruit-based beverage and bakery ingredients.\"},\"image\":{\"@id\":\"https:\/\/osterberg-quality.vn\/en\/#\/schema\/logo\/image\/\"}}]}<\/script>\n<!-- \/ Yoast SEO plugin. -->","yoast_head_json":{"title":"Si r\u00f4 Osterberg T\u00e1o xanh","description":"Si r\u00f4 Osterberg T\u00e1o xanh m\u1edf ra m\u1ed9t cung b\u1eadc c\u1ea3m x\u00fac \u0111\u1ea7y t\u01b0\u01a1i vui. Si r\u00f4 Osterberg T\u00e1o xanh c\u00f3 n\u1ed1t h\u01b0\u01a1ng \u0111\u1ea7u chua thanh, r\u1ed3i chuy\u1ec3n sang ng\u1ecdt d\u1ecbu","robots":{"index":"index","follow":"follow","max-snippet":"max-snippet:-1","max-image-preview":"max-image-preview:large","max-video-preview":"max-video-preview:-1"},"canonical":"https:\/\/osterberg-quality.vn\/en\/product\/si-ro-osterberg-tao-xanh\/","og_locale":"en_US","og_type":"article","og_title":"Si r\u00f4 Osterberg T\u00e1o xanh","og_description":"Si r\u00f4 Osterberg T\u00e1o xanh m\u1edf ra m\u1ed9t cung b\u1eadc c\u1ea3m x\u00fac \u0111\u1ea7y t\u01b0\u01a1i vui. Si r\u00f4 Osterberg T\u00e1o xanh c\u00f3 n\u1ed1t h\u01b0\u01a1ng \u0111\u1ea7u chua thanh, r\u1ed3i chuy\u1ec3n sang ng\u1ecdt d\u1ecbu","og_url":"https:\/\/osterberg-quality.vn\/en\/product\/si-ro-osterberg-tao-xanh\/","og_site_name":"Osterberg | Leading provider of fruit-based beverage and bakery ingredients.","article_modified_time":"2026-03-16T09:29:29+00:00","og_image":[{"width":2560,"height":2560,"url":"https:\/\/osterberg-quality.vn\/wp-content\/uploads\/2025\/10\/Green-Apple-Syrup-VN-scaled.png","type":"image\/png"}],"twitter_card":"summary_large_image","twitter_misc":{"Est. reading time":"1 minute"},"schema":{"@context":"https:\/\/schema.org","@graph":[{"@type":"WebPage","@id":"https:\/\/osterberg-quality.vn\/san-pham\/si-ro-osterberg-tao-xanh\/","url":"https:\/\/osterberg-quality.vn\/san-pham\/si-ro-osterberg-tao-xanh\/","name":"Si r\u00f4 Osterberg T\u00e1o xanh","isPartOf":{"@id":"https:\/\/osterberg-quality.vn\/en\/#website"},"primaryImageOfPage":{"@id":"https:\/\/osterberg-quality.vn\/san-pham\/si-ro-osterberg-tao-xanh\/#primaryimage"},"image":{"@id":"https:\/\/osterberg-quality.vn\/san-pham\/si-ro-osterberg-tao-xanh\/#primaryimage"},"thumbnailUrl":"https:\/\/osterberg-quality.vn\/wp-content\/uploads\/2025\/10\/Green-Apple-Syrup-VN-scaled.png","datePublished":"2026-03-16T09:27:19+00:00","dateModified":"2026-03-16T09:29:29+00:00","description":"Si r\u00f4 Osterberg T\u00e1o xanh m\u1edf ra m\u1ed9t cung b\u1eadc c\u1ea3m x\u00fac \u0111\u1ea7y t\u01b0\u01a1i vui. Si r\u00f4 Osterberg T\u00e1o xanh c\u00f3 n\u1ed1t h\u01b0\u01a1ng \u0111\u1ea7u chua thanh, r\u1ed3i chuy\u1ec3n sang ng\u1ecdt d\u1ecbu","breadcrumb":{"@id":"https:\/\/osterberg-quality.vn\/san-pham\/si-ro-osterberg-tao-xanh\/#breadcrumb"},"inLanguage":"en-US","potentialAction":[{"@type":"ReadAction","target":["https:\/\/osterberg-quality.vn\/san-pham\/si-ro-osterberg-tao-xanh\/"]}]},{"@type":"ImageObject","inLanguage":"en-US","@id":"https:\/\/osterberg-quality.vn\/san-pham\/si-ro-osterberg-tao-xanh\/#primaryimage","url":"https:\/\/osterberg-quality.vn\/wp-content\/uploads\/2025\/10\/Green-Apple-Syrup-VN-scaled.png","contentUrl":"https:\/\/osterberg-quality.vn\/wp-content\/uploads\/2025\/10\/Green-Apple-Syrup-VN-scaled.png","width":2560,"height":2560,"caption":"Si r\u00f4 Osterberg T\u00e1o xanh"},{"@type":"BreadcrumbList","@id":"https:\/\/osterberg-quality.vn\/san-pham\/si-ro-osterberg-tao-xanh\/#breadcrumb","itemListElement":[{"@type":"ListItem","position":1,"name":"Trang ch\u1ee7","item":"https:\/\/osterberg-quality.vn\/"},{"@type":"ListItem","position":2,"name":"C\u1eeda h\u00e0ng","item":"https:\/\/osterberg-quality.vn\/cua-hang\/"},{"@type":"ListItem","position":3,"name":"Si r\u00f4 Osterberg T\u00e1o xanh"}]},{"@type":"WebSite","@id":"https:\/\/osterberg-quality.vn\/en\/#website","url":"https:\/\/osterberg-quality.vn\/en\/","name":"Osterberg | Leading provider of fruit-based beverage and bakery ingredients.","description":"Leading provider of fruit-based beverage and bakery ingredients.","publisher":{"@id":"https:\/\/osterberg-quality.vn\/en\/#organization"},"potentialAction":[{"@type":"SearchAction","target":{"@type":"EntryPoint","urlTemplate":"https:\/\/osterberg-quality.vn\/en\/?s={search_term_string}"},"query-input":{"@type":"PropertyValueSpecification","valueRequired":true,"valueName":"search_term_string"}}],"inLanguage":"en-US"},{"@type":"Organization","@id":"https:\/\/osterberg-quality.vn\/en\/#organization","name":"Osterberg | Leading provider of fruit-based beverage and bakery ingredients.","url":"https:\/\/osterberg-quality.vn\/en\/","logo":{"@type":"ImageObject","inLanguage":"en-US","@id":"https:\/\/osterberg-quality.vn\/en\/#\/schema\/logo\/image\/","url":"https:\/\/osterberg-quality.vn\/wp-content\/uploads\/2021\/10\/logo.png","contentUrl":"https:\/\/osterberg-quality.vn\/wp-content\/uploads\/2021\/10\/logo.png","width":301,"height":167,"caption":"Osterberg | Leading provider of fruit-based beverage and bakery ingredients."},"image":{"@id":"https:\/\/osterberg-quality.vn\/en\/#\/schema\/logo\/image\/"}}]}},"_links":{"self":[{"href":"https:\/\/osterberg-quality.vn\/en\/wp-json\/wp\/v2\/product\/7051","targetHints":{"allow":["GET"]}}],"collection":[{"href":"https:\/\/osterberg-quality.vn\/en\/wp-json\/wp\/v2\/product"}],"about":[{"href":"https:\/\/osterberg-quality.vn\/en\/wp-json\/wp\/v2\/types\/product"}],"replies":[{"embeddable":true,"href":"https:\/\/osterberg-quality.vn\/en\/wp-json\/wp\/v2\/comments?post=7051"}],"version-history":[{"count":0,"href":"https:\/\/osterberg-quality.vn\/en\/wp-json\/wp\/v2\/product\/7051\/revisions"}],"wp:featuredmedia":[{"embeddable":true,"href":"https:\/\/osterberg-quality.vn\/en\/wp-json\/wp\/v2\/media\/6060"}],"wp:attachment":[{"href":"https:\/\/osterberg-quality.vn\/en\/wp-json\/wp\/v2\/media?parent=7051"}],"wp:term":[{"taxonomy":"product_brand","embeddable":true,"href":"https:\/\/osterberg-quality.vn\/en\/wp-json\/wp\/v2\/product_brand?post=7051"},{"taxonomy":"product_cat","embeddable":true,"href":"https:\/\/osterberg-quality.vn\/en\/wp-json\/wp\/v2\/product_cat?post=7051"},{"taxonomy":"product_tag","embeddable":true,"href":"https:\/\/osterberg-quality.vn\/en\/wp-json\/wp\/v2\/product_tag?post=7051"}],"curies":[{"name":"wp","href":"https:\/\/api.w.org\/{rel}","templated":true}]}}