{"id":7047,"date":"2026-03-16T16:08:35","date_gmt":"2026-03-16T09:08:35","guid":{"rendered":"https:\/\/osterberg-quality.vn\/?post_type=product&#038;p=7047"},"modified":"2026-03-16T16:16:08","modified_gmt":"2026-03-16T09:16:08","slug":"si-ro-osterberg-huong-nhan-sam","status":"publish","type":"product","link":"https:\/\/osterberg-quality.vn\/en\/product\/si-ro-osterberg-huong-nhan-sam\/","title":{"rendered":"Si r\u00f4 Osterberg h\u01b0\u01a1ng Nh\u00e2n s\u00e2m"},"content":{"rendered":"<p>Si r\u00f4 Osterberg h\u01b0\u01a1ng Nh\u00e2n s\u00e2m mang \u0111\u1ebfn tr\u1ea3i nghi\u1ec7m sang tr\u1ecdng v\u1edbi h\u01b0\u01a1ng nh\u00e2n s\u00e2m n\u1ed3ng n\u00e0n, \u1ea5m \u00e1p, c\u00f3 n\u1ed1t h\u1eafc m\u1ea1nh, \u0111\u1eadm m\u00f9i &#8220;\u0111\u1ea5t&#8221; \u0111\u1eb7c tr\u01b0ng c\u1ee7a r\u1ec5 c\u00e2y. Si r\u00f4 Osterberg h\u01b0\u01a1ng Nh\u00e2n s\u00e2m s\u1ebd g\u00f3p ph\u1ea7n v\u00e0o nh\u1eefng tr\u1ea3i nghi\u1ec7m gi\u00e1c quan \u1ea5n t\u01b0\u1ee3ng trong menu n\u01b0\u1edbc c\u1ee7a b\u1ea1n.<\/p>","protected":false},"excerpt":{"rendered":"<p>Si r\u00f4 Osterberg h\u01b0\u01a1ng Nh\u00e2n s\u00e2m mang \u0111\u1ebfn tr\u1ea3i nghi\u1ec7m sang tr\u1ecdng v\u1edbi h\u01b0\u01a1ng nh\u00e2n s\u00e2m n\u1ed3ng n\u00e0n, \u1ea5m \u00e1p, c\u00f3 n\u1ed1t h\u1eafc m\u1ea1nh, \u0111\u1eadm m\u00f9i &#8220;\u0111\u1ea5t&#8221; \u0111\u1eb7c tr\u01b0ng c\u1ee7a r\u1ec5 c\u00e2y. Si r\u00f4 Osterberg h\u01b0\u01a1ng Nh\u00e2n s\u00e2m s\u1ebd g\u00f3p ph\u1ea7n v\u00e0o nh\u1eefng tr\u1ea3i nghi\u1ec7m gi\u00e1c quan \u1ea5n t\u01b0\u1ee3ng trong menu n\u01b0\u1edbc c\u1ee7a b\u1ea1n.<\/p>","protected":false},"featured_media":7046,"comment_status":"open","ping_status":"closed","template":"","meta":{"site-sidebar-layout":"default","site-content-layout":"default","ast-global-header-display":"","ast-main-header-display":"","ast-hfb-above-header-display":"","ast-hfb-below-header-display":"","ast-hfb-mobile-header-display":"","site-post-title":"","ast-breadcrumbs-content":"","ast-featured-img":"","footer-sml-layout":"","theme-transparent-header-meta":"default","adv-header-id-meta":"","stick-header-meta":"default","header-above-stick-meta":"","header-main-stick-meta":"","header-below-stick-meta":""},"product_brand":[],"product_cat":[32,19],"product_tag":[],"class_list":{"0":"post-7047","1":"product","2":"type-product","3":"status-publish","4":"has-post-thumbnail","6":"product_cat-nguyen-lieu-pha-che","7":"product_cat-si-ro","8":"desktop-align-center","9":"tablet-align-center","10":"mobile-align-center","11":"ast-product-gallery-layout-horizontal-slider","12":"ast-product-tabs-layout-horizontal","14":"first","15":"instock","16":"shipping-taxable","17":"product-type-simple"},"yoast_head":"<!-- This site is optimized with the Yoast SEO plugin v27.2 - https:\/\/yoast.com\/product\/yoast-seo-wordpress\/ -->\n<title>Si r\u00f4 Osterberg h\u01b0\u01a1ng Nh\u00e2n s\u00e2m<\/title>\n<meta name=\"description\" content=\"Si r\u00f4 Osterberg h\u01b0\u01a1ng Nh\u00e2n s\u00e2m mang \u0111\u1ebfn tr\u1ea3i nghi\u1ec7m sang tr\u1ecdng v\u1edbi h\u01b0\u01a1ng nh\u00e2n s\u00e2m n\u1ed3ng n\u00e0n, \u1ea5m \u00e1p, c\u00f3 n\u1ed1t h\u1eafc m\u1ea1nh, \u0111\u1eadm m\u00f9i &quot;\u0111\u1ea5t&quot; \u0111\u1eb7c tr\u01b0ng c\u1ee7a r\u1ec5 c\u00e2y\" \/>\n<meta name=\"robots\" content=\"index, follow, max-snippet:-1, max-image-preview:large, max-video-preview:-1\" \/>\n<link rel=\"canonical\" href=\"https:\/\/osterberg-quality.vn\/en\/product\/si-ro-osterberg-huong-nhan-sam\/\" \/>\n<meta property=\"og:locale\" content=\"en_US\" \/>\n<meta property=\"og:type\" content=\"article\" \/>\n<meta property=\"og:title\" content=\"Si r\u00f4 Osterberg h\u01b0\u01a1ng Nh\u00e2n s\u00e2m\" \/>\n<meta property=\"og:description\" content=\"Si r\u00f4 Osterberg h\u01b0\u01a1ng Nh\u00e2n s\u00e2m mang \u0111\u1ebfn tr\u1ea3i nghi\u1ec7m sang tr\u1ecdng v\u1edbi h\u01b0\u01a1ng nh\u00e2n s\u00e2m n\u1ed3ng n\u00e0n, \u1ea5m \u00e1p, c\u00f3 n\u1ed1t h\u1eafc m\u1ea1nh, \u0111\u1eadm m\u00f9i &quot;\u0111\u1ea5t&quot; \u0111\u1eb7c tr\u01b0ng c\u1ee7a r\u1ec5 c\u00e2y\" \/>\n<meta property=\"og:url\" content=\"https:\/\/osterberg-quality.vn\/en\/product\/si-ro-osterberg-huong-nhan-sam\/\" \/>\n<meta property=\"og:site_name\" content=\"Osterberg | Leading provider of fruit-based beverage and bakery ingredients.\" \/>\n<meta property=\"article:modified_time\" content=\"2026-03-16T09:16:08+00:00\" \/>\n<meta property=\"og:image\" content=\"https:\/\/osterberg-quality.vn\/wp-content\/uploads\/2026\/03\/Ginseng-Syrup-VN.png\" \/>\n\t<meta property=\"og:image:width\" content=\"1200\" \/>\n\t<meta property=\"og:image:height\" content=\"1200\" \/>\n\t<meta property=\"og:image:type\" content=\"image\/png\" \/>\n<meta name=\"twitter:card\" content=\"summary_large_image\" \/>\n<meta name=\"twitter:label1\" content=\"Est. reading time\" \/>\n\t<meta name=\"twitter:data1\" content=\"1 minute\" \/>\n<script type=\"application\/ld+json\" class=\"yoast-schema-graph\">{\"@context\":\"https:\/\/schema.org\",\"@graph\":[{\"@type\":\"WebPage\",\"@id\":\"https:\/\/osterberg-quality.vn\/san-pham\/si-ro-osterberg-huong-nhan-sam\/\",\"url\":\"https:\/\/osterberg-quality.vn\/san-pham\/si-ro-osterberg-huong-nhan-sam\/\",\"name\":\"Si r\u00f4 Osterberg h\u01b0\u01a1ng Nh\u00e2n s\u00e2m\",\"isPartOf\":{\"@id\":\"https:\/\/osterberg-quality.vn\/en\/#website\"},\"primaryImageOfPage\":{\"@id\":\"https:\/\/osterberg-quality.vn\/san-pham\/si-ro-osterberg-huong-nhan-sam\/#primaryimage\"},\"image\":{\"@id\":\"https:\/\/osterberg-quality.vn\/san-pham\/si-ro-osterberg-huong-nhan-sam\/#primaryimage\"},\"thumbnailUrl\":\"https:\/\/osterberg-quality.vn\/wp-content\/uploads\/2026\/03\/Ginseng-Syrup-VN.png\",\"datePublished\":\"2026-03-16T09:08:35+00:00\",\"dateModified\":\"2026-03-16T09:16:08+00:00\",\"description\":\"Si r\u00f4 Osterberg h\u01b0\u01a1ng Nh\u00e2n s\u00e2m mang \u0111\u1ebfn tr\u1ea3i nghi\u1ec7m sang tr\u1ecdng v\u1edbi h\u01b0\u01a1ng nh\u00e2n s\u00e2m n\u1ed3ng n\u00e0n, \u1ea5m \u00e1p, c\u00f3 n\u1ed1t h\u1eafc m\u1ea1nh, \u0111\u1eadm m\u00f9i \\\"\u0111\u1ea5t\\\" \u0111\u1eb7c tr\u01b0ng c\u1ee7a r\u1ec5 c\u00e2y\",\"breadcrumb\":{\"@id\":\"https:\/\/osterberg-quality.vn\/san-pham\/si-ro-osterberg-huong-nhan-sam\/#breadcrumb\"},\"inLanguage\":\"en-US\",\"potentialAction\":[{\"@type\":\"ReadAction\",\"target\":[\"https:\/\/osterberg-quality.vn\/san-pham\/si-ro-osterberg-huong-nhan-sam\/\"]}]},{\"@type\":\"ImageObject\",\"inLanguage\":\"en-US\",\"@id\":\"https:\/\/osterberg-quality.vn\/san-pham\/si-ro-osterberg-huong-nhan-sam\/#primaryimage\",\"url\":\"https:\/\/osterberg-quality.vn\/wp-content\/uploads\/2026\/03\/Ginseng-Syrup-VN.png\",\"contentUrl\":\"https:\/\/osterberg-quality.vn\/wp-content\/uploads\/2026\/03\/Ginseng-Syrup-VN.png\",\"width\":1200,\"height\":1200,\"caption\":\"Si r\u00f4 Osterberg h\u01b0\u01a1ng Nh\u00e2n s\u00e2m\"},{\"@type\":\"BreadcrumbList\",\"@id\":\"https:\/\/osterberg-quality.vn\/san-pham\/si-ro-osterberg-huong-nhan-sam\/#breadcrumb\",\"itemListElement\":[{\"@type\":\"ListItem\",\"position\":1,\"name\":\"Trang ch\u1ee7\",\"item\":\"https:\/\/osterberg-quality.vn\/\"},{\"@type\":\"ListItem\",\"position\":2,\"name\":\"C\u1eeda h\u00e0ng\",\"item\":\"https:\/\/osterberg-quality.vn\/cua-hang\/\"},{\"@type\":\"ListItem\",\"position\":3,\"name\":\"Si r\u00f4 Osterberg h\u01b0\u01a1ng Nh\u00e2n s\u00e2m\"}]},{\"@type\":\"WebSite\",\"@id\":\"https:\/\/osterberg-quality.vn\/en\/#website\",\"url\":\"https:\/\/osterberg-quality.vn\/en\/\",\"name\":\"Osterberg | Leading provider of fruit-based beverage and bakery ingredients.\",\"description\":\"Leading provider of fruit-based beverage and bakery ingredients.\",\"publisher\":{\"@id\":\"https:\/\/osterberg-quality.vn\/en\/#organization\"},\"potentialAction\":[{\"@type\":\"SearchAction\",\"target\":{\"@type\":\"EntryPoint\",\"urlTemplate\":\"https:\/\/osterberg-quality.vn\/en\/?s={search_term_string}\"},\"query-input\":{\"@type\":\"PropertyValueSpecification\",\"valueRequired\":true,\"valueName\":\"search_term_string\"}}],\"inLanguage\":\"en-US\"},{\"@type\":\"Organization\",\"@id\":\"https:\/\/osterberg-quality.vn\/en\/#organization\",\"name\":\"Osterberg | Leading provider of fruit-based beverage and bakery ingredients.\",\"url\":\"https:\/\/osterberg-quality.vn\/en\/\",\"logo\":{\"@type\":\"ImageObject\",\"inLanguage\":\"en-US\",\"@id\":\"https:\/\/osterberg-quality.vn\/en\/#\/schema\/logo\/image\/\",\"url\":\"https:\/\/osterberg-quality.vn\/wp-content\/uploads\/2021\/10\/logo.png\",\"contentUrl\":\"https:\/\/osterberg-quality.vn\/wp-content\/uploads\/2021\/10\/logo.png\",\"width\":301,\"height\":167,\"caption\":\"Osterberg | Leading provider of fruit-based beverage and bakery ingredients.\"},\"image\":{\"@id\":\"https:\/\/osterberg-quality.vn\/en\/#\/schema\/logo\/image\/\"}}]}<\/script>\n<!-- \/ Yoast SEO plugin. -->","yoast_head_json":{"title":"Si r\u00f4 Osterberg h\u01b0\u01a1ng Nh\u00e2n s\u00e2m","description":"Si r\u00f4 Osterberg h\u01b0\u01a1ng Nh\u00e2n s\u00e2m mang \u0111\u1ebfn tr\u1ea3i nghi\u1ec7m sang tr\u1ecdng v\u1edbi h\u01b0\u01a1ng nh\u00e2n s\u00e2m n\u1ed3ng n\u00e0n, \u1ea5m \u00e1p, c\u00f3 n\u1ed1t h\u1eafc m\u1ea1nh, \u0111\u1eadm m\u00f9i \"\u0111\u1ea5t\" \u0111\u1eb7c tr\u01b0ng c\u1ee7a r\u1ec5 c\u00e2y","robots":{"index":"index","follow":"follow","max-snippet":"max-snippet:-1","max-image-preview":"max-image-preview:large","max-video-preview":"max-video-preview:-1"},"canonical":"https:\/\/osterberg-quality.vn\/en\/product\/si-ro-osterberg-huong-nhan-sam\/","og_locale":"en_US","og_type":"article","og_title":"Si r\u00f4 Osterberg h\u01b0\u01a1ng Nh\u00e2n s\u00e2m","og_description":"Si r\u00f4 Osterberg h\u01b0\u01a1ng Nh\u00e2n s\u00e2m mang \u0111\u1ebfn tr\u1ea3i nghi\u1ec7m sang tr\u1ecdng v\u1edbi h\u01b0\u01a1ng nh\u00e2n s\u00e2m n\u1ed3ng n\u00e0n, \u1ea5m \u00e1p, c\u00f3 n\u1ed1t h\u1eafc m\u1ea1nh, \u0111\u1eadm m\u00f9i \"\u0111\u1ea5t\" \u0111\u1eb7c tr\u01b0ng c\u1ee7a r\u1ec5 c\u00e2y","og_url":"https:\/\/osterberg-quality.vn\/en\/product\/si-ro-osterberg-huong-nhan-sam\/","og_site_name":"Osterberg | Leading provider of fruit-based beverage and bakery ingredients.","article_modified_time":"2026-03-16T09:16:08+00:00","og_image":[{"width":1200,"height":1200,"url":"https:\/\/osterberg-quality.vn\/wp-content\/uploads\/2026\/03\/Ginseng-Syrup-VN.png","type":"image\/png"}],"twitter_card":"summary_large_image","twitter_misc":{"Est. reading time":"1 minute"},"schema":{"@context":"https:\/\/schema.org","@graph":[{"@type":"WebPage","@id":"https:\/\/osterberg-quality.vn\/san-pham\/si-ro-osterberg-huong-nhan-sam\/","url":"https:\/\/osterberg-quality.vn\/san-pham\/si-ro-osterberg-huong-nhan-sam\/","name":"Si r\u00f4 Osterberg h\u01b0\u01a1ng Nh\u00e2n s\u00e2m","isPartOf":{"@id":"https:\/\/osterberg-quality.vn\/en\/#website"},"primaryImageOfPage":{"@id":"https:\/\/osterberg-quality.vn\/san-pham\/si-ro-osterberg-huong-nhan-sam\/#primaryimage"},"image":{"@id":"https:\/\/osterberg-quality.vn\/san-pham\/si-ro-osterberg-huong-nhan-sam\/#primaryimage"},"thumbnailUrl":"https:\/\/osterberg-quality.vn\/wp-content\/uploads\/2026\/03\/Ginseng-Syrup-VN.png","datePublished":"2026-03-16T09:08:35+00:00","dateModified":"2026-03-16T09:16:08+00:00","description":"Si r\u00f4 Osterberg h\u01b0\u01a1ng Nh\u00e2n s\u00e2m mang \u0111\u1ebfn tr\u1ea3i nghi\u1ec7m sang tr\u1ecdng v\u1edbi h\u01b0\u01a1ng nh\u00e2n s\u00e2m n\u1ed3ng n\u00e0n, \u1ea5m \u00e1p, c\u00f3 n\u1ed1t h\u1eafc m\u1ea1nh, \u0111\u1eadm m\u00f9i \"\u0111\u1ea5t\" \u0111\u1eb7c tr\u01b0ng c\u1ee7a r\u1ec5 c\u00e2y","breadcrumb":{"@id":"https:\/\/osterberg-quality.vn\/san-pham\/si-ro-osterberg-huong-nhan-sam\/#breadcrumb"},"inLanguage":"en-US","potentialAction":[{"@type":"ReadAction","target":["https:\/\/osterberg-quality.vn\/san-pham\/si-ro-osterberg-huong-nhan-sam\/"]}]},{"@type":"ImageObject","inLanguage":"en-US","@id":"https:\/\/osterberg-quality.vn\/san-pham\/si-ro-osterberg-huong-nhan-sam\/#primaryimage","url":"https:\/\/osterberg-quality.vn\/wp-content\/uploads\/2026\/03\/Ginseng-Syrup-VN.png","contentUrl":"https:\/\/osterberg-quality.vn\/wp-content\/uploads\/2026\/03\/Ginseng-Syrup-VN.png","width":1200,"height":1200,"caption":"Si r\u00f4 Osterberg h\u01b0\u01a1ng Nh\u00e2n s\u00e2m"},{"@type":"BreadcrumbList","@id":"https:\/\/osterberg-quality.vn\/san-pham\/si-ro-osterberg-huong-nhan-sam\/#breadcrumb","itemListElement":[{"@type":"ListItem","position":1,"name":"Trang ch\u1ee7","item":"https:\/\/osterberg-quality.vn\/"},{"@type":"ListItem","position":2,"name":"C\u1eeda h\u00e0ng","item":"https:\/\/osterberg-quality.vn\/cua-hang\/"},{"@type":"ListItem","position":3,"name":"Si r\u00f4 Osterberg h\u01b0\u01a1ng Nh\u00e2n s\u00e2m"}]},{"@type":"WebSite","@id":"https:\/\/osterberg-quality.vn\/en\/#website","url":"https:\/\/osterberg-quality.vn\/en\/","name":"Osterberg | Leading provider of fruit-based beverage and bakery ingredients.","description":"Leading provider of fruit-based beverage and bakery ingredients.","publisher":{"@id":"https:\/\/osterberg-quality.vn\/en\/#organization"},"potentialAction":[{"@type":"SearchAction","target":{"@type":"EntryPoint","urlTemplate":"https:\/\/osterberg-quality.vn\/en\/?s={search_term_string}"},"query-input":{"@type":"PropertyValueSpecification","valueRequired":true,"valueName":"search_term_string"}}],"inLanguage":"en-US"},{"@type":"Organization","@id":"https:\/\/osterberg-quality.vn\/en\/#organization","name":"Osterberg | Leading provider of fruit-based beverage and bakery ingredients.","url":"https:\/\/osterberg-quality.vn\/en\/","logo":{"@type":"ImageObject","inLanguage":"en-US","@id":"https:\/\/osterberg-quality.vn\/en\/#\/schema\/logo\/image\/","url":"https:\/\/osterberg-quality.vn\/wp-content\/uploads\/2021\/10\/logo.png","contentUrl":"https:\/\/osterberg-quality.vn\/wp-content\/uploads\/2021\/10\/logo.png","width":301,"height":167,"caption":"Osterberg | Leading provider of fruit-based beverage and bakery ingredients."},"image":{"@id":"https:\/\/osterberg-quality.vn\/en\/#\/schema\/logo\/image\/"}}]}},"_links":{"self":[{"href":"https:\/\/osterberg-quality.vn\/en\/wp-json\/wp\/v2\/product\/7047","targetHints":{"allow":["GET"]}}],"collection":[{"href":"https:\/\/osterberg-quality.vn\/en\/wp-json\/wp\/v2\/product"}],"about":[{"href":"https:\/\/osterberg-quality.vn\/en\/wp-json\/wp\/v2\/types\/product"}],"replies":[{"embeddable":true,"href":"https:\/\/osterberg-quality.vn\/en\/wp-json\/wp\/v2\/comments?post=7047"}],"version-history":[{"count":0,"href":"https:\/\/osterberg-quality.vn\/en\/wp-json\/wp\/v2\/product\/7047\/revisions"}],"wp:featuredmedia":[{"embeddable":true,"href":"https:\/\/osterberg-quality.vn\/en\/wp-json\/wp\/v2\/media\/7046"}],"wp:attachment":[{"href":"https:\/\/osterberg-quality.vn\/en\/wp-json\/wp\/v2\/media?parent=7047"}],"wp:term":[{"taxonomy":"product_brand","embeddable":true,"href":"https:\/\/osterberg-quality.vn\/en\/wp-json\/wp\/v2\/product_brand?post=7047"},{"taxonomy":"product_cat","embeddable":true,"href":"https:\/\/osterberg-quality.vn\/en\/wp-json\/wp\/v2\/product_cat?post=7047"},{"taxonomy":"product_tag","embeddable":true,"href":"https:\/\/osterberg-quality.vn\/en\/wp-json\/wp\/v2\/product_tag?post=7047"}],"curies":[{"name":"wp","href":"https:\/\/api.w.org\/{rel}","templated":true}]}}