{"id":7016,"date":"2026-01-30T10:21:00","date_gmt":"2026-01-30T03:21:00","guid":{"rendered":"https:\/\/osterberg-quality.vn\/?post_type=product&#038;p=7016"},"modified":"2026-01-30T10:29:22","modified_gmt":"2026-01-30T03:29:22","slug":"sot-osterberg-matcha","status":"publish","type":"product","link":"https:\/\/osterberg-quality.vn\/en\/product\/sot-osterberg-matcha\/","title":{"rendered":"S\u1ed1t Osterberg Matcha"},"content":{"rendered":"<p>D\u00f2ng s\u1ed1t Osterberg Matcha s\u1ec7t s\u00e1nh, \u0111\u1eadm h\u01b0\u01a1ng v\u00e0 v\u1ecb tr\u00e0 xanh Matcha, mang l\u1ea1i c\u1ea3m gi\u00e1c tr\u00f2n \u0111\u1ea7y cho m\u00f3n n\u01b0\u1edbc pha ch\u1ebf<\/p>","protected":false},"excerpt":{"rendered":"<p>S\u1ed1t Osterberg Matcha s\u1ec7t s\u00e1nh, \u0111\u1eadm h\u01b0\u01a1ng v\u00e0 v\u1ecb tr\u00e0 xanh Matcha, mang l\u1ea1i c\u1ea3m gi\u00e1c tr\u00f2n \u0111\u1ea7y cho m\u00f3n n\u01b0\u1edbc pha ch\u1ebf. Ph\u00f9 h\u1ee3p pha ch\u1ebf v\u00e0 trang tr\u00ed m\u00f3n<\/p>","protected":false},"featured_media":7018,"comment_status":"open","ping_status":"closed","template":"","meta":{"site-sidebar-layout":"default","site-content-layout":"default","ast-global-header-display":"","ast-main-header-display":"","ast-hfb-above-header-display":"","ast-hfb-below-header-display":"","ast-hfb-mobile-header-display":"","site-post-title":"","ast-breadcrumbs-content":"","ast-featured-img":"","footer-sml-layout":"","theme-transparent-header-meta":"default","adv-header-id-meta":"","stick-header-meta":"default","header-above-stick-meta":"","header-main-stick-meta":"","header-below-stick-meta":""},"product_brand":[],"product_cat":[32,91],"product_tag":[],"class_list":{"0":"post-7016","1":"product","2":"type-product","3":"status-publish","4":"has-post-thumbnail","6":"product_cat-nguyen-lieu-pha-che","7":"product_cat-sot","8":"desktop-align-center","9":"tablet-align-center","10":"mobile-align-center","11":"ast-product-gallery-layout-horizontal-slider","12":"ast-product-tabs-layout-horizontal","14":"first","15":"instock","16":"shipping-taxable","17":"product-type-simple"},"yoast_head":"<!-- This site is optimized with the Yoast SEO plugin v27.2 - https:\/\/yoast.com\/product\/yoast-seo-wordpress\/ -->\n<title>S\u1ed1t Osterberg Matcha<\/title>\n<meta name=\"description\" content=\"S\u1ed1t Osterberg Matcha s\u1ec7t s\u00e1nh, \u0111\u1eadm h\u01b0\u01a1ng v\u00e0 v\u1ecb tr\u00e0 xanh Matcha, mang l\u1ea1i c\u1ea3m gi\u00e1c tr\u00f2n \u0111\u1ea7y cho m\u00f3n n\u01b0\u1edbc pha ch\u1ebf. Ph\u00f9 h\u1ee3p pha ch\u1ebf v\u00e0 trang tr\u00ed m\u00f3n\" \/>\n<meta name=\"robots\" content=\"index, follow, max-snippet:-1, max-image-preview:large, max-video-preview:-1\" \/>\n<link rel=\"canonical\" href=\"https:\/\/osterberg-quality.vn\/en\/product\/sot-osterberg-matcha\/\" \/>\n<meta property=\"og:locale\" content=\"en_US\" \/>\n<meta property=\"og:type\" content=\"article\" \/>\n<meta property=\"og:title\" content=\"S\u1ed1t Osterberg Matcha\" \/>\n<meta property=\"og:description\" content=\"S\u1ed1t Osterberg Matcha s\u1ec7t s\u00e1nh, \u0111\u1eadm h\u01b0\u01a1ng v\u00e0 v\u1ecb tr\u00e0 xanh Matcha, mang l\u1ea1i c\u1ea3m gi\u00e1c tr\u00f2n \u0111\u1ea7y cho m\u00f3n n\u01b0\u1edbc pha ch\u1ebf. Ph\u00f9 h\u1ee3p pha ch\u1ebf v\u00e0 trang tr\u00ed m\u00f3n\" \/>\n<meta property=\"og:url\" content=\"https:\/\/osterberg-quality.vn\/en\/product\/sot-osterberg-matcha\/\" \/>\n<meta property=\"og:site_name\" content=\"Osterberg | Leading provider of fruit-based beverage and bakery ingredients.\" \/>\n<meta property=\"article:modified_time\" content=\"2026-01-30T03:29:22+00:00\" \/>\n<meta property=\"og:image\" content=\"https:\/\/osterberg-quality.vn\/wp-content\/uploads\/2026\/01\/180479-Matcha-Sauce_25.12.19-front.jpg\" \/>\n\t<meta property=\"og:image:width\" content=\"1934\" \/>\n\t<meta property=\"og:image:height\" content=\"1935\" \/>\n\t<meta property=\"og:image:type\" content=\"image\/jpeg\" \/>\n<meta name=\"twitter:card\" content=\"summary_large_image\" \/>\n<meta name=\"twitter:label1\" content=\"Est. reading time\" \/>\n\t<meta name=\"twitter:data1\" content=\"1 minute\" \/>\n<script type=\"application\/ld+json\" class=\"yoast-schema-graph\">{\"@context\":\"https:\/\/schema.org\",\"@graph\":[{\"@type\":\"WebPage\",\"@id\":\"https:\/\/osterberg-quality.vn\/san-pham\/sot-osterberg-matcha\/\",\"url\":\"https:\/\/osterberg-quality.vn\/san-pham\/sot-osterberg-matcha\/\",\"name\":\"S\u1ed1t Osterberg Matcha\",\"isPartOf\":{\"@id\":\"https:\/\/osterberg-quality.vn\/en\/#website\"},\"primaryImageOfPage\":{\"@id\":\"https:\/\/osterberg-quality.vn\/san-pham\/sot-osterberg-matcha\/#primaryimage\"},\"image\":{\"@id\":\"https:\/\/osterberg-quality.vn\/san-pham\/sot-osterberg-matcha\/#primaryimage\"},\"thumbnailUrl\":\"https:\/\/osterberg-quality.vn\/wp-content\/uploads\/2026\/01\/180479-Matcha-Sauce_25.12.19-front.jpg\",\"datePublished\":\"2026-01-30T03:21:00+00:00\",\"dateModified\":\"2026-01-30T03:29:22+00:00\",\"description\":\"S\u1ed1t Osterberg Matcha s\u1ec7t s\u00e1nh, \u0111\u1eadm h\u01b0\u01a1ng v\u00e0 v\u1ecb tr\u00e0 xanh Matcha, mang l\u1ea1i c\u1ea3m gi\u00e1c tr\u00f2n \u0111\u1ea7y cho m\u00f3n n\u01b0\u1edbc pha ch\u1ebf. Ph\u00f9 h\u1ee3p pha ch\u1ebf v\u00e0 trang tr\u00ed m\u00f3n\",\"breadcrumb\":{\"@id\":\"https:\/\/osterberg-quality.vn\/san-pham\/sot-osterberg-matcha\/#breadcrumb\"},\"inLanguage\":\"en-US\",\"potentialAction\":[{\"@type\":\"ReadAction\",\"target\":[\"https:\/\/osterberg-quality.vn\/san-pham\/sot-osterberg-matcha\/\"]}]},{\"@type\":\"ImageObject\",\"inLanguage\":\"en-US\",\"@id\":\"https:\/\/osterberg-quality.vn\/san-pham\/sot-osterberg-matcha\/#primaryimage\",\"url\":\"https:\/\/osterberg-quality.vn\/wp-content\/uploads\/2026\/01\/180479-Matcha-Sauce_25.12.19-front.jpg\",\"contentUrl\":\"https:\/\/osterberg-quality.vn\/wp-content\/uploads\/2026\/01\/180479-Matcha-Sauce_25.12.19-front.jpg\",\"width\":1934,\"height\":1935},{\"@type\":\"BreadcrumbList\",\"@id\":\"https:\/\/osterberg-quality.vn\/san-pham\/sot-osterberg-matcha\/#breadcrumb\",\"itemListElement\":[{\"@type\":\"ListItem\",\"position\":1,\"name\":\"Trang ch\u1ee7\",\"item\":\"https:\/\/osterberg-quality.vn\/\"},{\"@type\":\"ListItem\",\"position\":2,\"name\":\"C\u1eeda h\u00e0ng\",\"item\":\"https:\/\/osterberg-quality.vn\/cua-hang\/\"},{\"@type\":\"ListItem\",\"position\":3,\"name\":\"S\u1ed1t Osterberg Matcha\"}]},{\"@type\":\"WebSite\",\"@id\":\"https:\/\/osterberg-quality.vn\/en\/#website\",\"url\":\"https:\/\/osterberg-quality.vn\/en\/\",\"name\":\"Osterberg | Leading provider of fruit-based beverage and bakery ingredients.\",\"description\":\"Leading provider of fruit-based beverage and bakery ingredients.\",\"publisher\":{\"@id\":\"https:\/\/osterberg-quality.vn\/en\/#organization\"},\"potentialAction\":[{\"@type\":\"SearchAction\",\"target\":{\"@type\":\"EntryPoint\",\"urlTemplate\":\"https:\/\/osterberg-quality.vn\/en\/?s={search_term_string}\"},\"query-input\":{\"@type\":\"PropertyValueSpecification\",\"valueRequired\":true,\"valueName\":\"search_term_string\"}}],\"inLanguage\":\"en-US\"},{\"@type\":\"Organization\",\"@id\":\"https:\/\/osterberg-quality.vn\/en\/#organization\",\"name\":\"Osterberg | Leading provider of fruit-based beverage and bakery ingredients.\",\"url\":\"https:\/\/osterberg-quality.vn\/en\/\",\"logo\":{\"@type\":\"ImageObject\",\"inLanguage\":\"en-US\",\"@id\":\"https:\/\/osterberg-quality.vn\/en\/#\/schema\/logo\/image\/\",\"url\":\"https:\/\/osterberg-quality.vn\/wp-content\/uploads\/2021\/10\/logo.png\",\"contentUrl\":\"https:\/\/osterberg-quality.vn\/wp-content\/uploads\/2021\/10\/logo.png\",\"width\":301,\"height\":167,\"caption\":\"Osterberg | Leading provider of fruit-based beverage and bakery ingredients.\"},\"image\":{\"@id\":\"https:\/\/osterberg-quality.vn\/en\/#\/schema\/logo\/image\/\"}}]}<\/script>\n<!-- \/ Yoast SEO plugin. -->","yoast_head_json":{"title":"S\u1ed1t Osterberg Matcha","description":"S\u1ed1t Osterberg Matcha s\u1ec7t s\u00e1nh, \u0111\u1eadm h\u01b0\u01a1ng v\u00e0 v\u1ecb tr\u00e0 xanh Matcha, mang l\u1ea1i c\u1ea3m gi\u00e1c tr\u00f2n \u0111\u1ea7y cho m\u00f3n n\u01b0\u1edbc pha ch\u1ebf. Ph\u00f9 h\u1ee3p pha ch\u1ebf v\u00e0 trang tr\u00ed m\u00f3n","robots":{"index":"index","follow":"follow","max-snippet":"max-snippet:-1","max-image-preview":"max-image-preview:large","max-video-preview":"max-video-preview:-1"},"canonical":"https:\/\/osterberg-quality.vn\/en\/product\/sot-osterberg-matcha\/","og_locale":"en_US","og_type":"article","og_title":"S\u1ed1t Osterberg Matcha","og_description":"S\u1ed1t Osterberg Matcha s\u1ec7t s\u00e1nh, \u0111\u1eadm h\u01b0\u01a1ng v\u00e0 v\u1ecb tr\u00e0 xanh Matcha, mang l\u1ea1i c\u1ea3m gi\u00e1c tr\u00f2n \u0111\u1ea7y cho m\u00f3n n\u01b0\u1edbc pha ch\u1ebf. Ph\u00f9 h\u1ee3p pha ch\u1ebf v\u00e0 trang tr\u00ed m\u00f3n","og_url":"https:\/\/osterberg-quality.vn\/en\/product\/sot-osterberg-matcha\/","og_site_name":"Osterberg | Leading provider of fruit-based beverage and bakery ingredients.","article_modified_time":"2026-01-30T03:29:22+00:00","og_image":[{"width":1934,"height":1935,"url":"https:\/\/osterberg-quality.vn\/wp-content\/uploads\/2026\/01\/180479-Matcha-Sauce_25.12.19-front.jpg","type":"image\/jpeg"}],"twitter_card":"summary_large_image","twitter_misc":{"Est. reading time":"1 minute"},"schema":{"@context":"https:\/\/schema.org","@graph":[{"@type":"WebPage","@id":"https:\/\/osterberg-quality.vn\/san-pham\/sot-osterberg-matcha\/","url":"https:\/\/osterberg-quality.vn\/san-pham\/sot-osterberg-matcha\/","name":"S\u1ed1t Osterberg Matcha","isPartOf":{"@id":"https:\/\/osterberg-quality.vn\/en\/#website"},"primaryImageOfPage":{"@id":"https:\/\/osterberg-quality.vn\/san-pham\/sot-osterberg-matcha\/#primaryimage"},"image":{"@id":"https:\/\/osterberg-quality.vn\/san-pham\/sot-osterberg-matcha\/#primaryimage"},"thumbnailUrl":"https:\/\/osterberg-quality.vn\/wp-content\/uploads\/2026\/01\/180479-Matcha-Sauce_25.12.19-front.jpg","datePublished":"2026-01-30T03:21:00+00:00","dateModified":"2026-01-30T03:29:22+00:00","description":"S\u1ed1t Osterberg Matcha s\u1ec7t s\u00e1nh, \u0111\u1eadm h\u01b0\u01a1ng v\u00e0 v\u1ecb tr\u00e0 xanh Matcha, mang l\u1ea1i c\u1ea3m gi\u00e1c tr\u00f2n \u0111\u1ea7y cho m\u00f3n n\u01b0\u1edbc pha ch\u1ebf. Ph\u00f9 h\u1ee3p pha ch\u1ebf v\u00e0 trang tr\u00ed m\u00f3n","breadcrumb":{"@id":"https:\/\/osterberg-quality.vn\/san-pham\/sot-osterberg-matcha\/#breadcrumb"},"inLanguage":"en-US","potentialAction":[{"@type":"ReadAction","target":["https:\/\/osterberg-quality.vn\/san-pham\/sot-osterberg-matcha\/"]}]},{"@type":"ImageObject","inLanguage":"en-US","@id":"https:\/\/osterberg-quality.vn\/san-pham\/sot-osterberg-matcha\/#primaryimage","url":"https:\/\/osterberg-quality.vn\/wp-content\/uploads\/2026\/01\/180479-Matcha-Sauce_25.12.19-front.jpg","contentUrl":"https:\/\/osterberg-quality.vn\/wp-content\/uploads\/2026\/01\/180479-Matcha-Sauce_25.12.19-front.jpg","width":1934,"height":1935},{"@type":"BreadcrumbList","@id":"https:\/\/osterberg-quality.vn\/san-pham\/sot-osterberg-matcha\/#breadcrumb","itemListElement":[{"@type":"ListItem","position":1,"name":"Trang ch\u1ee7","item":"https:\/\/osterberg-quality.vn\/"},{"@type":"ListItem","position":2,"name":"C\u1eeda h\u00e0ng","item":"https:\/\/osterberg-quality.vn\/cua-hang\/"},{"@type":"ListItem","position":3,"name":"S\u1ed1t Osterberg Matcha"}]},{"@type":"WebSite","@id":"https:\/\/osterberg-quality.vn\/en\/#website","url":"https:\/\/osterberg-quality.vn\/en\/","name":"Osterberg | Leading provider of fruit-based beverage and bakery ingredients.","description":"Leading provider of fruit-based beverage and bakery ingredients.","publisher":{"@id":"https:\/\/osterberg-quality.vn\/en\/#organization"},"potentialAction":[{"@type":"SearchAction","target":{"@type":"EntryPoint","urlTemplate":"https:\/\/osterberg-quality.vn\/en\/?s={search_term_string}"},"query-input":{"@type":"PropertyValueSpecification","valueRequired":true,"valueName":"search_term_string"}}],"inLanguage":"en-US"},{"@type":"Organization","@id":"https:\/\/osterberg-quality.vn\/en\/#organization","name":"Osterberg | Leading provider of fruit-based beverage and bakery ingredients.","url":"https:\/\/osterberg-quality.vn\/en\/","logo":{"@type":"ImageObject","inLanguage":"en-US","@id":"https:\/\/osterberg-quality.vn\/en\/#\/schema\/logo\/image\/","url":"https:\/\/osterberg-quality.vn\/wp-content\/uploads\/2021\/10\/logo.png","contentUrl":"https:\/\/osterberg-quality.vn\/wp-content\/uploads\/2021\/10\/logo.png","width":301,"height":167,"caption":"Osterberg | Leading provider of fruit-based beverage and bakery ingredients."},"image":{"@id":"https:\/\/osterberg-quality.vn\/en\/#\/schema\/logo\/image\/"}}]}},"_links":{"self":[{"href":"https:\/\/osterberg-quality.vn\/en\/wp-json\/wp\/v2\/product\/7016","targetHints":{"allow":["GET"]}}],"collection":[{"href":"https:\/\/osterberg-quality.vn\/en\/wp-json\/wp\/v2\/product"}],"about":[{"href":"https:\/\/osterberg-quality.vn\/en\/wp-json\/wp\/v2\/types\/product"}],"replies":[{"embeddable":true,"href":"https:\/\/osterberg-quality.vn\/en\/wp-json\/wp\/v2\/comments?post=7016"}],"version-history":[{"count":0,"href":"https:\/\/osterberg-quality.vn\/en\/wp-json\/wp\/v2\/product\/7016\/revisions"}],"wp:featuredmedia":[{"embeddable":true,"href":"https:\/\/osterberg-quality.vn\/en\/wp-json\/wp\/v2\/media\/7018"}],"wp:attachment":[{"href":"https:\/\/osterberg-quality.vn\/en\/wp-json\/wp\/v2\/media?parent=7016"}],"wp:term":[{"taxonomy":"product_brand","embeddable":true,"href":"https:\/\/osterberg-quality.vn\/en\/wp-json\/wp\/v2\/product_brand?post=7016"},{"taxonomy":"product_cat","embeddable":true,"href":"https:\/\/osterberg-quality.vn\/en\/wp-json\/wp\/v2\/product_cat?post=7016"},{"taxonomy":"product_tag","embeddable":true,"href":"https:\/\/osterberg-quality.vn\/en\/wp-json\/wp\/v2\/product_tag?post=7016"}],"curies":[{"name":"wp","href":"https:\/\/api.w.org\/{rel}","templated":true}]}}