{"id":6851,"date":"2025-12-09T11:49:52","date_gmt":"2025-12-09T04:49:52","guid":{"rendered":"https:\/\/osterberg-quality.vn\/?post_type=product&#038;p=6851"},"modified":"2025-12-09T11:52:39","modified_gmt":"2025-12-09T04:52:39","slug":"thach-tran-chau-osterberg-me","status":"publish","type":"product","link":"https:\/\/osterberg-quality.vn\/en\/product\/thach-tran-chau-osterberg-me\/","title":{"rendered":"Osterberg Tamarind Konjac Balls"},"content":{"rendered":"<p>Osterberg Tamarind Konjac Balls is an ideal topping, bringing a more interesting and stimulating feeling to your drink.<\/p>","protected":false},"excerpt":{"rendered":"<p>Osterberg Tamarind Konjac Balls is an ideal topping, bringing a more interesting and stimulating feeling to your drink.<\/p>","protected":false},"featured_media":6237,"comment_status":"open","ping_status":"closed","template":"","meta":{"site-sidebar-layout":"default","site-content-layout":"default","ast-global-header-display":"","ast-main-header-display":"","ast-hfb-above-header-display":"","ast-hfb-below-header-display":"","ast-hfb-mobile-header-display":"","site-post-title":"","ast-breadcrumbs-content":"","ast-featured-img":"","footer-sml-layout":"","theme-transparent-header-meta":"default","adv-header-id-meta":"","stick-header-meta":"default","header-above-stick-meta":"","header-main-stick-meta":"","header-below-stick-meta":""},"product_brand":[],"product_cat":[32,108],"product_tag":[],"class_list":{"0":"post-6851","1":"product","2":"type-product","3":"status-publish","4":"has-post-thumbnail","6":"product_cat-nguyen-lieu-pha-che","7":"product_cat-thach-tran-chau","8":"desktop-align-center","9":"tablet-align-center","10":"mobile-align-center","11":"ast-product-gallery-layout-horizontal-slider","12":"ast-product-tabs-layout-horizontal","14":"first","15":"instock","16":"shipping-taxable","17":"product-type-simple"},"yoast_head":"<!-- This site is optimized with the Yoast SEO plugin v27.2 - https:\/\/yoast.com\/product\/yoast-seo-wordpress\/ -->\n<title>Th\u1ea1ch tr\u00e2n ch\u00e2u Osterberg Me<\/title>\n<meta name=\"description\" content=\"Th\u1ea1ch tr\u00e2n ch\u00e2u Osterberg Me l\u00fd t\u01b0\u1edfng \u0111\u1ec3 l\u00e0m topping, mang l\u1ea1i c\u1ea3m gi\u00e1c th\u00fa v\u1ecb, k\u00edch th\u00edch v\u1ecb gi\u00e1c h\u01a1n cho m\u00f3n u\u1ed1ng c\u1ee7a b\u1ea1n\" \/>\n<meta name=\"robots\" content=\"index, follow, max-snippet:-1, max-image-preview:large, max-video-preview:-1\" \/>\n<link rel=\"canonical\" href=\"https:\/\/osterberg-quality.vn\/en\/product\/thach-tran-chau-osterberg-me\/\" \/>\n<meta property=\"og:locale\" content=\"en_US\" \/>\n<meta property=\"og:type\" content=\"article\" \/>\n<meta property=\"og:title\" content=\"Th\u1ea1ch tr\u00e2n ch\u00e2u Osterberg Me\" \/>\n<meta property=\"og:description\" content=\"Th\u1ea1ch tr\u00e2n ch\u00e2u Osterberg Me l\u00fd t\u01b0\u1edfng \u0111\u1ec3 l\u00e0m topping, mang l\u1ea1i c\u1ea3m gi\u00e1c th\u00fa v\u1ecb, k\u00edch th\u00edch v\u1ecb gi\u00e1c h\u01a1n cho m\u00f3n u\u1ed1ng c\u1ee7a b\u1ea1n\" \/>\n<meta property=\"og:url\" content=\"https:\/\/osterberg-quality.vn\/en\/product\/thach-tran-chau-osterberg-me\/\" \/>\n<meta property=\"og:site_name\" content=\"Osterberg | Leading provider of fruit-based beverage and bakery ingredients.\" \/>\n<meta property=\"article:modified_time\" content=\"2025-12-09T04:52:39+00:00\" \/>\n<meta property=\"og:image\" content=\"https:\/\/osterberg-quality.vn\/wp-content\/uploads\/2025\/12\/Osterberg-tamarind-konjac-balls.png\" \/>\n\t<meta property=\"og:image:width\" content=\"900\" \/>\n\t<meta property=\"og:image:height\" content=\"900\" \/>\n\t<meta property=\"og:image:type\" content=\"image\/png\" \/>\n<meta name=\"twitter:card\" content=\"summary_large_image\" \/>\n<meta name=\"twitter:label1\" content=\"Est. reading time\" \/>\n\t<meta name=\"twitter:data1\" content=\"1 minute\" \/>\n<script type=\"application\/ld+json\" class=\"yoast-schema-graph\">{\"@context\":\"https:\/\/schema.org\",\"@graph\":[{\"@type\":\"WebPage\",\"@id\":\"https:\/\/osterberg-quality.vn\/san-pham\/thach-tran-chau-osterberg-me\/\",\"url\":\"https:\/\/osterberg-quality.vn\/san-pham\/thach-tran-chau-osterberg-me\/\",\"name\":\"Th\u1ea1ch tr\u00e2n ch\u00e2u Osterberg Me\",\"isPartOf\":{\"@id\":\"https:\/\/osterberg-quality.vn\/en\/#website\"},\"primaryImageOfPage\":{\"@id\":\"https:\/\/osterberg-quality.vn\/san-pham\/thach-tran-chau-osterberg-me\/#primaryimage\"},\"image\":{\"@id\":\"https:\/\/osterberg-quality.vn\/san-pham\/thach-tran-chau-osterberg-me\/#primaryimage\"},\"thumbnailUrl\":\"https:\/\/osterberg-quality.vn\/wp-content\/uploads\/2025\/12\/Osterberg-tamarind-konjac-balls.png\",\"datePublished\":\"2025-12-09T04:49:52+00:00\",\"dateModified\":\"2025-12-09T04:52:39+00:00\",\"description\":\"Th\u1ea1ch tr\u00e2n ch\u00e2u Osterberg Me l\u00fd t\u01b0\u1edfng \u0111\u1ec3 l\u00e0m topping, mang l\u1ea1i c\u1ea3m gi\u00e1c th\u00fa v\u1ecb, k\u00edch th\u00edch v\u1ecb gi\u00e1c h\u01a1n cho m\u00f3n u\u1ed1ng c\u1ee7a b\u1ea1n\",\"breadcrumb\":{\"@id\":\"https:\/\/osterberg-quality.vn\/san-pham\/thach-tran-chau-osterberg-me\/#breadcrumb\"},\"inLanguage\":\"en-US\",\"potentialAction\":[{\"@type\":\"ReadAction\",\"target\":[\"https:\/\/osterberg-quality.vn\/san-pham\/thach-tran-chau-osterberg-me\/\"]}]},{\"@type\":\"ImageObject\",\"inLanguage\":\"en-US\",\"@id\":\"https:\/\/osterberg-quality.vn\/san-pham\/thach-tran-chau-osterberg-me\/#primaryimage\",\"url\":\"https:\/\/osterberg-quality.vn\/wp-content\/uploads\/2025\/12\/Osterberg-tamarind-konjac-balls.png\",\"contentUrl\":\"https:\/\/osterberg-quality.vn\/wp-content\/uploads\/2025\/12\/Osterberg-tamarind-konjac-balls.png\",\"width\":900,\"height\":900},{\"@type\":\"BreadcrumbList\",\"@id\":\"https:\/\/osterberg-quality.vn\/san-pham\/thach-tran-chau-osterberg-me\/#breadcrumb\",\"itemListElement\":[{\"@type\":\"ListItem\",\"position\":1,\"name\":\"Trang ch\u1ee7\",\"item\":\"https:\/\/osterberg-quality.vn\/\"},{\"@type\":\"ListItem\",\"position\":2,\"name\":\"C\u1eeda h\u00e0ng\",\"item\":\"https:\/\/osterberg-quality.vn\/cua-hang\/\"},{\"@type\":\"ListItem\",\"position\":3,\"name\":\"Th\u1ea1ch tr\u00e2n ch\u00e2u Osterberg Me\"}]},{\"@type\":\"WebSite\",\"@id\":\"https:\/\/osterberg-quality.vn\/en\/#website\",\"url\":\"https:\/\/osterberg-quality.vn\/en\/\",\"name\":\"Osterberg | Leading provider of fruit-based beverage and bakery ingredients.\",\"description\":\"Leading provider of fruit-based beverage and bakery ingredients.\",\"publisher\":{\"@id\":\"https:\/\/osterberg-quality.vn\/en\/#organization\"},\"potentialAction\":[{\"@type\":\"SearchAction\",\"target\":{\"@type\":\"EntryPoint\",\"urlTemplate\":\"https:\/\/osterberg-quality.vn\/en\/?s={search_term_string}\"},\"query-input\":{\"@type\":\"PropertyValueSpecification\",\"valueRequired\":true,\"valueName\":\"search_term_string\"}}],\"inLanguage\":\"en-US\"},{\"@type\":\"Organization\",\"@id\":\"https:\/\/osterberg-quality.vn\/en\/#organization\",\"name\":\"Osterberg | Leading provider of fruit-based beverage and bakery ingredients.\",\"url\":\"https:\/\/osterberg-quality.vn\/en\/\",\"logo\":{\"@type\":\"ImageObject\",\"inLanguage\":\"en-US\",\"@id\":\"https:\/\/osterberg-quality.vn\/en\/#\/schema\/logo\/image\/\",\"url\":\"https:\/\/osterberg-quality.vn\/wp-content\/uploads\/2021\/10\/logo.png\",\"contentUrl\":\"https:\/\/osterberg-quality.vn\/wp-content\/uploads\/2021\/10\/logo.png\",\"width\":301,\"height\":167,\"caption\":\"Osterberg | Leading provider of fruit-based beverage and bakery ingredients.\"},\"image\":{\"@id\":\"https:\/\/osterberg-quality.vn\/en\/#\/schema\/logo\/image\/\"}}]}<\/script>\n<!-- \/ Yoast SEO plugin. -->","yoast_head_json":{"title":"Osterberg Tamarind Konjac Balls","description":"Osterberg Tamarind Konjac Balls is an ideal topping, bringing a more interesting and stimulating feeling to your drink.","robots":{"index":"index","follow":"follow","max-snippet":"max-snippet:-1","max-image-preview":"max-image-preview:large","max-video-preview":"max-video-preview:-1"},"canonical":"https:\/\/osterberg-quality.vn\/en\/product\/thach-tran-chau-osterberg-me\/","og_locale":"en_US","og_type":"article","og_title":"Th\u1ea1ch tr\u00e2n ch\u00e2u Osterberg Me","og_description":"Th\u1ea1ch tr\u00e2n ch\u00e2u Osterberg Me l\u00fd t\u01b0\u1edfng \u0111\u1ec3 l\u00e0m topping, mang l\u1ea1i c\u1ea3m gi\u00e1c th\u00fa v\u1ecb, k\u00edch th\u00edch v\u1ecb gi\u00e1c h\u01a1n cho m\u00f3n u\u1ed1ng c\u1ee7a b\u1ea1n","og_url":"https:\/\/osterberg-quality.vn\/en\/product\/thach-tran-chau-osterberg-me\/","og_site_name":"Osterberg | Leading provider of fruit-based beverage and bakery ingredients.","article_modified_time":"2025-12-09T04:52:39+00:00","og_image":[{"width":900,"height":900,"url":"https:\/\/osterberg-quality.vn\/wp-content\/uploads\/2025\/12\/Osterberg-tamarind-konjac-balls.png","type":"image\/png"}],"twitter_card":"summary_large_image","twitter_misc":{"Est. reading time":"1 minute"},"schema":{"@context":"https:\/\/schema.org","@graph":[{"@type":"WebPage","@id":"https:\/\/osterberg-quality.vn\/san-pham\/thach-tran-chau-osterberg-me\/","url":"https:\/\/osterberg-quality.vn\/san-pham\/thach-tran-chau-osterberg-me\/","name":"Osterberg Tamarind Konjac Balls","isPartOf":{"@id":"https:\/\/osterberg-quality.vn\/en\/#website"},"primaryImageOfPage":{"@id":"https:\/\/osterberg-quality.vn\/san-pham\/thach-tran-chau-osterberg-me\/#primaryimage"},"image":{"@id":"https:\/\/osterberg-quality.vn\/san-pham\/thach-tran-chau-osterberg-me\/#primaryimage"},"thumbnailUrl":"https:\/\/osterberg-quality.vn\/wp-content\/uploads\/2025\/12\/Osterberg-tamarind-konjac-balls.png","datePublished":"2025-12-09T04:49:52+00:00","dateModified":"2025-12-09T04:52:39+00:00","description":"Osterberg Tamarind Konjac Balls is an ideal topping, bringing a more interesting and stimulating feeling to your drink.","breadcrumb":{"@id":"https:\/\/osterberg-quality.vn\/san-pham\/thach-tran-chau-osterberg-me\/#breadcrumb"},"inLanguage":"en-US","potentialAction":[{"@type":"ReadAction","target":["https:\/\/osterberg-quality.vn\/san-pham\/thach-tran-chau-osterberg-me\/"]}]},{"@type":"ImageObject","inLanguage":"en-US","@id":"https:\/\/osterberg-quality.vn\/san-pham\/thach-tran-chau-osterberg-me\/#primaryimage","url":"https:\/\/osterberg-quality.vn\/wp-content\/uploads\/2025\/12\/Osterberg-tamarind-konjac-balls.png","contentUrl":"https:\/\/osterberg-quality.vn\/wp-content\/uploads\/2025\/12\/Osterberg-tamarind-konjac-balls.png","width":900,"height":900},{"@type":"BreadcrumbList","@id":"https:\/\/osterberg-quality.vn\/san-pham\/thach-tran-chau-osterberg-me\/#breadcrumb","itemListElement":[{"@type":"ListItem","position":1,"name":"Trang ch\u1ee7","item":"https:\/\/osterberg-quality.vn\/"},{"@type":"ListItem","position":2,"name":"C\u1eeda h\u00e0ng","item":"https:\/\/osterberg-quality.vn\/cua-hang\/"},{"@type":"ListItem","position":3,"name":"Th\u1ea1ch tr\u00e2n ch\u00e2u Osterberg Me"}]},{"@type":"WebSite","@id":"https:\/\/osterberg-quality.vn\/en\/#website","url":"https:\/\/osterberg-quality.vn\/en\/","name":"Osterberg | Leading provider of fruit-based beverage and bakery ingredients.","description":"Leading provider of fruit-based beverage and bakery ingredients.","publisher":{"@id":"https:\/\/osterberg-quality.vn\/en\/#organization"},"potentialAction":[{"@type":"SearchAction","target":{"@type":"EntryPoint","urlTemplate":"https:\/\/osterberg-quality.vn\/en\/?s={search_term_string}"},"query-input":{"@type":"PropertyValueSpecification","valueRequired":true,"valueName":"search_term_string"}}],"inLanguage":"en-US"},{"@type":"Organization","@id":"https:\/\/osterberg-quality.vn\/en\/#organization","name":"Osterberg | Leading provider of fruit-based beverage and bakery ingredients.","url":"https:\/\/osterberg-quality.vn\/en\/","logo":{"@type":"ImageObject","inLanguage":"en-US","@id":"https:\/\/osterberg-quality.vn\/en\/#\/schema\/logo\/image\/","url":"https:\/\/osterberg-quality.vn\/wp-content\/uploads\/2021\/10\/logo.png","contentUrl":"https:\/\/osterberg-quality.vn\/wp-content\/uploads\/2021\/10\/logo.png","width":301,"height":167,"caption":"Osterberg | Leading provider of fruit-based beverage and bakery ingredients."},"image":{"@id":"https:\/\/osterberg-quality.vn\/en\/#\/schema\/logo\/image\/"}}]}},"_links":{"self":[{"href":"https:\/\/osterberg-quality.vn\/en\/wp-json\/wp\/v2\/product\/6851","targetHints":{"allow":["GET"]}}],"collection":[{"href":"https:\/\/osterberg-quality.vn\/en\/wp-json\/wp\/v2\/product"}],"about":[{"href":"https:\/\/osterberg-quality.vn\/en\/wp-json\/wp\/v2\/types\/product"}],"replies":[{"embeddable":true,"href":"https:\/\/osterberg-quality.vn\/en\/wp-json\/wp\/v2\/comments?post=6851"}],"version-history":[{"count":0,"href":"https:\/\/osterberg-quality.vn\/en\/wp-json\/wp\/v2\/product\/6851\/revisions"}],"wp:featuredmedia":[{"embeddable":true,"href":"https:\/\/osterberg-quality.vn\/en\/wp-json\/wp\/v2\/media\/6237"}],"wp:attachment":[{"href":"https:\/\/osterberg-quality.vn\/en\/wp-json\/wp\/v2\/media?parent=6851"}],"wp:term":[{"taxonomy":"product_brand","embeddable":true,"href":"https:\/\/osterberg-quality.vn\/en\/wp-json\/wp\/v2\/product_brand?post=6851"},{"taxonomy":"product_cat","embeddable":true,"href":"https:\/\/osterberg-quality.vn\/en\/wp-json\/wp\/v2\/product_cat?post=6851"},{"taxonomy":"product_tag","embeddable":true,"href":"https:\/\/osterberg-quality.vn\/en\/wp-json\/wp\/v2\/product_tag?post=6851"}],"curies":[{"name":"wp","href":"https:\/\/api.w.org\/{rel}","templated":true}]}}