{"id":6278,"date":"2025-12-02T17:03:42","date_gmt":"2025-12-02T10:03:42","guid":{"rendered":"https:\/\/osterberg-quality.vn\/?post_type=product&#038;p=6278"},"modified":"2025-12-02T17:07:23","modified_gmt":"2025-12-02T10:07:23","slug":"sinh-to-trai-cay-osterberg-premium-chanh-day","status":"publish","type":"product","link":"https:\/\/osterberg-quality.vn\/en\/product\/sinh-to-trai-cay-osterberg-premium-chanh-day\/","title":{"rendered":"Osterberg Passion Fruit Premium Fruit Crush"},"content":{"rendered":"","protected":false},"excerpt":{"rendered":"","protected":false},"featured_media":6269,"comment_status":"open","ping_status":"closed","template":"","meta":{"site-sidebar-layout":"default","site-content-layout":"default","ast-global-header-display":"","ast-main-header-display":"","ast-hfb-above-header-display":"","ast-hfb-below-header-display":"","ast-hfb-mobile-header-display":"","site-post-title":"","ast-breadcrumbs-content":"","ast-featured-img":"","footer-sml-layout":"","theme-transparent-header-meta":"default","adv-header-id-meta":"","stick-header-meta":"default","header-above-stick-meta":"","header-main-stick-meta":"","header-below-stick-meta":""},"product_brand":[],"product_cat":[32,106],"product_tag":[],"class_list":{"0":"post-6278","1":"product","2":"type-product","3":"status-publish","4":"has-post-thumbnail","6":"product_cat-nguyen-lieu-pha-che","7":"product_cat-sinh-to-trai-cay-premium","8":"desktop-align-center","9":"tablet-align-center","10":"mobile-align-center","11":"ast-product-gallery-layout-horizontal-slider","12":"ast-product-tabs-layout-horizontal","14":"first","15":"instock","16":"shipping-taxable","17":"product-type-simple"},"yoast_head":"<!-- This site is optimized with the Yoast SEO plugin v27.2 - https:\/\/yoast.com\/product\/yoast-seo-wordpress\/ -->\n<title>Sinh t\u1ed1 tr\u00e1i c\u00e2y Osterberg Premium Chanh d\u00e2y<\/title>\n<meta name=\"robots\" content=\"index, follow, max-snippet:-1, max-image-preview:large, max-video-preview:-1\" \/>\n<link rel=\"canonical\" href=\"https:\/\/osterberg-quality.vn\/en\/product\/sinh-to-trai-cay-osterberg-premium-chanh-day\/\" \/>\n<meta property=\"og:locale\" content=\"en_US\" \/>\n<meta property=\"og:type\" content=\"article\" \/>\n<meta property=\"og:title\" content=\"Sinh t\u1ed1 tr\u00e1i c\u00e2y Osterberg Premium Chanh d\u00e2y\" \/>\n<meta property=\"og:url\" content=\"https:\/\/osterberg-quality.vn\/en\/product\/sinh-to-trai-cay-osterberg-premium-chanh-day\/\" \/>\n<meta property=\"og:site_name\" content=\"Osterberg | Leading provider of fruit-based beverage and bakery ingredients.\" \/>\n<meta property=\"article:modified_time\" content=\"2025-12-02T10:07:23+00:00\" \/>\n<meta property=\"og:image\" content=\"https:\/\/osterberg-quality.vn\/wp-content\/uploads\/2025\/12\/Osterberg-passionfruit-premium-fruit-crush-1000px-1.jpg\" \/>\n\t<meta property=\"og:image:width\" content=\"950\" \/>\n\t<meta property=\"og:image:height\" content=\"950\" \/>\n\t<meta property=\"og:image:type\" content=\"image\/jpeg\" \/>\n<meta name=\"twitter:card\" content=\"summary_large_image\" \/>\n<meta name=\"twitter:label1\" content=\"Est. reading time\" \/>\n\t<meta name=\"twitter:data1\" content=\"1 minute\" \/>\n<script type=\"application\/ld+json\" class=\"yoast-schema-graph\">{\"@context\":\"https:\/\/schema.org\",\"@graph\":[{\"@type\":\"WebPage\",\"@id\":\"https:\/\/osterberg-quality.vn\/san-pham\/sinh-to-trai-cay-osterberg-premium-chanh-day\/\",\"url\":\"https:\/\/osterberg-quality.vn\/san-pham\/sinh-to-trai-cay-osterberg-premium-chanh-day\/\",\"name\":\"Sinh t\u1ed1 tr\u00e1i c\u00e2y Osterberg Premium Chanh d\u00e2y\",\"isPartOf\":{\"@id\":\"https:\/\/osterberg-quality.vn\/en\/#website\"},\"primaryImageOfPage\":{\"@id\":\"https:\/\/osterberg-quality.vn\/san-pham\/sinh-to-trai-cay-osterberg-premium-chanh-day\/#primaryimage\"},\"image\":{\"@id\":\"https:\/\/osterberg-quality.vn\/san-pham\/sinh-to-trai-cay-osterberg-premium-chanh-day\/#primaryimage\"},\"thumbnailUrl\":\"https:\/\/osterberg-quality.vn\/wp-content\/uploads\/2025\/12\/Osterberg-passionfruit-premium-fruit-crush-1000px-1.jpg\",\"datePublished\":\"2025-12-02T10:03:42+00:00\",\"dateModified\":\"2025-12-02T10:07:23+00:00\",\"breadcrumb\":{\"@id\":\"https:\/\/osterberg-quality.vn\/san-pham\/sinh-to-trai-cay-osterberg-premium-chanh-day\/#breadcrumb\"},\"inLanguage\":\"en-US\",\"potentialAction\":[{\"@type\":\"ReadAction\",\"target\":[\"https:\/\/osterberg-quality.vn\/san-pham\/sinh-to-trai-cay-osterberg-premium-chanh-day\/\"]}]},{\"@type\":\"ImageObject\",\"inLanguage\":\"en-US\",\"@id\":\"https:\/\/osterberg-quality.vn\/san-pham\/sinh-to-trai-cay-osterberg-premium-chanh-day\/#primaryimage\",\"url\":\"https:\/\/osterberg-quality.vn\/wp-content\/uploads\/2025\/12\/Osterberg-passionfruit-premium-fruit-crush-1000px-1.jpg\",\"contentUrl\":\"https:\/\/osterberg-quality.vn\/wp-content\/uploads\/2025\/12\/Osterberg-passionfruit-premium-fruit-crush-1000px-1.jpg\",\"width\":950,\"height\":950,\"caption\":\"Sinh t\u1ed1 tr\u00e1i c\u00e2y Osterberg Premium Chanh d\u00e2y\"},{\"@type\":\"BreadcrumbList\",\"@id\":\"https:\/\/osterberg-quality.vn\/san-pham\/sinh-to-trai-cay-osterberg-premium-chanh-day\/#breadcrumb\",\"itemListElement\":[{\"@type\":\"ListItem\",\"position\":1,\"name\":\"Trang ch\u1ee7\",\"item\":\"https:\/\/osterberg-quality.vn\/\"},{\"@type\":\"ListItem\",\"position\":2,\"name\":\"C\u1eeda h\u00e0ng\",\"item\":\"https:\/\/osterberg-quality.vn\/cua-hang\/\"},{\"@type\":\"ListItem\",\"position\":3,\"name\":\"Sinh t\u1ed1 tr\u00e1i c\u00e2y Osterberg Premium Chanh d\u00e2y\"}]},{\"@type\":\"WebSite\",\"@id\":\"https:\/\/osterberg-quality.vn\/en\/#website\",\"url\":\"https:\/\/osterberg-quality.vn\/en\/\",\"name\":\"Osterberg | Leading provider of fruit-based beverage and bakery ingredients.\",\"description\":\"Leading provider of fruit-based beverage and bakery ingredients.\",\"publisher\":{\"@id\":\"https:\/\/osterberg-quality.vn\/en\/#organization\"},\"potentialAction\":[{\"@type\":\"SearchAction\",\"target\":{\"@type\":\"EntryPoint\",\"urlTemplate\":\"https:\/\/osterberg-quality.vn\/en\/?s={search_term_string}\"},\"query-input\":{\"@type\":\"PropertyValueSpecification\",\"valueRequired\":true,\"valueName\":\"search_term_string\"}}],\"inLanguage\":\"en-US\"},{\"@type\":\"Organization\",\"@id\":\"https:\/\/osterberg-quality.vn\/en\/#organization\",\"name\":\"Osterberg | Leading provider of fruit-based beverage and bakery ingredients.\",\"url\":\"https:\/\/osterberg-quality.vn\/en\/\",\"logo\":{\"@type\":\"ImageObject\",\"inLanguage\":\"en-US\",\"@id\":\"https:\/\/osterberg-quality.vn\/en\/#\/schema\/logo\/image\/\",\"url\":\"https:\/\/osterberg-quality.vn\/wp-content\/uploads\/2021\/10\/logo.png\",\"contentUrl\":\"https:\/\/osterberg-quality.vn\/wp-content\/uploads\/2021\/10\/logo.png\",\"width\":301,\"height\":167,\"caption\":\"Osterberg | Leading provider of fruit-based beverage and bakery ingredients.\"},\"image\":{\"@id\":\"https:\/\/osterberg-quality.vn\/en\/#\/schema\/logo\/image\/\"}}]}<\/script>\n<!-- \/ Yoast SEO plugin. -->","yoast_head_json":{"title":"Osterberg Passion Fruit Premium Fruit Crush","robots":{"index":"index","follow":"follow","max-snippet":"max-snippet:-1","max-image-preview":"max-image-preview:large","max-video-preview":"max-video-preview:-1"},"canonical":"https:\/\/osterberg-quality.vn\/en\/product\/sinh-to-trai-cay-osterberg-premium-chanh-day\/","og_locale":"en_US","og_type":"article","og_title":"Sinh t\u1ed1 tr\u00e1i c\u00e2y Osterberg Premium Chanh d\u00e2y","og_url":"https:\/\/osterberg-quality.vn\/en\/product\/sinh-to-trai-cay-osterberg-premium-chanh-day\/","og_site_name":"Osterberg | Leading provider of fruit-based beverage and bakery ingredients.","article_modified_time":"2025-12-02T10:07:23+00:00","og_image":[{"width":950,"height":950,"url":"https:\/\/osterberg-quality.vn\/wp-content\/uploads\/2025\/12\/Osterberg-passionfruit-premium-fruit-crush-1000px-1.jpg","type":"image\/jpeg"}],"twitter_card":"summary_large_image","twitter_misc":{"Est. reading time":"1 minute"},"schema":{"@context":"https:\/\/schema.org","@graph":[{"@type":"WebPage","@id":"https:\/\/osterberg-quality.vn\/san-pham\/sinh-to-trai-cay-osterberg-premium-chanh-day\/","url":"https:\/\/osterberg-quality.vn\/san-pham\/sinh-to-trai-cay-osterberg-premium-chanh-day\/","name":"Osterberg Passion Fruit Premium Fruit Crush","isPartOf":{"@id":"https:\/\/osterberg-quality.vn\/en\/#website"},"primaryImageOfPage":{"@id":"https:\/\/osterberg-quality.vn\/san-pham\/sinh-to-trai-cay-osterberg-premium-chanh-day\/#primaryimage"},"image":{"@id":"https:\/\/osterberg-quality.vn\/san-pham\/sinh-to-trai-cay-osterberg-premium-chanh-day\/#primaryimage"},"thumbnailUrl":"https:\/\/osterberg-quality.vn\/wp-content\/uploads\/2025\/12\/Osterberg-passionfruit-premium-fruit-crush-1000px-1.jpg","datePublished":"2025-12-02T10:03:42+00:00","dateModified":"2025-12-02T10:07:23+00:00","breadcrumb":{"@id":"https:\/\/osterberg-quality.vn\/san-pham\/sinh-to-trai-cay-osterberg-premium-chanh-day\/#breadcrumb"},"inLanguage":"en-US","potentialAction":[{"@type":"ReadAction","target":["https:\/\/osterberg-quality.vn\/san-pham\/sinh-to-trai-cay-osterberg-premium-chanh-day\/"]}]},{"@type":"ImageObject","inLanguage":"en-US","@id":"https:\/\/osterberg-quality.vn\/san-pham\/sinh-to-trai-cay-osterberg-premium-chanh-day\/#primaryimage","url":"https:\/\/osterberg-quality.vn\/wp-content\/uploads\/2025\/12\/Osterberg-passionfruit-premium-fruit-crush-1000px-1.jpg","contentUrl":"https:\/\/osterberg-quality.vn\/wp-content\/uploads\/2025\/12\/Osterberg-passionfruit-premium-fruit-crush-1000px-1.jpg","width":950,"height":950,"caption":"Sinh t\u1ed1 tr\u00e1i c\u00e2y Osterberg Premium Chanh d\u00e2y"},{"@type":"BreadcrumbList","@id":"https:\/\/osterberg-quality.vn\/san-pham\/sinh-to-trai-cay-osterberg-premium-chanh-day\/#breadcrumb","itemListElement":[{"@type":"ListItem","position":1,"name":"Trang ch\u1ee7","item":"https:\/\/osterberg-quality.vn\/"},{"@type":"ListItem","position":2,"name":"C\u1eeda h\u00e0ng","item":"https:\/\/osterberg-quality.vn\/cua-hang\/"},{"@type":"ListItem","position":3,"name":"Sinh t\u1ed1 tr\u00e1i c\u00e2y Osterberg Premium Chanh d\u00e2y"}]},{"@type":"WebSite","@id":"https:\/\/osterberg-quality.vn\/en\/#website","url":"https:\/\/osterberg-quality.vn\/en\/","name":"Osterberg | Leading provider of fruit-based beverage and bakery ingredients.","description":"Leading provider of fruit-based beverage and bakery ingredients.","publisher":{"@id":"https:\/\/osterberg-quality.vn\/en\/#organization"},"potentialAction":[{"@type":"SearchAction","target":{"@type":"EntryPoint","urlTemplate":"https:\/\/osterberg-quality.vn\/en\/?s={search_term_string}"},"query-input":{"@type":"PropertyValueSpecification","valueRequired":true,"valueName":"search_term_string"}}],"inLanguage":"en-US"},{"@type":"Organization","@id":"https:\/\/osterberg-quality.vn\/en\/#organization","name":"Osterberg | Leading provider of fruit-based beverage and bakery ingredients.","url":"https:\/\/osterberg-quality.vn\/en\/","logo":{"@type":"ImageObject","inLanguage":"en-US","@id":"https:\/\/osterberg-quality.vn\/en\/#\/schema\/logo\/image\/","url":"https:\/\/osterberg-quality.vn\/wp-content\/uploads\/2021\/10\/logo.png","contentUrl":"https:\/\/osterberg-quality.vn\/wp-content\/uploads\/2021\/10\/logo.png","width":301,"height":167,"caption":"Osterberg | Leading provider of fruit-based beverage and bakery ingredients."},"image":{"@id":"https:\/\/osterberg-quality.vn\/en\/#\/schema\/logo\/image\/"}}]}},"_links":{"self":[{"href":"https:\/\/osterberg-quality.vn\/en\/wp-json\/wp\/v2\/product\/6278","targetHints":{"allow":["GET"]}}],"collection":[{"href":"https:\/\/osterberg-quality.vn\/en\/wp-json\/wp\/v2\/product"}],"about":[{"href":"https:\/\/osterberg-quality.vn\/en\/wp-json\/wp\/v2\/types\/product"}],"replies":[{"embeddable":true,"href":"https:\/\/osterberg-quality.vn\/en\/wp-json\/wp\/v2\/comments?post=6278"}],"version-history":[{"count":0,"href":"https:\/\/osterberg-quality.vn\/en\/wp-json\/wp\/v2\/product\/6278\/revisions"}],"wp:featuredmedia":[{"embeddable":true,"href":"https:\/\/osterberg-quality.vn\/en\/wp-json\/wp\/v2\/media\/6269"}],"wp:attachment":[{"href":"https:\/\/osterberg-quality.vn\/en\/wp-json\/wp\/v2\/media?parent=6278"}],"wp:term":[{"taxonomy":"product_brand","embeddable":true,"href":"https:\/\/osterberg-quality.vn\/en\/wp-json\/wp\/v2\/product_brand?post=6278"},{"taxonomy":"product_cat","embeddable":true,"href":"https:\/\/osterberg-quality.vn\/en\/wp-json\/wp\/v2\/product_cat?post=6278"},{"taxonomy":"product_tag","embeddable":true,"href":"https:\/\/osterberg-quality.vn\/en\/wp-json\/wp\/v2\/product_tag?post=6278"}],"curies":[{"name":"wp","href":"https:\/\/api.w.org\/{rel}","templated":true}]}}