{"id":5941,"date":"2025-03-03T11:40:06","date_gmt":"2025-03-03T04:40:06","guid":{"rendered":"https:\/\/osterberg-quality.vn\/?post_type=product&#038;p=5941"},"modified":"2026-01-22T11:53:29","modified_gmt":"2026-01-22T04:53:29","slug":"nuoc-cot-osterberg-mo-va-chanh-muoi","status":"publish","type":"product","link":"https:\/\/osterberg-quality.vn\/en\/product\/nuoc-cot-osterberg-mo-va-chanh-muoi\/","title":{"rendered":"N\u01b0\u1edbc c\u1ed1t Osterberg M\u01a1 v\u00e0 Chanh mu\u1ed1i"},"content":{"rendered":"<div dir=\"auto\">\n<div dir=\"auto\">Osterberg Salted Apricot and Lime Cordial is a combination of sour, sweet and salty flavors, creating a new flavor for you to freely create your own drinks. Osterberg Salted Apricot and Lime Cordial has natural fruit ingredients to help your drinks be fresher and more flavorful.<\/div>\n<\/div>","protected":false},"excerpt":{"rendered":"<div dir=\"auto\">\n<div dir=\"auto\">\n<div dir=\"auto\">\n<div dir=\"auto\">\n<div dir=\"auto\">\n<div dir=\"auto\">Osterberg Salted Apricot and Lime Cordial is a combination of sour, sweet and salty flavors, creating a new flavor for you to freely create your own drinks. Osterberg Salted Apricot and Lime Cordial has natural fruit ingredients to help your drinks be fresher and more flavorful.<\/div>\n<\/div>\n<\/div>\n<\/div>\n<\/div>\n<\/div>","protected":false},"featured_media":5915,"comment_status":"open","ping_status":"closed","template":"","meta":{"site-sidebar-layout":"default","site-content-layout":"default","ast-global-header-display":"","ast-main-header-display":"","ast-hfb-above-header-display":"","ast-hfb-below-header-display":"","ast-hfb-mobile-header-display":"","site-post-title":"","ast-breadcrumbs-content":"","ast-featured-img":"","footer-sml-layout":"","theme-transparent-header-meta":"default","adv-header-id-meta":"","stick-header-meta":"default","header-above-stick-meta":"","header-main-stick-meta":"","header-below-stick-meta":""},"product_brand":[],"product_cat":[32,104],"product_tag":[],"class_list":{"0":"post-5941","1":"product","2":"type-product","3":"status-publish","4":"has-post-thumbnail","6":"product_cat-nguyen-lieu-pha-che","7":"product_cat-nuoc-cot","8":"desktop-align-center","9":"tablet-align-center","10":"mobile-align-center","11":"ast-product-gallery-layout-horizontal-slider","12":"ast-product-tabs-layout-horizontal","14":"first","15":"instock","16":"shipping-taxable","17":"product-type-simple"},"yoast_head":"<!-- This site is optimized with the Yoast SEO plugin v27.2 - https:\/\/yoast.com\/product\/yoast-seo-wordpress\/ -->\n<title>N\u01b0\u1edbc c\u1ed1t Osterberg M\u01a1 v\u00e0 Chanh mu\u1ed1i<\/title>\n<meta name=\"description\" content=\"N\u01b0\u1edbc c\u1ed1t M\u01a1 v\u00e0 Chanh mu\u1ed1i Osterberg t\u1ed5ng h\u00f2a v\u1ecb chua, ng\u1ecdt, m\u1eb7n t\u1ea1o n\u00ean s\u1ef1 m\u1edbi l\u1ea1 cho b\u1ea1n th\u1ecfa s\u1ee9c s\u00e1ng t\u1ea1o c\u00e1c m\u00f3n u\u1ed1ng. N\u01b0\u1edbc c\u1ed1t M\u01a1 v\u00e0 Chanh mu\u1ed1i ...\" \/>\n<meta name=\"robots\" content=\"index, follow, max-snippet:-1, max-image-preview:large, max-video-preview:-1\" \/>\n<link rel=\"canonical\" href=\"https:\/\/osterberg-quality.vn\/en\/product\/nuoc-cot-osterberg-mo-va-chanh-muoi\/\" \/>\n<meta property=\"og:locale\" content=\"en_US\" \/>\n<meta property=\"og:type\" content=\"article\" \/>\n<meta property=\"og:title\" content=\"N\u01b0\u1edbc c\u1ed1t Osterberg M\u01a1 v\u00e0 Chanh mu\u1ed1i\" \/>\n<meta property=\"og:description\" content=\"N\u01b0\u1edbc c\u1ed1t M\u01a1 v\u00e0 Chanh mu\u1ed1i Osterberg t\u1ed5ng h\u00f2a v\u1ecb chua, ng\u1ecdt, m\u1eb7n t\u1ea1o n\u00ean s\u1ef1 m\u1edbi l\u1ea1 cho b\u1ea1n th\u1ecfa s\u1ee9c s\u00e1ng t\u1ea1o c\u00e1c m\u00f3n u\u1ed1ng. N\u01b0\u1edbc c\u1ed1t M\u01a1 v\u00e0 Chanh mu\u1ed1i ...\" \/>\n<meta property=\"og:url\" content=\"https:\/\/osterberg-quality.vn\/en\/product\/nuoc-cot-osterberg-mo-va-chanh-muoi\/\" \/>\n<meta property=\"og:site_name\" content=\"Osterberg | Leading provider of fruit-based beverage and bakery ingredients.\" \/>\n<meta property=\"article:modified_time\" content=\"2026-01-22T04:53:29+00:00\" \/>\n<meta property=\"og:image\" content=\"https:\/\/osterberg-quality.vn\/wp-content\/uploads\/2025\/03\/apricot-Cordial.png\" \/>\n\t<meta property=\"og:image:width\" content=\"900\" \/>\n\t<meta property=\"og:image:height\" content=\"900\" \/>\n\t<meta property=\"og:image:type\" content=\"image\/png\" \/>\n<meta name=\"twitter:card\" content=\"summary_large_image\" \/>\n<meta name=\"twitter:label1\" content=\"Est. reading time\" \/>\n\t<meta name=\"twitter:data1\" content=\"1 minute\" \/>\n<script type=\"application\/ld+json\" class=\"yoast-schema-graph\">{\"@context\":\"https:\/\/schema.org\",\"@graph\":[{\"@type\":\"WebPage\",\"@id\":\"https:\/\/osterberg-quality.vn\/san-pham\/nuoc-cot-osterberg-mo-va-chanh-muoi\/\",\"url\":\"https:\/\/osterberg-quality.vn\/san-pham\/nuoc-cot-osterberg-mo-va-chanh-muoi\/\",\"name\":\"N\u01b0\u1edbc c\u1ed1t Osterberg M\u01a1 v\u00e0 Chanh mu\u1ed1i\",\"isPartOf\":{\"@id\":\"https:\/\/osterberg-quality.vn\/en\/#website\"},\"primaryImageOfPage\":{\"@id\":\"https:\/\/osterberg-quality.vn\/san-pham\/nuoc-cot-osterberg-mo-va-chanh-muoi\/#primaryimage\"},\"image\":{\"@id\":\"https:\/\/osterberg-quality.vn\/san-pham\/nuoc-cot-osterberg-mo-va-chanh-muoi\/#primaryimage\"},\"thumbnailUrl\":\"https:\/\/osterberg-quality.vn\/wp-content\/uploads\/2025\/03\/apricot-Cordial.png\",\"datePublished\":\"2025-03-03T04:40:06+00:00\",\"dateModified\":\"2026-01-22T04:53:29+00:00\",\"description\":\"N\u01b0\u1edbc c\u1ed1t M\u01a1 v\u00e0 Chanh mu\u1ed1i Osterberg t\u1ed5ng h\u00f2a v\u1ecb chua, ng\u1ecdt, m\u1eb7n t\u1ea1o n\u00ean s\u1ef1 m\u1edbi l\u1ea1 cho b\u1ea1n th\u1ecfa s\u1ee9c s\u00e1ng t\u1ea1o c\u00e1c m\u00f3n u\u1ed1ng. N\u01b0\u1edbc c\u1ed1t M\u01a1 v\u00e0 Chanh mu\u1ed1i ...\",\"breadcrumb\":{\"@id\":\"https:\/\/osterberg-quality.vn\/san-pham\/nuoc-cot-osterberg-mo-va-chanh-muoi\/#breadcrumb\"},\"inLanguage\":\"en-US\",\"potentialAction\":[{\"@type\":\"ReadAction\",\"target\":[\"https:\/\/osterberg-quality.vn\/san-pham\/nuoc-cot-osterberg-mo-va-chanh-muoi\/\"]}]},{\"@type\":\"ImageObject\",\"inLanguage\":\"en-US\",\"@id\":\"https:\/\/osterberg-quality.vn\/san-pham\/nuoc-cot-osterberg-mo-va-chanh-muoi\/#primaryimage\",\"url\":\"https:\/\/osterberg-quality.vn\/wp-content\/uploads\/2025\/03\/apricot-Cordial.png\",\"contentUrl\":\"https:\/\/osterberg-quality.vn\/wp-content\/uploads\/2025\/03\/apricot-Cordial.png\",\"width\":900,\"height\":900,\"caption\":\"N\u01b0\u1edbc c\u1ed1t M\u01a1 v\u00e0 Chanh mu\u1ed1i Osterberg l\u00e0 t\u1ed5ng h\u00f2a c\u1ee7a c\u1ea3 v\u1ecb chua, ng\u1ecdt, m\u1eb7n t\u1ea1o n\u00ean s\u1ef1 m\u1edbi l\u1ea1 cho b\u1ea1n th\u1ecfa s\u1ee9c s\u00e1ng t\u1ea1o c\u00e1c m\u00f3n u\u1ed1ng c\u1ee7a m\u00ecnh. N\u01b0\u1edbc c\u1ed1t M\u01a1 v\u00e0 Chanh mu\u1ed1i Osterberg c\u00f3 th\u00e0nh ph\u1ea7n t\u1eeb tr\u00e1i c\u00e2y t\u1ef1 nhi\u00ean gi\u00fap m\u00f3n n\u01b0\u1edbc c\u1ee7a b\u1ea1n t\u01b0\u01a1i m\u00e1t, \u0111\u1eadm v\u1ecb h\u01a1n.\"},{\"@type\":\"BreadcrumbList\",\"@id\":\"https:\/\/osterberg-quality.vn\/san-pham\/nuoc-cot-osterberg-mo-va-chanh-muoi\/#breadcrumb\",\"itemListElement\":[{\"@type\":\"ListItem\",\"position\":1,\"name\":\"Trang ch\u1ee7\",\"item\":\"https:\/\/osterberg-quality.vn\/\"},{\"@type\":\"ListItem\",\"position\":2,\"name\":\"C\u1eeda h\u00e0ng\",\"item\":\"https:\/\/osterberg-quality.vn\/cua-hang\/\"},{\"@type\":\"ListItem\",\"position\":3,\"name\":\"N\u01b0\u1edbc c\u1ed1t Osterberg M\u01a1 v\u00e0 Chanh mu\u1ed1i\"}]},{\"@type\":\"WebSite\",\"@id\":\"https:\/\/osterberg-quality.vn\/en\/#website\",\"url\":\"https:\/\/osterberg-quality.vn\/en\/\",\"name\":\"Osterberg | Leading provider of fruit-based beverage and bakery ingredients.\",\"description\":\"Leading provider of fruit-based beverage and bakery ingredients.\",\"publisher\":{\"@id\":\"https:\/\/osterberg-quality.vn\/en\/#organization\"},\"potentialAction\":[{\"@type\":\"SearchAction\",\"target\":{\"@type\":\"EntryPoint\",\"urlTemplate\":\"https:\/\/osterberg-quality.vn\/en\/?s={search_term_string}\"},\"query-input\":{\"@type\":\"PropertyValueSpecification\",\"valueRequired\":true,\"valueName\":\"search_term_string\"}}],\"inLanguage\":\"en-US\"},{\"@type\":\"Organization\",\"@id\":\"https:\/\/osterberg-quality.vn\/en\/#organization\",\"name\":\"Osterberg | Leading provider of fruit-based beverage and bakery ingredients.\",\"url\":\"https:\/\/osterberg-quality.vn\/en\/\",\"logo\":{\"@type\":\"ImageObject\",\"inLanguage\":\"en-US\",\"@id\":\"https:\/\/osterberg-quality.vn\/en\/#\/schema\/logo\/image\/\",\"url\":\"https:\/\/osterberg-quality.vn\/wp-content\/uploads\/2021\/10\/logo.png\",\"contentUrl\":\"https:\/\/osterberg-quality.vn\/wp-content\/uploads\/2021\/10\/logo.png\",\"width\":301,\"height\":167,\"caption\":\"Osterberg | Leading provider of fruit-based beverage and bakery ingredients.\"},\"image\":{\"@id\":\"https:\/\/osterberg-quality.vn\/en\/#\/schema\/logo\/image\/\"}}]}<\/script>\n<!-- \/ Yoast SEO plugin. -->","yoast_head_json":{"title":"N\u01b0\u1edbc c\u1ed1t Osterberg M\u01a1 v\u00e0 Chanh mu\u1ed1i","description":"N\u01b0\u1edbc c\u1ed1t M\u01a1 v\u00e0 Chanh mu\u1ed1i Osterberg t\u1ed5ng h\u00f2a v\u1ecb chua, ng\u1ecdt, m\u1eb7n t\u1ea1o n\u00ean s\u1ef1 m\u1edbi l\u1ea1 cho b\u1ea1n th\u1ecfa s\u1ee9c s\u00e1ng t\u1ea1o c\u00e1c m\u00f3n u\u1ed1ng. N\u01b0\u1edbc c\u1ed1t M\u01a1 v\u00e0 Chanh mu\u1ed1i ...","robots":{"index":"index","follow":"follow","max-snippet":"max-snippet:-1","max-image-preview":"max-image-preview:large","max-video-preview":"max-video-preview:-1"},"canonical":"https:\/\/osterberg-quality.vn\/en\/product\/nuoc-cot-osterberg-mo-va-chanh-muoi\/","og_locale":"en_US","og_type":"article","og_title":"N\u01b0\u1edbc c\u1ed1t Osterberg M\u01a1 v\u00e0 Chanh mu\u1ed1i","og_description":"N\u01b0\u1edbc c\u1ed1t M\u01a1 v\u00e0 Chanh mu\u1ed1i Osterberg t\u1ed5ng h\u00f2a v\u1ecb chua, ng\u1ecdt, m\u1eb7n t\u1ea1o n\u00ean s\u1ef1 m\u1edbi l\u1ea1 cho b\u1ea1n th\u1ecfa s\u1ee9c s\u00e1ng t\u1ea1o c\u00e1c m\u00f3n u\u1ed1ng. N\u01b0\u1edbc c\u1ed1t M\u01a1 v\u00e0 Chanh mu\u1ed1i ...","og_url":"https:\/\/osterberg-quality.vn\/en\/product\/nuoc-cot-osterberg-mo-va-chanh-muoi\/","og_site_name":"Osterberg | Leading provider of fruit-based beverage and bakery ingredients.","article_modified_time":"2026-01-22T04:53:29+00:00","og_image":[{"width":900,"height":900,"url":"https:\/\/osterberg-quality.vn\/wp-content\/uploads\/2025\/03\/apricot-Cordial.png","type":"image\/png"}],"twitter_card":"summary_large_image","twitter_misc":{"Est. reading time":"1 minute"},"schema":{"@context":"https:\/\/schema.org","@graph":[{"@type":"WebPage","@id":"https:\/\/osterberg-quality.vn\/san-pham\/nuoc-cot-osterberg-mo-va-chanh-muoi\/","url":"https:\/\/osterberg-quality.vn\/san-pham\/nuoc-cot-osterberg-mo-va-chanh-muoi\/","name":"N\u01b0\u1edbc c\u1ed1t Osterberg M\u01a1 v\u00e0 Chanh mu\u1ed1i","isPartOf":{"@id":"https:\/\/osterberg-quality.vn\/en\/#website"},"primaryImageOfPage":{"@id":"https:\/\/osterberg-quality.vn\/san-pham\/nuoc-cot-osterberg-mo-va-chanh-muoi\/#primaryimage"},"image":{"@id":"https:\/\/osterberg-quality.vn\/san-pham\/nuoc-cot-osterberg-mo-va-chanh-muoi\/#primaryimage"},"thumbnailUrl":"https:\/\/osterberg-quality.vn\/wp-content\/uploads\/2025\/03\/apricot-Cordial.png","datePublished":"2025-03-03T04:40:06+00:00","dateModified":"2026-01-22T04:53:29+00:00","description":"N\u01b0\u1edbc c\u1ed1t M\u01a1 v\u00e0 Chanh mu\u1ed1i Osterberg t\u1ed5ng h\u00f2a v\u1ecb chua, ng\u1ecdt, m\u1eb7n t\u1ea1o n\u00ean s\u1ef1 m\u1edbi l\u1ea1 cho b\u1ea1n th\u1ecfa s\u1ee9c s\u00e1ng t\u1ea1o c\u00e1c m\u00f3n u\u1ed1ng. N\u01b0\u1edbc c\u1ed1t M\u01a1 v\u00e0 Chanh mu\u1ed1i ...","breadcrumb":{"@id":"https:\/\/osterberg-quality.vn\/san-pham\/nuoc-cot-osterberg-mo-va-chanh-muoi\/#breadcrumb"},"inLanguage":"en-US","potentialAction":[{"@type":"ReadAction","target":["https:\/\/osterberg-quality.vn\/san-pham\/nuoc-cot-osterberg-mo-va-chanh-muoi\/"]}]},{"@type":"ImageObject","inLanguage":"en-US","@id":"https:\/\/osterberg-quality.vn\/san-pham\/nuoc-cot-osterberg-mo-va-chanh-muoi\/#primaryimage","url":"https:\/\/osterberg-quality.vn\/wp-content\/uploads\/2025\/03\/apricot-Cordial.png","contentUrl":"https:\/\/osterberg-quality.vn\/wp-content\/uploads\/2025\/03\/apricot-Cordial.png","width":900,"height":900,"caption":"N\u01b0\u1edbc c\u1ed1t M\u01a1 v\u00e0 Chanh mu\u1ed1i Osterberg l\u00e0 t\u1ed5ng h\u00f2a c\u1ee7a c\u1ea3 v\u1ecb chua, ng\u1ecdt, m\u1eb7n t\u1ea1o n\u00ean s\u1ef1 m\u1edbi l\u1ea1 cho b\u1ea1n th\u1ecfa s\u1ee9c s\u00e1ng t\u1ea1o c\u00e1c m\u00f3n u\u1ed1ng c\u1ee7a m\u00ecnh. N\u01b0\u1edbc c\u1ed1t M\u01a1 v\u00e0 Chanh mu\u1ed1i Osterberg c\u00f3 th\u00e0nh ph\u1ea7n t\u1eeb tr\u00e1i c\u00e2y t\u1ef1 nhi\u00ean gi\u00fap m\u00f3n n\u01b0\u1edbc c\u1ee7a b\u1ea1n t\u01b0\u01a1i m\u00e1t, \u0111\u1eadm v\u1ecb h\u01a1n."},{"@type":"BreadcrumbList","@id":"https:\/\/osterberg-quality.vn\/san-pham\/nuoc-cot-osterberg-mo-va-chanh-muoi\/#breadcrumb","itemListElement":[{"@type":"ListItem","position":1,"name":"Trang ch\u1ee7","item":"https:\/\/osterberg-quality.vn\/"},{"@type":"ListItem","position":2,"name":"C\u1eeda h\u00e0ng","item":"https:\/\/osterberg-quality.vn\/cua-hang\/"},{"@type":"ListItem","position":3,"name":"N\u01b0\u1edbc c\u1ed1t Osterberg M\u01a1 v\u00e0 Chanh mu\u1ed1i"}]},{"@type":"WebSite","@id":"https:\/\/osterberg-quality.vn\/en\/#website","url":"https:\/\/osterberg-quality.vn\/en\/","name":"Osterberg | Leading provider of fruit-based beverage and bakery ingredients.","description":"Leading provider of fruit-based beverage and bakery ingredients.","publisher":{"@id":"https:\/\/osterberg-quality.vn\/en\/#organization"},"potentialAction":[{"@type":"SearchAction","target":{"@type":"EntryPoint","urlTemplate":"https:\/\/osterberg-quality.vn\/en\/?s={search_term_string}"},"query-input":{"@type":"PropertyValueSpecification","valueRequired":true,"valueName":"search_term_string"}}],"inLanguage":"en-US"},{"@type":"Organization","@id":"https:\/\/osterberg-quality.vn\/en\/#organization","name":"Osterberg | Leading provider of fruit-based beverage and bakery ingredients.","url":"https:\/\/osterberg-quality.vn\/en\/","logo":{"@type":"ImageObject","inLanguage":"en-US","@id":"https:\/\/osterberg-quality.vn\/en\/#\/schema\/logo\/image\/","url":"https:\/\/osterberg-quality.vn\/wp-content\/uploads\/2021\/10\/logo.png","contentUrl":"https:\/\/osterberg-quality.vn\/wp-content\/uploads\/2021\/10\/logo.png","width":301,"height":167,"caption":"Osterberg | Leading provider of fruit-based beverage and bakery ingredients."},"image":{"@id":"https:\/\/osterberg-quality.vn\/en\/#\/schema\/logo\/image\/"}}]}},"_links":{"self":[{"href":"https:\/\/osterberg-quality.vn\/en\/wp-json\/wp\/v2\/product\/5941","targetHints":{"allow":["GET"]}}],"collection":[{"href":"https:\/\/osterberg-quality.vn\/en\/wp-json\/wp\/v2\/product"}],"about":[{"href":"https:\/\/osterberg-quality.vn\/en\/wp-json\/wp\/v2\/types\/product"}],"replies":[{"embeddable":true,"href":"https:\/\/osterberg-quality.vn\/en\/wp-json\/wp\/v2\/comments?post=5941"}],"version-history":[{"count":0,"href":"https:\/\/osterberg-quality.vn\/en\/wp-json\/wp\/v2\/product\/5941\/revisions"}],"wp:featuredmedia":[{"embeddable":true,"href":"https:\/\/osterberg-quality.vn\/en\/wp-json\/wp\/v2\/media\/5915"}],"wp:attachment":[{"href":"https:\/\/osterberg-quality.vn\/en\/wp-json\/wp\/v2\/media?parent=5941"}],"wp:term":[{"taxonomy":"product_brand","embeddable":true,"href":"https:\/\/osterberg-quality.vn\/en\/wp-json\/wp\/v2\/product_brand?post=5941"},{"taxonomy":"product_cat","embeddable":true,"href":"https:\/\/osterberg-quality.vn\/en\/wp-json\/wp\/v2\/product_cat?post=5941"},{"taxonomy":"product_tag","embeddable":true,"href":"https:\/\/osterberg-quality.vn\/en\/wp-json\/wp\/v2\/product_tag?post=5941"}],"curies":[{"name":"wp","href":"https:\/\/api.w.org\/{rel}","templated":true}]}}