{"id":4056,"date":"2022-03-11T15:10:12","date_gmt":"2022-03-11T08:10:12","guid":{"rendered":"https:\/\/osterberg-quality.vn\/?post_type=product&#038;p=4056"},"modified":"2025-10-20T15:09:49","modified_gmt":"2025-10-20T08:09:49","slug":"sinh-to-osterberg-mang-cau","status":"publish","type":"product","link":"https:\/\/osterberg-quality.vn\/en\/product\/sinh-to-osterberg-mang-cau\/","title":{"rendered":"Osterberg Soursop Fruit Crush"},"content":{"rendered":"<p>Soursop \u2013 A unique fruit with a very distinctive aroma, stimulating sweet and sour taste, soft white flesh creates a beautiful texture when mixed into drinks.\u00a0<span style=\"font-size: 16px; font-style: normal; font-weight: 400;\">Osterberg <\/span><span style=\"font-size: 16px;\">Soursop retains and keeps the originality of this pure tropical fruit, helping you save and be quick in preparing drinks.<\/span><\/p>","protected":false},"excerpt":{"rendered":"<p>Soursop \u2013 A unique fruit with a very distinctive aroma, stimulating sweet and sour taste, soft white flesh creates a beautiful texture when mixed into drinks.\u00a0<span style=\"font-size: 16px; font-style: normal; font-weight: 400;\">Osterberg <\/span><span style=\"font-size: 16px;\">Soursop retains and keeps the originality of this pure tropical fruit, helping you save and be quick in preparing drinks.<\/span><\/p>","protected":false},"featured_media":6002,"comment_status":"open","ping_status":"closed","template":"","meta":{"site-sidebar-layout":"default","site-content-layout":"default","ast-global-header-display":"","ast-main-header-display":"","ast-hfb-above-header-display":"","ast-hfb-below-header-display":"","ast-hfb-mobile-header-display":"","site-post-title":"","ast-breadcrumbs-content":"","ast-featured-img":"","footer-sml-layout":"","theme-transparent-header-meta":"default","adv-header-id-meta":"","stick-header-meta":"default","header-above-stick-meta":"","header-main-stick-meta":"","header-below-stick-meta":""},"product_brand":[],"product_cat":[15,32],"product_tag":[],"class_list":{"0":"post-4056","1":"product","2":"type-product","3":"status-publish","4":"has-post-thumbnail","6":"product_cat-mut-sinh-to","7":"product_cat-nguyen-lieu-pha-che","8":"desktop-align-center","9":"tablet-align-center","10":"mobile-align-center","11":"ast-product-gallery-layout-horizontal-slider","12":"ast-product-tabs-layout-horizontal","14":"first","15":"instock","16":"shipping-taxable","17":"product-type-simple"},"yoast_head":"<!-- This site is optimized with the Yoast SEO plugin v27.2 - https:\/\/yoast.com\/product\/yoast-seo-wordpress\/ -->\n<title>Sinh t\u1ed1 Osterberg M\u00e3ng c\u1ea7u - Osterberg | Leading provider of fruit-based beverage and bakery ingredients.<\/title>\n<meta name=\"description\" content=\"Sinh t\u1ed1\u00a0Osterberg M\u00e3ng c\u1ea7u l\u01b0u l\u1ea1i v\u00e0 gi\u1eef nguy\u00ean s\u1ef1 nguy\u00ean b\u1ea3n c\u1ee7a lo\u1ea1i tr\u00e1i c\u00e2y thu\u1ea7n nhi\u1ec7t \u0111\u1edbi n\u00e0y, gi\u00fap b\u1ea1n ti\u1ebft ki\u1ec7m v\u00e0 nhanh ch\u00f3ng trong kh\u00e2u pha ch\u1ebf\" \/>\n<meta name=\"robots\" content=\"index, follow, max-snippet:-1, max-image-preview:large, max-video-preview:-1\" \/>\n<link rel=\"canonical\" href=\"https:\/\/osterberg-quality.vn\/en\/product\/sinh-to-osterberg-mang-cau\/\" \/>\n<meta property=\"og:locale\" content=\"en_US\" \/>\n<meta property=\"og:type\" content=\"article\" \/>\n<meta property=\"og:title\" content=\"Sinh t\u1ed1 Osterberg M\u00e3ng c\u1ea7u - Osterberg | Leading provider of fruit-based beverage and bakery ingredients.\" \/>\n<meta property=\"og:description\" content=\"Sinh t\u1ed1\u00a0Osterberg M\u00e3ng c\u1ea7u l\u01b0u l\u1ea1i v\u00e0 gi\u1eef nguy\u00ean s\u1ef1 nguy\u00ean b\u1ea3n c\u1ee7a lo\u1ea1i tr\u00e1i c\u00e2y thu\u1ea7n nhi\u1ec7t \u0111\u1edbi n\u00e0y, gi\u00fap b\u1ea1n ti\u1ebft ki\u1ec7m v\u00e0 nhanh ch\u00f3ng trong kh\u00e2u pha ch\u1ebf\" \/>\n<meta property=\"og:url\" content=\"https:\/\/osterberg-quality.vn\/en\/product\/sinh-to-osterberg-mang-cau\/\" \/>\n<meta property=\"og:site_name\" content=\"Osterberg | Leading provider of fruit-based beverage and bakery ingredients.\" \/>\n<meta property=\"article:modified_time\" content=\"2025-10-20T08:09:49+00:00\" \/>\n<meta property=\"og:image\" content=\"https:\/\/osterberg-quality.vn\/wp-content\/uploads\/2025\/10\/soursop-FC-VN.png\" \/>\n\t<meta property=\"og:image:width\" content=\"900\" \/>\n\t<meta property=\"og:image:height\" content=\"897\" \/>\n\t<meta property=\"og:image:type\" content=\"image\/png\" \/>\n<meta name=\"twitter:card\" content=\"summary_large_image\" \/>\n<meta name=\"twitter:label1\" content=\"Est. reading time\" \/>\n\t<meta name=\"twitter:data1\" content=\"1 minute\" \/>\n<script type=\"application\/ld+json\" class=\"yoast-schema-graph\">{\"@context\":\"https:\/\/schema.org\",\"@graph\":[{\"@type\":\"WebPage\",\"@id\":\"https:\/\/osterberg-quality.vn\/san-pham\/sinh-to-osterberg-mang-cau\/\",\"url\":\"https:\/\/osterberg-quality.vn\/san-pham\/sinh-to-osterberg-mang-cau\/\",\"name\":\"Sinh t\u1ed1 Osterberg M\u00e3ng c\u1ea7u - Osterberg | Leading provider of fruit-based beverage and bakery ingredients.\",\"isPartOf\":{\"@id\":\"https:\/\/osterberg-quality.vn\/en\/#website\"},\"primaryImageOfPage\":{\"@id\":\"https:\/\/osterberg-quality.vn\/san-pham\/sinh-to-osterberg-mang-cau\/#primaryimage\"},\"image\":{\"@id\":\"https:\/\/osterberg-quality.vn\/san-pham\/sinh-to-osterberg-mang-cau\/#primaryimage\"},\"thumbnailUrl\":\"https:\/\/osterberg-quality.vn\/wp-content\/uploads\/2025\/10\/soursop-FC-VN.png\",\"datePublished\":\"2022-03-11T08:10:12+00:00\",\"dateModified\":\"2025-10-20T08:09:49+00:00\",\"description\":\"Sinh t\u1ed1\u00a0Osterberg M\u00e3ng c\u1ea7u l\u01b0u l\u1ea1i v\u00e0 gi\u1eef nguy\u00ean s\u1ef1 nguy\u00ean b\u1ea3n c\u1ee7a lo\u1ea1i tr\u00e1i c\u00e2y thu\u1ea7n nhi\u1ec7t \u0111\u1edbi n\u00e0y, gi\u00fap b\u1ea1n ti\u1ebft ki\u1ec7m v\u00e0 nhanh ch\u00f3ng trong kh\u00e2u pha ch\u1ebf\",\"breadcrumb\":{\"@id\":\"https:\/\/osterberg-quality.vn\/san-pham\/sinh-to-osterberg-mang-cau\/#breadcrumb\"},\"inLanguage\":\"en-US\",\"potentialAction\":[{\"@type\":\"ReadAction\",\"target\":[\"https:\/\/osterberg-quality.vn\/san-pham\/sinh-to-osterberg-mang-cau\/\"]}]},{\"@type\":\"ImageObject\",\"inLanguage\":\"en-US\",\"@id\":\"https:\/\/osterberg-quality.vn\/san-pham\/sinh-to-osterberg-mang-cau\/#primaryimage\",\"url\":\"https:\/\/osterberg-quality.vn\/wp-content\/uploads\/2025\/10\/soursop-FC-VN.png\",\"contentUrl\":\"https:\/\/osterberg-quality.vn\/wp-content\/uploads\/2025\/10\/soursop-FC-VN.png\",\"width\":900,\"height\":897,\"caption\":\"Sinh t\u1ed1 Osterberg M\u00e3ng c\u1ea7u\"},{\"@type\":\"BreadcrumbList\",\"@id\":\"https:\/\/osterberg-quality.vn\/san-pham\/sinh-to-osterberg-mang-cau\/#breadcrumb\",\"itemListElement\":[{\"@type\":\"ListItem\",\"position\":1,\"name\":\"Trang ch\u1ee7\",\"item\":\"https:\/\/osterberg-quality.vn\/\"},{\"@type\":\"ListItem\",\"position\":2,\"name\":\"C\u1eeda h\u00e0ng\",\"item\":\"https:\/\/osterberg-quality.vn\/cua-hang\/\"},{\"@type\":\"ListItem\",\"position\":3,\"name\":\"Sinh t\u1ed1 Osterberg M\u00e3ng c\u1ea7u\"}]},{\"@type\":\"WebSite\",\"@id\":\"https:\/\/osterberg-quality.vn\/en\/#website\",\"url\":\"https:\/\/osterberg-quality.vn\/en\/\",\"name\":\"Osterberg | Leading provider of fruit-based beverage and bakery ingredients.\",\"description\":\"Leading provider of fruit-based beverage and bakery ingredients.\",\"publisher\":{\"@id\":\"https:\/\/osterberg-quality.vn\/en\/#organization\"},\"potentialAction\":[{\"@type\":\"SearchAction\",\"target\":{\"@type\":\"EntryPoint\",\"urlTemplate\":\"https:\/\/osterberg-quality.vn\/en\/?s={search_term_string}\"},\"query-input\":{\"@type\":\"PropertyValueSpecification\",\"valueRequired\":true,\"valueName\":\"search_term_string\"}}],\"inLanguage\":\"en-US\"},{\"@type\":\"Organization\",\"@id\":\"https:\/\/osterberg-quality.vn\/en\/#organization\",\"name\":\"Osterberg | Leading provider of fruit-based beverage and bakery ingredients.\",\"url\":\"https:\/\/osterberg-quality.vn\/en\/\",\"logo\":{\"@type\":\"ImageObject\",\"inLanguage\":\"en-US\",\"@id\":\"https:\/\/osterberg-quality.vn\/en\/#\/schema\/logo\/image\/\",\"url\":\"https:\/\/osterberg-quality.vn\/wp-content\/uploads\/2021\/10\/logo.png\",\"contentUrl\":\"https:\/\/osterberg-quality.vn\/wp-content\/uploads\/2021\/10\/logo.png\",\"width\":301,\"height\":167,\"caption\":\"Osterberg | Leading provider of fruit-based beverage and bakery ingredients.\"},\"image\":{\"@id\":\"https:\/\/osterberg-quality.vn\/en\/#\/schema\/logo\/image\/\"}}]}<\/script>\n<!-- \/ Yoast SEO plugin. -->","yoast_head_json":{"title":"Sinh t\u1ed1 Osterberg M\u00e3ng c\u1ea7u - Osterberg | Leading provider of fruit-based beverage and bakery ingredients.","description":"Sinh t\u1ed1\u00a0Osterberg M\u00e3ng c\u1ea7u l\u01b0u l\u1ea1i v\u00e0 gi\u1eef nguy\u00ean s\u1ef1 nguy\u00ean b\u1ea3n c\u1ee7a lo\u1ea1i tr\u00e1i c\u00e2y thu\u1ea7n nhi\u1ec7t \u0111\u1edbi n\u00e0y, gi\u00fap b\u1ea1n ti\u1ebft ki\u1ec7m v\u00e0 nhanh ch\u00f3ng trong kh\u00e2u pha ch\u1ebf","robots":{"index":"index","follow":"follow","max-snippet":"max-snippet:-1","max-image-preview":"max-image-preview:large","max-video-preview":"max-video-preview:-1"},"canonical":"https:\/\/osterberg-quality.vn\/en\/product\/sinh-to-osterberg-mang-cau\/","og_locale":"en_US","og_type":"article","og_title":"Sinh t\u1ed1 Osterberg M\u00e3ng c\u1ea7u - Osterberg | Leading provider of fruit-based beverage and bakery ingredients.","og_description":"Sinh t\u1ed1\u00a0Osterberg M\u00e3ng c\u1ea7u l\u01b0u l\u1ea1i v\u00e0 gi\u1eef nguy\u00ean s\u1ef1 nguy\u00ean b\u1ea3n c\u1ee7a lo\u1ea1i tr\u00e1i c\u00e2y thu\u1ea7n nhi\u1ec7t \u0111\u1edbi n\u00e0y, gi\u00fap b\u1ea1n ti\u1ebft ki\u1ec7m v\u00e0 nhanh ch\u00f3ng trong kh\u00e2u pha ch\u1ebf","og_url":"https:\/\/osterberg-quality.vn\/en\/product\/sinh-to-osterberg-mang-cau\/","og_site_name":"Osterberg | Leading provider of fruit-based beverage and bakery ingredients.","article_modified_time":"2025-10-20T08:09:49+00:00","og_image":[{"width":900,"height":897,"url":"https:\/\/osterberg-quality.vn\/wp-content\/uploads\/2025\/10\/soursop-FC-VN.png","type":"image\/png"}],"twitter_card":"summary_large_image","twitter_misc":{"Est. reading time":"1 minute"},"schema":{"@context":"https:\/\/schema.org","@graph":[{"@type":"WebPage","@id":"https:\/\/osterberg-quality.vn\/san-pham\/sinh-to-osterberg-mang-cau\/","url":"https:\/\/osterberg-quality.vn\/san-pham\/sinh-to-osterberg-mang-cau\/","name":"Sinh t\u1ed1 Osterberg M\u00e3ng c\u1ea7u - Osterberg | Leading provider of fruit-based beverage and bakery ingredients.","isPartOf":{"@id":"https:\/\/osterberg-quality.vn\/en\/#website"},"primaryImageOfPage":{"@id":"https:\/\/osterberg-quality.vn\/san-pham\/sinh-to-osterberg-mang-cau\/#primaryimage"},"image":{"@id":"https:\/\/osterberg-quality.vn\/san-pham\/sinh-to-osterberg-mang-cau\/#primaryimage"},"thumbnailUrl":"https:\/\/osterberg-quality.vn\/wp-content\/uploads\/2025\/10\/soursop-FC-VN.png","datePublished":"2022-03-11T08:10:12+00:00","dateModified":"2025-10-20T08:09:49+00:00","description":"Sinh t\u1ed1\u00a0Osterberg M\u00e3ng c\u1ea7u l\u01b0u l\u1ea1i v\u00e0 gi\u1eef nguy\u00ean s\u1ef1 nguy\u00ean b\u1ea3n c\u1ee7a lo\u1ea1i tr\u00e1i c\u00e2y thu\u1ea7n nhi\u1ec7t \u0111\u1edbi n\u00e0y, gi\u00fap b\u1ea1n ti\u1ebft ki\u1ec7m v\u00e0 nhanh ch\u00f3ng trong kh\u00e2u pha ch\u1ebf","breadcrumb":{"@id":"https:\/\/osterberg-quality.vn\/san-pham\/sinh-to-osterberg-mang-cau\/#breadcrumb"},"inLanguage":"en-US","potentialAction":[{"@type":"ReadAction","target":["https:\/\/osterberg-quality.vn\/san-pham\/sinh-to-osterberg-mang-cau\/"]}]},{"@type":"ImageObject","inLanguage":"en-US","@id":"https:\/\/osterberg-quality.vn\/san-pham\/sinh-to-osterberg-mang-cau\/#primaryimage","url":"https:\/\/osterberg-quality.vn\/wp-content\/uploads\/2025\/10\/soursop-FC-VN.png","contentUrl":"https:\/\/osterberg-quality.vn\/wp-content\/uploads\/2025\/10\/soursop-FC-VN.png","width":900,"height":897,"caption":"Sinh t\u1ed1 Osterberg M\u00e3ng c\u1ea7u"},{"@type":"BreadcrumbList","@id":"https:\/\/osterberg-quality.vn\/san-pham\/sinh-to-osterberg-mang-cau\/#breadcrumb","itemListElement":[{"@type":"ListItem","position":1,"name":"Trang ch\u1ee7","item":"https:\/\/osterberg-quality.vn\/"},{"@type":"ListItem","position":2,"name":"C\u1eeda h\u00e0ng","item":"https:\/\/osterberg-quality.vn\/cua-hang\/"},{"@type":"ListItem","position":3,"name":"Sinh t\u1ed1 Osterberg M\u00e3ng c\u1ea7u"}]},{"@type":"WebSite","@id":"https:\/\/osterberg-quality.vn\/en\/#website","url":"https:\/\/osterberg-quality.vn\/en\/","name":"Osterberg | Leading provider of fruit-based beverage and bakery ingredients.","description":"Leading provider of fruit-based beverage and bakery ingredients.","publisher":{"@id":"https:\/\/osterberg-quality.vn\/en\/#organization"},"potentialAction":[{"@type":"SearchAction","target":{"@type":"EntryPoint","urlTemplate":"https:\/\/osterberg-quality.vn\/en\/?s={search_term_string}"},"query-input":{"@type":"PropertyValueSpecification","valueRequired":true,"valueName":"search_term_string"}}],"inLanguage":"en-US"},{"@type":"Organization","@id":"https:\/\/osterberg-quality.vn\/en\/#organization","name":"Osterberg | Leading provider of fruit-based beverage and bakery ingredients.","url":"https:\/\/osterberg-quality.vn\/en\/","logo":{"@type":"ImageObject","inLanguage":"en-US","@id":"https:\/\/osterberg-quality.vn\/en\/#\/schema\/logo\/image\/","url":"https:\/\/osterberg-quality.vn\/wp-content\/uploads\/2021\/10\/logo.png","contentUrl":"https:\/\/osterberg-quality.vn\/wp-content\/uploads\/2021\/10\/logo.png","width":301,"height":167,"caption":"Osterberg | Leading provider of fruit-based beverage and bakery ingredients."},"image":{"@id":"https:\/\/osterberg-quality.vn\/en\/#\/schema\/logo\/image\/"}}]}},"_links":{"self":[{"href":"https:\/\/osterberg-quality.vn\/en\/wp-json\/wp\/v2\/product\/4056","targetHints":{"allow":["GET"]}}],"collection":[{"href":"https:\/\/osterberg-quality.vn\/en\/wp-json\/wp\/v2\/product"}],"about":[{"href":"https:\/\/osterberg-quality.vn\/en\/wp-json\/wp\/v2\/types\/product"}],"replies":[{"embeddable":true,"href":"https:\/\/osterberg-quality.vn\/en\/wp-json\/wp\/v2\/comments?post=4056"}],"version-history":[{"count":0,"href":"https:\/\/osterberg-quality.vn\/en\/wp-json\/wp\/v2\/product\/4056\/revisions"}],"wp:featuredmedia":[{"embeddable":true,"href":"https:\/\/osterberg-quality.vn\/en\/wp-json\/wp\/v2\/media\/6002"}],"wp:attachment":[{"href":"https:\/\/osterberg-quality.vn\/en\/wp-json\/wp\/v2\/media?parent=4056"}],"wp:term":[{"taxonomy":"product_brand","embeddable":true,"href":"https:\/\/osterberg-quality.vn\/en\/wp-json\/wp\/v2\/product_brand?post=4056"},{"taxonomy":"product_cat","embeddable":true,"href":"https:\/\/osterberg-quality.vn\/en\/wp-json\/wp\/v2\/product_cat?post=4056"},{"taxonomy":"product_tag","embeddable":true,"href":"https:\/\/osterberg-quality.vn\/en\/wp-json\/wp\/v2\/product_tag?post=4056"}],"curies":[{"name":"wp","href":"https:\/\/api.w.org\/{rel}","templated":true}]}}