{"id":4041,"date":"2022-03-11T11:31:09","date_gmt":"2022-03-11T04:31:09","guid":{"rendered":"https:\/\/osterberg-quality.vn\/?post_type=product&#038;p=4041"},"modified":"2026-05-08T11:33:50","modified_gmt":"2026-05-08T04:33:50","slug":"sinh-to-osterberg-chanh-day","status":"publish","type":"product","link":"https:\/\/osterberg-quality.vn\/en\/product\/sinh-to-osterberg-chanh-day\/","title":{"rendered":"Osterberg Passion Fruit Fruit Crush"},"content":{"rendered":"<p>Few fruits perfectly embody the passion of the tropics as passion fruit. The aroma and taste are rich and sweet.\u00a0<span style=\"font-size: 16px; font-style: normal; font-weight: 400;\">Osterberg<\/span><span style=\"font-size: 16px; font-style: normal; font-weight: 400;\">\u00a0<\/span><span style=\"font-size: 16px;\">Passion fruit can easily add a burst of flavor to your drinks.<\/span><\/p>","protected":false},"excerpt":{"rendered":"<p>Few fruits perfectly embody the passion of the tropics as passion fruit. The aroma and taste are rich and sweet.\u00a0<span style=\"font-size: 16px; font-style: normal; font-weight: 400;\">Osterberg<\/span><span style=\"font-size: 16px; font-style: normal; font-weight: 400;\">\u00a0<\/span><span style=\"font-size: 16px;\">Passion fruit can easily add a burst of flavor to your drinks.<\/span><\/p>","protected":false},"featured_media":7087,"comment_status":"open","ping_status":"closed","template":"","meta":{"site-sidebar-layout":"default","site-content-layout":"default","ast-global-header-display":"","ast-main-header-display":"","ast-hfb-above-header-display":"","ast-hfb-below-header-display":"","ast-hfb-mobile-header-display":"","site-post-title":"","ast-breadcrumbs-content":"","ast-featured-img":"","footer-sml-layout":"","theme-transparent-header-meta":"default","adv-header-id-meta":"","stick-header-meta":"default","header-above-stick-meta":"","header-main-stick-meta":"","header-below-stick-meta":""},"product_brand":[],"product_cat":[15,32],"product_tag":[],"class_list":{"0":"post-4041","1":"product","2":"type-product","3":"status-publish","4":"has-post-thumbnail","6":"product_cat-mut-sinh-to","7":"product_cat-nguyen-lieu-pha-che","8":"desktop-align-center","9":"tablet-align-center","10":"mobile-align-center","11":"ast-product-gallery-layout-horizontal-slider","12":"ast-product-tabs-layout-horizontal","14":"first","15":"instock","16":"shipping-taxable","17":"product-type-simple"},"yoast_head":"<!-- This site is optimized with the Yoast SEO plugin v27.2 - https:\/\/yoast.com\/product\/yoast-seo-wordpress\/ -->\n<title>Sinh t\u1ed1 Osterberg Chanh d\u00e2y<\/title>\n<meta name=\"description\" content=\"M\u00f9i v\u00e0 v\u1ecb th\u01a1m n\u1ed3ng, ng\u1ecdt ng\u00e0o Sinh t\u1ed1\u00a0Osterberg\u00a0Chanh D\u00e2y th\u1ec3 hi\u1ec7n ho\u00e0n h\u1ea3o s\u1ef1 n\u1ed3ng n\u00e0n c\u1ee7a v\u00f9ng nhi\u1ec7t \u0111\u1edbi, d\u1ec5 l\u00e0m b\u00f9ng l\u00ean h\u01b0\u01a1ng v\u1ecb cho m\u00f3n u\u1ed1ng c\u1ee7a b\u1ea1n.\" \/>\n<meta name=\"robots\" content=\"index, follow, max-snippet:-1, max-image-preview:large, max-video-preview:-1\" \/>\n<link rel=\"canonical\" href=\"https:\/\/osterberg-quality.vn\/en\/product\/sinh-to-osterberg-chanh-day\/\" \/>\n<meta property=\"og:locale\" content=\"en_US\" \/>\n<meta property=\"og:type\" content=\"article\" \/>\n<meta property=\"og:title\" content=\"Sinh t\u1ed1 Osterberg Chanh d\u00e2y\" \/>\n<meta property=\"og:description\" content=\"M\u00f9i v\u00e0 v\u1ecb th\u01a1m n\u1ed3ng, ng\u1ecdt ng\u00e0o Sinh t\u1ed1\u00a0Osterberg\u00a0Chanh D\u00e2y th\u1ec3 hi\u1ec7n ho\u00e0n h\u1ea3o s\u1ef1 n\u1ed3ng n\u00e0n c\u1ee7a v\u00f9ng nhi\u1ec7t \u0111\u1edbi, d\u1ec5 l\u00e0m b\u00f9ng l\u00ean h\u01b0\u01a1ng v\u1ecb cho m\u00f3n u\u1ed1ng c\u1ee7a b\u1ea1n.\" \/>\n<meta property=\"og:url\" content=\"https:\/\/osterberg-quality.vn\/en\/product\/sinh-to-osterberg-chanh-day\/\" \/>\n<meta property=\"og:site_name\" content=\"Osterberg | Leading provider of fruit-based beverage and bakery ingredients.\" \/>\n<meta property=\"article:modified_time\" content=\"2026-05-08T04:33:50+00:00\" \/>\n<meta property=\"og:image\" content=\"https:\/\/osterberg-quality.vn\/wp-content\/uploads\/2026\/05\/passion-FC-VN-2.png\" \/>\n\t<meta property=\"og:image:width\" content=\"900\" \/>\n\t<meta property=\"og:image:height\" content=\"900\" \/>\n\t<meta property=\"og:image:type\" content=\"image\/png\" \/>\n<meta name=\"twitter:card\" content=\"summary_large_image\" \/>\n<meta name=\"twitter:label1\" content=\"Est. reading time\" \/>\n\t<meta name=\"twitter:data1\" content=\"1 minute\" \/>\n<script type=\"application\/ld+json\" class=\"yoast-schema-graph\">{\"@context\":\"https:\/\/schema.org\",\"@graph\":[{\"@type\":\"WebPage\",\"@id\":\"https:\/\/osterberg-quality.vn\/san-pham\/sinh-to-osterberg-chanh-day\/\",\"url\":\"https:\/\/osterberg-quality.vn\/san-pham\/sinh-to-osterberg-chanh-day\/\",\"name\":\"Sinh t\u1ed1 Osterberg Chanh d\u00e2y\",\"isPartOf\":{\"@id\":\"https:\/\/osterberg-quality.vn\/en\/#website\"},\"primaryImageOfPage\":{\"@id\":\"https:\/\/osterberg-quality.vn\/san-pham\/sinh-to-osterberg-chanh-day\/#primaryimage\"},\"image\":{\"@id\":\"https:\/\/osterberg-quality.vn\/san-pham\/sinh-to-osterberg-chanh-day\/#primaryimage\"},\"thumbnailUrl\":\"https:\/\/osterberg-quality.vn\/wp-content\/uploads\/2026\/05\/passion-FC-VN-2.png\",\"datePublished\":\"2022-03-11T04:31:09+00:00\",\"dateModified\":\"2026-05-08T04:33:50+00:00\",\"description\":\"M\u00f9i v\u00e0 v\u1ecb th\u01a1m n\u1ed3ng, ng\u1ecdt ng\u00e0o Sinh t\u1ed1\u00a0Osterberg\u00a0Chanh D\u00e2y th\u1ec3 hi\u1ec7n ho\u00e0n h\u1ea3o s\u1ef1 n\u1ed3ng n\u00e0n c\u1ee7a v\u00f9ng nhi\u1ec7t \u0111\u1edbi, d\u1ec5 l\u00e0m b\u00f9ng l\u00ean h\u01b0\u01a1ng v\u1ecb cho m\u00f3n u\u1ed1ng c\u1ee7a b\u1ea1n.\",\"breadcrumb\":{\"@id\":\"https:\/\/osterberg-quality.vn\/san-pham\/sinh-to-osterberg-chanh-day\/#breadcrumb\"},\"inLanguage\":\"en-US\",\"potentialAction\":[{\"@type\":\"ReadAction\",\"target\":[\"https:\/\/osterberg-quality.vn\/san-pham\/sinh-to-osterberg-chanh-day\/\"]}]},{\"@type\":\"ImageObject\",\"inLanguage\":\"en-US\",\"@id\":\"https:\/\/osterberg-quality.vn\/san-pham\/sinh-to-osterberg-chanh-day\/#primaryimage\",\"url\":\"https:\/\/osterberg-quality.vn\/wp-content\/uploads\/2026\/05\/passion-FC-VN-2.png\",\"contentUrl\":\"https:\/\/osterberg-quality.vn\/wp-content\/uploads\/2026\/05\/passion-FC-VN-2.png\",\"width\":900,\"height\":900,\"caption\":\"Sinh t\u1ed1 Osterberg Chanh d\u00e2y\"},{\"@type\":\"BreadcrumbList\",\"@id\":\"https:\/\/osterberg-quality.vn\/san-pham\/sinh-to-osterberg-chanh-day\/#breadcrumb\",\"itemListElement\":[{\"@type\":\"ListItem\",\"position\":1,\"name\":\"Trang ch\u1ee7\",\"item\":\"https:\/\/osterberg-quality.vn\/\"},{\"@type\":\"ListItem\",\"position\":2,\"name\":\"C\u1eeda h\u00e0ng\",\"item\":\"https:\/\/osterberg-quality.vn\/cua-hang\/\"},{\"@type\":\"ListItem\",\"position\":3,\"name\":\"Sinh t\u1ed1 Osterberg Chanh d\u00e2y\"}]},{\"@type\":\"WebSite\",\"@id\":\"https:\/\/osterberg-quality.vn\/en\/#website\",\"url\":\"https:\/\/osterberg-quality.vn\/en\/\",\"name\":\"Osterberg | Leading provider of fruit-based beverage and bakery ingredients.\",\"description\":\"Leading provider of fruit-based beverage and bakery ingredients.\",\"publisher\":{\"@id\":\"https:\/\/osterberg-quality.vn\/en\/#organization\"},\"potentialAction\":[{\"@type\":\"SearchAction\",\"target\":{\"@type\":\"EntryPoint\",\"urlTemplate\":\"https:\/\/osterberg-quality.vn\/en\/?s={search_term_string}\"},\"query-input\":{\"@type\":\"PropertyValueSpecification\",\"valueRequired\":true,\"valueName\":\"search_term_string\"}}],\"inLanguage\":\"en-US\"},{\"@type\":\"Organization\",\"@id\":\"https:\/\/osterberg-quality.vn\/en\/#organization\",\"name\":\"Osterberg | Leading provider of fruit-based beverage and bakery ingredients.\",\"url\":\"https:\/\/osterberg-quality.vn\/en\/\",\"logo\":{\"@type\":\"ImageObject\",\"inLanguage\":\"en-US\",\"@id\":\"https:\/\/osterberg-quality.vn\/en\/#\/schema\/logo\/image\/\",\"url\":\"https:\/\/osterberg-quality.vn\/wp-content\/uploads\/2021\/10\/logo.png\",\"contentUrl\":\"https:\/\/osterberg-quality.vn\/wp-content\/uploads\/2021\/10\/logo.png\",\"width\":301,\"height\":167,\"caption\":\"Osterberg | Leading provider of fruit-based beverage and bakery ingredients.\"},\"image\":{\"@id\":\"https:\/\/osterberg-quality.vn\/en\/#\/schema\/logo\/image\/\"}}]}<\/script>\n<!-- \/ Yoast SEO plugin. -->","yoast_head_json":{"title":"Osterberg Passion Fruit Fruit Crush","description":"M\u00f9i v\u00e0 v\u1ecb th\u01a1m n\u1ed3ng, ng\u1ecdt ng\u00e0o Sinh t\u1ed1\u00a0Osterberg\u00a0Chanh D\u00e2y th\u1ec3 hi\u1ec7n ho\u00e0n h\u1ea3o s\u1ef1 n\u1ed3ng n\u00e0n c\u1ee7a v\u00f9ng nhi\u1ec7t \u0111\u1edbi, d\u1ec5 l\u00e0m b\u00f9ng l\u00ean h\u01b0\u01a1ng v\u1ecb cho m\u00f3n u\u1ed1ng c\u1ee7a b\u1ea1n.","robots":{"index":"index","follow":"follow","max-snippet":"max-snippet:-1","max-image-preview":"max-image-preview:large","max-video-preview":"max-video-preview:-1"},"canonical":"https:\/\/osterberg-quality.vn\/en\/product\/sinh-to-osterberg-chanh-day\/","og_locale":"en_US","og_type":"article","og_title":"Sinh t\u1ed1 Osterberg Chanh d\u00e2y","og_description":"M\u00f9i v\u00e0 v\u1ecb th\u01a1m n\u1ed3ng, ng\u1ecdt ng\u00e0o Sinh t\u1ed1\u00a0Osterberg\u00a0Chanh D\u00e2y th\u1ec3 hi\u1ec7n ho\u00e0n h\u1ea3o s\u1ef1 n\u1ed3ng n\u00e0n c\u1ee7a v\u00f9ng nhi\u1ec7t \u0111\u1edbi, d\u1ec5 l\u00e0m b\u00f9ng l\u00ean h\u01b0\u01a1ng v\u1ecb cho m\u00f3n u\u1ed1ng c\u1ee7a b\u1ea1n.","og_url":"https:\/\/osterberg-quality.vn\/en\/product\/sinh-to-osterberg-chanh-day\/","og_site_name":"Osterberg | Leading provider of fruit-based beverage and bakery ingredients.","article_modified_time":"2026-05-08T04:33:50+00:00","og_image":[{"width":900,"height":900,"url":"https:\/\/osterberg-quality.vn\/wp-content\/uploads\/2026\/05\/passion-FC-VN-2.png","type":"image\/png"}],"twitter_card":"summary_large_image","twitter_misc":{"Est. reading time":"1 minute"},"schema":{"@context":"https:\/\/schema.org","@graph":[{"@type":"WebPage","@id":"https:\/\/osterberg-quality.vn\/san-pham\/sinh-to-osterberg-chanh-day\/","url":"https:\/\/osterberg-quality.vn\/san-pham\/sinh-to-osterberg-chanh-day\/","name":"Osterberg Passion Fruit Fruit Crush","isPartOf":{"@id":"https:\/\/osterberg-quality.vn\/en\/#website"},"primaryImageOfPage":{"@id":"https:\/\/osterberg-quality.vn\/san-pham\/sinh-to-osterberg-chanh-day\/#primaryimage"},"image":{"@id":"https:\/\/osterberg-quality.vn\/san-pham\/sinh-to-osterberg-chanh-day\/#primaryimage"},"thumbnailUrl":"https:\/\/osterberg-quality.vn\/wp-content\/uploads\/2026\/05\/passion-FC-VN-2.png","datePublished":"2022-03-11T04:31:09+00:00","dateModified":"2026-05-08T04:33:50+00:00","description":"M\u00f9i v\u00e0 v\u1ecb th\u01a1m n\u1ed3ng, ng\u1ecdt ng\u00e0o Sinh t\u1ed1\u00a0Osterberg\u00a0Chanh D\u00e2y th\u1ec3 hi\u1ec7n ho\u00e0n h\u1ea3o s\u1ef1 n\u1ed3ng n\u00e0n c\u1ee7a v\u00f9ng nhi\u1ec7t \u0111\u1edbi, d\u1ec5 l\u00e0m b\u00f9ng l\u00ean h\u01b0\u01a1ng v\u1ecb cho m\u00f3n u\u1ed1ng c\u1ee7a b\u1ea1n.","breadcrumb":{"@id":"https:\/\/osterberg-quality.vn\/san-pham\/sinh-to-osterberg-chanh-day\/#breadcrumb"},"inLanguage":"en-US","potentialAction":[{"@type":"ReadAction","target":["https:\/\/osterberg-quality.vn\/san-pham\/sinh-to-osterberg-chanh-day\/"]}]},{"@type":"ImageObject","inLanguage":"en-US","@id":"https:\/\/osterberg-quality.vn\/san-pham\/sinh-to-osterberg-chanh-day\/#primaryimage","url":"https:\/\/osterberg-quality.vn\/wp-content\/uploads\/2026\/05\/passion-FC-VN-2.png","contentUrl":"https:\/\/osterberg-quality.vn\/wp-content\/uploads\/2026\/05\/passion-FC-VN-2.png","width":900,"height":900,"caption":"Sinh t\u1ed1 Osterberg Chanh d\u00e2y"},{"@type":"BreadcrumbList","@id":"https:\/\/osterberg-quality.vn\/san-pham\/sinh-to-osterberg-chanh-day\/#breadcrumb","itemListElement":[{"@type":"ListItem","position":1,"name":"Trang ch\u1ee7","item":"https:\/\/osterberg-quality.vn\/"},{"@type":"ListItem","position":2,"name":"C\u1eeda h\u00e0ng","item":"https:\/\/osterberg-quality.vn\/cua-hang\/"},{"@type":"ListItem","position":3,"name":"Sinh t\u1ed1 Osterberg Chanh d\u00e2y"}]},{"@type":"WebSite","@id":"https:\/\/osterberg-quality.vn\/en\/#website","url":"https:\/\/osterberg-quality.vn\/en\/","name":"Osterberg | Leading provider of fruit-based beverage and bakery ingredients.","description":"Leading provider of fruit-based beverage and bakery ingredients.","publisher":{"@id":"https:\/\/osterberg-quality.vn\/en\/#organization"},"potentialAction":[{"@type":"SearchAction","target":{"@type":"EntryPoint","urlTemplate":"https:\/\/osterberg-quality.vn\/en\/?s={search_term_string}"},"query-input":{"@type":"PropertyValueSpecification","valueRequired":true,"valueName":"search_term_string"}}],"inLanguage":"en-US"},{"@type":"Organization","@id":"https:\/\/osterberg-quality.vn\/en\/#organization","name":"Osterberg | Leading provider of fruit-based beverage and bakery ingredients.","url":"https:\/\/osterberg-quality.vn\/en\/","logo":{"@type":"ImageObject","inLanguage":"en-US","@id":"https:\/\/osterberg-quality.vn\/en\/#\/schema\/logo\/image\/","url":"https:\/\/osterberg-quality.vn\/wp-content\/uploads\/2021\/10\/logo.png","contentUrl":"https:\/\/osterberg-quality.vn\/wp-content\/uploads\/2021\/10\/logo.png","width":301,"height":167,"caption":"Osterberg | Leading provider of fruit-based beverage and bakery ingredients."},"image":{"@id":"https:\/\/osterberg-quality.vn\/en\/#\/schema\/logo\/image\/"}}]}},"_links":{"self":[{"href":"https:\/\/osterberg-quality.vn\/en\/wp-json\/wp\/v2\/product\/4041","targetHints":{"allow":["GET"]}}],"collection":[{"href":"https:\/\/osterberg-quality.vn\/en\/wp-json\/wp\/v2\/product"}],"about":[{"href":"https:\/\/osterberg-quality.vn\/en\/wp-json\/wp\/v2\/types\/product"}],"replies":[{"embeddable":true,"href":"https:\/\/osterberg-quality.vn\/en\/wp-json\/wp\/v2\/comments?post=4041"}],"version-history":[{"count":1,"href":"https:\/\/osterberg-quality.vn\/en\/wp-json\/wp\/v2\/product\/4041\/revisions"}],"predecessor-version":[{"id":7092,"href":"https:\/\/osterberg-quality.vn\/en\/wp-json\/wp\/v2\/product\/4041\/revisions\/7092"}],"wp:featuredmedia":[{"embeddable":true,"href":"https:\/\/osterberg-quality.vn\/en\/wp-json\/wp\/v2\/media\/7087"}],"wp:attachment":[{"href":"https:\/\/osterberg-quality.vn\/en\/wp-json\/wp\/v2\/media?parent=4041"}],"wp:term":[{"taxonomy":"product_brand","embeddable":true,"href":"https:\/\/osterberg-quality.vn\/en\/wp-json\/wp\/v2\/product_brand?post=4041"},{"taxonomy":"product_cat","embeddable":true,"href":"https:\/\/osterberg-quality.vn\/en\/wp-json\/wp\/v2\/product_cat?post=4041"},{"taxonomy":"product_tag","embeddable":true,"href":"https:\/\/osterberg-quality.vn\/en\/wp-json\/wp\/v2\/product_tag?post=4041"}],"curies":[{"name":"wp","href":"https:\/\/api.w.org\/{rel}","templated":true}]}}