{"id":4039,"date":"2022-03-11T11:25:04","date_gmt":"2022-03-11T04:25:04","guid":{"rendered":"https:\/\/osterberg-quality.vn\/?post_type=product&#038;p=4039"},"modified":"2025-10-20T15:32:55","modified_gmt":"2025-10-20T08:32:55","slug":"sinh-to-osterberg-vai","status":"publish","type":"product","link":"https:\/\/osterberg-quality.vn\/en\/product\/sinh-to-osterberg-vai\/","title":{"rendered":"Osterberg Lychee Fruit Crush"},"content":{"rendered":"<p>Another summer fruit worth trying. Lychee is more popular in Asia. With its rich flavor and intense aftertaste, lychee is featured in many attractive cocktails. Experience this enchanting tropical fruit in your drink with\u00a0<span style=\"font-size: 16px; font-style: normal; font-weight: 400;\">Osterberg<\/span><span style=\"font-size: 16px; font-style: normal; font-weight: 400;\">\u00a0<\/span><span style=\"font-size: 16px;\">Osterberg Lychee Fruit Crush now.<\/span><\/p>","protected":false},"excerpt":{"rendered":"<p>Another summer fruit worth trying. Lychee is more popular in Asia. With its rich flavor and intense aftertaste, lychee is featured in many attractive cocktails. Experience this enchanting tropical fruit in your drink with\u00a0<span style=\"font-size: 16px; font-style: normal; font-weight: 400;\">Osterberg<\/span><span style=\"font-size: 16px; font-style: normal; font-weight: 400;\">\u00a0<\/span><span style=\"font-size: 16px;\">Osterberg Lychee Fruit Crush now.<\/span><\/p>","protected":false},"featured_media":5976,"comment_status":"open","ping_status":"closed","template":"","meta":{"site-sidebar-layout":"default","site-content-layout":"default","ast-global-header-display":"","ast-main-header-display":"","ast-hfb-above-header-display":"","ast-hfb-below-header-display":"","ast-hfb-mobile-header-display":"","site-post-title":"","ast-breadcrumbs-content":"","ast-featured-img":"","footer-sml-layout":"","theme-transparent-header-meta":"default","adv-header-id-meta":"","stick-header-meta":"default","header-above-stick-meta":"","header-main-stick-meta":"","header-below-stick-meta":""},"product_brand":[],"product_cat":[15,32],"product_tag":[],"class_list":{"0":"post-4039","1":"product","2":"type-product","3":"status-publish","4":"has-post-thumbnail","6":"product_cat-mut-sinh-to","7":"product_cat-nguyen-lieu-pha-che","8":"desktop-align-center","9":"tablet-align-center","10":"mobile-align-center","11":"ast-product-gallery-layout-horizontal-slider","12":"ast-product-tabs-layout-horizontal","14":"first","15":"instock","16":"shipping-taxable","17":"product-type-simple"},"yoast_head":"<!-- This site is optimized with the Yoast SEO plugin v27.2 - https:\/\/yoast.com\/product\/yoast-seo-wordpress\/ -->\n<title>Sinh t\u1ed1 Osterberg V\u1ea3i<\/title>\n<meta name=\"description\" content=\"Th\u00eam m\u1ed9t lo\u1ea1i tr\u00e1i c\u00e2y m\u00f9a h\u00e8 \u0111\u00e1ng n\u1ebfm th\u1eed. Tr\u00e1i v\u1ea3i ph\u1ed5 bi\u1ebfn h\u01a1n \u1edf ch\u00e2u \u00c1. Sinh t\u1ed1\u00a0Osterberg\u00a0V\u1ea3i v\u1edbi h\u01b0\u01a1ng v\u1ecb \u0111\u1eadm \u0111\u00e0, d\u01b0 v\u1ecb n\u1ed3ng n\u00e0n, v\u1ea3i c\u00f3 m\u1eb7t ...\" \/>\n<meta name=\"robots\" content=\"index, follow, max-snippet:-1, max-image-preview:large, max-video-preview:-1\" \/>\n<link rel=\"canonical\" href=\"https:\/\/osterberg-quality.vn\/en\/product\/sinh-to-osterberg-vai\/\" \/>\n<meta property=\"og:locale\" content=\"en_US\" \/>\n<meta property=\"og:type\" content=\"article\" \/>\n<meta property=\"og:title\" content=\"Sinh t\u1ed1 Osterberg V\u1ea3i\" \/>\n<meta property=\"og:description\" content=\"Th\u00eam m\u1ed9t lo\u1ea1i tr\u00e1i c\u00e2y m\u00f9a h\u00e8 \u0111\u00e1ng n\u1ebfm th\u1eed. Tr\u00e1i v\u1ea3i ph\u1ed5 bi\u1ebfn h\u01a1n \u1edf ch\u00e2u \u00c1. Sinh t\u1ed1\u00a0Osterberg\u00a0V\u1ea3i v\u1edbi h\u01b0\u01a1ng v\u1ecb \u0111\u1eadm \u0111\u00e0, d\u01b0 v\u1ecb n\u1ed3ng n\u00e0n, v\u1ea3i c\u00f3 m\u1eb7t ...\" \/>\n<meta property=\"og:url\" content=\"https:\/\/osterberg-quality.vn\/en\/product\/sinh-to-osterberg-vai\/\" \/>\n<meta property=\"og:site_name\" content=\"Osterberg | Leading provider of fruit-based beverage and bakery ingredients.\" \/>\n<meta property=\"article:modified_time\" content=\"2025-10-20T08:32:55+00:00\" \/>\n<meta property=\"og:image\" content=\"https:\/\/osterberg-quality.vn\/wp-content\/uploads\/2025\/10\/lychee-FC-VN-scaled.png\" \/>\n\t<meta property=\"og:image:width\" content=\"2560\" \/>\n\t<meta property=\"og:image:height\" content=\"2560\" \/>\n\t<meta property=\"og:image:type\" content=\"image\/png\" \/>\n<meta name=\"twitter:card\" content=\"summary_large_image\" \/>\n<meta name=\"twitter:label1\" content=\"Est. reading time\" \/>\n\t<meta name=\"twitter:data1\" content=\"1 minute\" \/>\n<script type=\"application\/ld+json\" class=\"yoast-schema-graph\">{\"@context\":\"https:\/\/schema.org\",\"@graph\":[{\"@type\":\"WebPage\",\"@id\":\"https:\/\/osterberg-quality.vn\/san-pham\/sinh-to-osterberg-vai\/\",\"url\":\"https:\/\/osterberg-quality.vn\/san-pham\/sinh-to-osterberg-vai\/\",\"name\":\"Sinh t\u1ed1 Osterberg V\u1ea3i\",\"isPartOf\":{\"@id\":\"https:\/\/osterberg-quality.vn\/en\/#website\"},\"primaryImageOfPage\":{\"@id\":\"https:\/\/osterberg-quality.vn\/san-pham\/sinh-to-osterberg-vai\/#primaryimage\"},\"image\":{\"@id\":\"https:\/\/osterberg-quality.vn\/san-pham\/sinh-to-osterberg-vai\/#primaryimage\"},\"thumbnailUrl\":\"https:\/\/osterberg-quality.vn\/wp-content\/uploads\/2025\/10\/lychee-FC-VN-scaled.png\",\"datePublished\":\"2022-03-11T04:25:04+00:00\",\"dateModified\":\"2025-10-20T08:32:55+00:00\",\"description\":\"Th\u00eam m\u1ed9t lo\u1ea1i tr\u00e1i c\u00e2y m\u00f9a h\u00e8 \u0111\u00e1ng n\u1ebfm th\u1eed. Tr\u00e1i v\u1ea3i ph\u1ed5 bi\u1ebfn h\u01a1n \u1edf ch\u00e2u \u00c1. Sinh t\u1ed1\u00a0Osterberg\u00a0V\u1ea3i v\u1edbi h\u01b0\u01a1ng v\u1ecb \u0111\u1eadm \u0111\u00e0, d\u01b0 v\u1ecb n\u1ed3ng n\u00e0n, v\u1ea3i c\u00f3 m\u1eb7t ...\",\"breadcrumb\":{\"@id\":\"https:\/\/osterberg-quality.vn\/san-pham\/sinh-to-osterberg-vai\/#breadcrumb\"},\"inLanguage\":\"en-US\",\"potentialAction\":[{\"@type\":\"ReadAction\",\"target\":[\"https:\/\/osterberg-quality.vn\/san-pham\/sinh-to-osterberg-vai\/\"]}]},{\"@type\":\"ImageObject\",\"inLanguage\":\"en-US\",\"@id\":\"https:\/\/osterberg-quality.vn\/san-pham\/sinh-to-osterberg-vai\/#primaryimage\",\"url\":\"https:\/\/osterberg-quality.vn\/wp-content\/uploads\/2025\/10\/lychee-FC-VN-scaled.png\",\"contentUrl\":\"https:\/\/osterberg-quality.vn\/wp-content\/uploads\/2025\/10\/lychee-FC-VN-scaled.png\",\"width\":2560,\"height\":2560,\"caption\":\"Sinh t\u1ed1 Osterberg V\u1ea3i\"},{\"@type\":\"BreadcrumbList\",\"@id\":\"https:\/\/osterberg-quality.vn\/san-pham\/sinh-to-osterberg-vai\/#breadcrumb\",\"itemListElement\":[{\"@type\":\"ListItem\",\"position\":1,\"name\":\"Trang ch\u1ee7\",\"item\":\"https:\/\/osterberg-quality.vn\/\"},{\"@type\":\"ListItem\",\"position\":2,\"name\":\"C\u1eeda h\u00e0ng\",\"item\":\"https:\/\/osterberg-quality.vn\/cua-hang\/\"},{\"@type\":\"ListItem\",\"position\":3,\"name\":\"Sinh t\u1ed1 Osterberg V\u1ea3i\"}]},{\"@type\":\"WebSite\",\"@id\":\"https:\/\/osterberg-quality.vn\/en\/#website\",\"url\":\"https:\/\/osterberg-quality.vn\/en\/\",\"name\":\"Osterberg | Leading provider of fruit-based beverage and bakery ingredients.\",\"description\":\"Leading provider of fruit-based beverage and bakery ingredients.\",\"publisher\":{\"@id\":\"https:\/\/osterberg-quality.vn\/en\/#organization\"},\"potentialAction\":[{\"@type\":\"SearchAction\",\"target\":{\"@type\":\"EntryPoint\",\"urlTemplate\":\"https:\/\/osterberg-quality.vn\/en\/?s={search_term_string}\"},\"query-input\":{\"@type\":\"PropertyValueSpecification\",\"valueRequired\":true,\"valueName\":\"search_term_string\"}}],\"inLanguage\":\"en-US\"},{\"@type\":\"Organization\",\"@id\":\"https:\/\/osterberg-quality.vn\/en\/#organization\",\"name\":\"Osterberg | Leading provider of fruit-based beverage and bakery ingredients.\",\"url\":\"https:\/\/osterberg-quality.vn\/en\/\",\"logo\":{\"@type\":\"ImageObject\",\"inLanguage\":\"en-US\",\"@id\":\"https:\/\/osterberg-quality.vn\/en\/#\/schema\/logo\/image\/\",\"url\":\"https:\/\/osterberg-quality.vn\/wp-content\/uploads\/2021\/10\/logo.png\",\"contentUrl\":\"https:\/\/osterberg-quality.vn\/wp-content\/uploads\/2021\/10\/logo.png\",\"width\":301,\"height\":167,\"caption\":\"Osterberg | Leading provider of fruit-based beverage and bakery ingredients.\"},\"image\":{\"@id\":\"https:\/\/osterberg-quality.vn\/en\/#\/schema\/logo\/image\/\"}}]}<\/script>\n<!-- \/ Yoast SEO plugin. -->","yoast_head_json":{"title":"Osterberg Lychee Fruit Crush","description":"Th\u00eam m\u1ed9t lo\u1ea1i tr\u00e1i c\u00e2y m\u00f9a h\u00e8 \u0111\u00e1ng n\u1ebfm th\u1eed. Tr\u00e1i v\u1ea3i ph\u1ed5 bi\u1ebfn h\u01a1n \u1edf ch\u00e2u \u00c1. Sinh t\u1ed1\u00a0Osterberg\u00a0V\u1ea3i v\u1edbi h\u01b0\u01a1ng v\u1ecb \u0111\u1eadm \u0111\u00e0, d\u01b0 v\u1ecb n\u1ed3ng n\u00e0n, v\u1ea3i c\u00f3 m\u1eb7t ...","robots":{"index":"index","follow":"follow","max-snippet":"max-snippet:-1","max-image-preview":"max-image-preview:large","max-video-preview":"max-video-preview:-1"},"canonical":"https:\/\/osterberg-quality.vn\/en\/product\/sinh-to-osterberg-vai\/","og_locale":"en_US","og_type":"article","og_title":"Sinh t\u1ed1 Osterberg V\u1ea3i","og_description":"Th\u00eam m\u1ed9t lo\u1ea1i tr\u00e1i c\u00e2y m\u00f9a h\u00e8 \u0111\u00e1ng n\u1ebfm th\u1eed. Tr\u00e1i v\u1ea3i ph\u1ed5 bi\u1ebfn h\u01a1n \u1edf ch\u00e2u \u00c1. Sinh t\u1ed1\u00a0Osterberg\u00a0V\u1ea3i v\u1edbi h\u01b0\u01a1ng v\u1ecb \u0111\u1eadm \u0111\u00e0, d\u01b0 v\u1ecb n\u1ed3ng n\u00e0n, v\u1ea3i c\u00f3 m\u1eb7t ...","og_url":"https:\/\/osterberg-quality.vn\/en\/product\/sinh-to-osterberg-vai\/","og_site_name":"Osterberg | Leading provider of fruit-based beverage and bakery ingredients.","article_modified_time":"2025-10-20T08:32:55+00:00","og_image":[{"width":2560,"height":2560,"url":"https:\/\/osterberg-quality.vn\/wp-content\/uploads\/2025\/10\/lychee-FC-VN-scaled.png","type":"image\/png"}],"twitter_card":"summary_large_image","twitter_misc":{"Est. reading time":"1 minute"},"schema":{"@context":"https:\/\/schema.org","@graph":[{"@type":"WebPage","@id":"https:\/\/osterberg-quality.vn\/san-pham\/sinh-to-osterberg-vai\/","url":"https:\/\/osterberg-quality.vn\/san-pham\/sinh-to-osterberg-vai\/","name":"Osterberg Lychee Fruit Crush","isPartOf":{"@id":"https:\/\/osterberg-quality.vn\/en\/#website"},"primaryImageOfPage":{"@id":"https:\/\/osterberg-quality.vn\/san-pham\/sinh-to-osterberg-vai\/#primaryimage"},"image":{"@id":"https:\/\/osterberg-quality.vn\/san-pham\/sinh-to-osterberg-vai\/#primaryimage"},"thumbnailUrl":"https:\/\/osterberg-quality.vn\/wp-content\/uploads\/2025\/10\/lychee-FC-VN-scaled.png","datePublished":"2022-03-11T04:25:04+00:00","dateModified":"2025-10-20T08:32:55+00:00","description":"Th\u00eam m\u1ed9t lo\u1ea1i tr\u00e1i c\u00e2y m\u00f9a h\u00e8 \u0111\u00e1ng n\u1ebfm th\u1eed. Tr\u00e1i v\u1ea3i ph\u1ed5 bi\u1ebfn h\u01a1n \u1edf ch\u00e2u \u00c1. Sinh t\u1ed1\u00a0Osterberg\u00a0V\u1ea3i v\u1edbi h\u01b0\u01a1ng v\u1ecb \u0111\u1eadm \u0111\u00e0, d\u01b0 v\u1ecb n\u1ed3ng n\u00e0n, v\u1ea3i c\u00f3 m\u1eb7t ...","breadcrumb":{"@id":"https:\/\/osterberg-quality.vn\/san-pham\/sinh-to-osterberg-vai\/#breadcrumb"},"inLanguage":"en-US","potentialAction":[{"@type":"ReadAction","target":["https:\/\/osterberg-quality.vn\/san-pham\/sinh-to-osterberg-vai\/"]}]},{"@type":"ImageObject","inLanguage":"en-US","@id":"https:\/\/osterberg-quality.vn\/san-pham\/sinh-to-osterberg-vai\/#primaryimage","url":"https:\/\/osterberg-quality.vn\/wp-content\/uploads\/2025\/10\/lychee-FC-VN-scaled.png","contentUrl":"https:\/\/osterberg-quality.vn\/wp-content\/uploads\/2025\/10\/lychee-FC-VN-scaled.png","width":2560,"height":2560,"caption":"Sinh t\u1ed1 Osterberg V\u1ea3i"},{"@type":"BreadcrumbList","@id":"https:\/\/osterberg-quality.vn\/san-pham\/sinh-to-osterberg-vai\/#breadcrumb","itemListElement":[{"@type":"ListItem","position":1,"name":"Trang ch\u1ee7","item":"https:\/\/osterberg-quality.vn\/"},{"@type":"ListItem","position":2,"name":"C\u1eeda h\u00e0ng","item":"https:\/\/osterberg-quality.vn\/cua-hang\/"},{"@type":"ListItem","position":3,"name":"Sinh t\u1ed1 Osterberg V\u1ea3i"}]},{"@type":"WebSite","@id":"https:\/\/osterberg-quality.vn\/en\/#website","url":"https:\/\/osterberg-quality.vn\/en\/","name":"Osterberg | Leading provider of fruit-based beverage and bakery ingredients.","description":"Leading provider of fruit-based beverage and bakery ingredients.","publisher":{"@id":"https:\/\/osterberg-quality.vn\/en\/#organization"},"potentialAction":[{"@type":"SearchAction","target":{"@type":"EntryPoint","urlTemplate":"https:\/\/osterberg-quality.vn\/en\/?s={search_term_string}"},"query-input":{"@type":"PropertyValueSpecification","valueRequired":true,"valueName":"search_term_string"}}],"inLanguage":"en-US"},{"@type":"Organization","@id":"https:\/\/osterberg-quality.vn\/en\/#organization","name":"Osterberg | Leading provider of fruit-based beverage and bakery ingredients.","url":"https:\/\/osterberg-quality.vn\/en\/","logo":{"@type":"ImageObject","inLanguage":"en-US","@id":"https:\/\/osterberg-quality.vn\/en\/#\/schema\/logo\/image\/","url":"https:\/\/osterberg-quality.vn\/wp-content\/uploads\/2021\/10\/logo.png","contentUrl":"https:\/\/osterberg-quality.vn\/wp-content\/uploads\/2021\/10\/logo.png","width":301,"height":167,"caption":"Osterberg | Leading provider of fruit-based beverage and bakery ingredients."},"image":{"@id":"https:\/\/osterberg-quality.vn\/en\/#\/schema\/logo\/image\/"}}]}},"_links":{"self":[{"href":"https:\/\/osterberg-quality.vn\/en\/wp-json\/wp\/v2\/product\/4039","targetHints":{"allow":["GET"]}}],"collection":[{"href":"https:\/\/osterberg-quality.vn\/en\/wp-json\/wp\/v2\/product"}],"about":[{"href":"https:\/\/osterberg-quality.vn\/en\/wp-json\/wp\/v2\/types\/product"}],"replies":[{"embeddable":true,"href":"https:\/\/osterberg-quality.vn\/en\/wp-json\/wp\/v2\/comments?post=4039"}],"version-history":[{"count":0,"href":"https:\/\/osterberg-quality.vn\/en\/wp-json\/wp\/v2\/product\/4039\/revisions"}],"wp:featuredmedia":[{"embeddable":true,"href":"https:\/\/osterberg-quality.vn\/en\/wp-json\/wp\/v2\/media\/5976"}],"wp:attachment":[{"href":"https:\/\/osterberg-quality.vn\/en\/wp-json\/wp\/v2\/media?parent=4039"}],"wp:term":[{"taxonomy":"product_brand","embeddable":true,"href":"https:\/\/osterberg-quality.vn\/en\/wp-json\/wp\/v2\/product_brand?post=4039"},{"taxonomy":"product_cat","embeddable":true,"href":"https:\/\/osterberg-quality.vn\/en\/wp-json\/wp\/v2\/product_cat?post=4039"},{"taxonomy":"product_tag","embeddable":true,"href":"https:\/\/osterberg-quality.vn\/en\/wp-json\/wp\/v2\/product_tag?post=4039"}],"curies":[{"name":"wp","href":"https:\/\/api.w.org\/{rel}","templated":true}]}}