{"id":4033,"date":"2022-03-11T10:47:39","date_gmt":"2022-03-11T03:47:39","guid":{"rendered":"https:\/\/osterberg-quality.vn\/?post_type=product&#038;p=4033"},"modified":"2025-10-20T15:40:05","modified_gmt":"2025-10-20T08:40:05","slug":"sinh-to-osterberg-xoai","status":"publish","type":"product","link":"https:\/\/osterberg-quality.vn\/en\/product\/sinh-to-osterberg-xoai\/","title":{"rendered":"Osterberg Mango Fruit Crush"},"content":{"rendered":"<p>Made from fresh mangoes harvested at the right ripeness, combined with high technology to preserve the juiciness and natural aroma, Osterberg Mango Fruit Crush brings to your drink the richness of this wonderfully sweet and juicy tropical fruit.<\/p>","protected":false},"excerpt":{"rendered":"<p>\u0110\u01b0\u1ee3c l\u00e0m t\u1eeb nh\u1eefng tr\u00e1i xo\u00e0i t\u01b0\u01a1i thu ho\u1ea1ch \u0111\u00fang \u0111\u1ed9 ch\u00edn, k\u1ebft h\u1ee3p v\u1edbi c\u00f4ng ngh\u1ec7 cao gi\u00fap gi\u1eef nguy\u00ean v\u1ecb m\u1ecdng n\u01b0\u1edbc v\u00e0 h\u01b0\u01a1ng th\u01a1m t\u1ef1 nhi\u00ean, Sinh t\u1ed1 Xo\u00e0i Osterberg mang \u0111\u1ebfn cho m\u00f3n u\u1ed1ng c\u1ee7a b\u1ea1n s\u1ef1 \u0111\u1eadm \u0111\u00e0 c\u1ee7a lo\u1ea1i tr\u00e1i c\u00e2y nhi\u1ec7t \u0111\u1edbi ngon ng\u1ecdt tuy\u1ec7t v\u1eddi n\u00e0y.<\/p>","protected":false},"featured_media":5978,"comment_status":"open","ping_status":"closed","template":"","meta":{"site-sidebar-layout":"default","site-content-layout":"default","ast-global-header-display":"","ast-main-header-display":"","ast-hfb-above-header-display":"","ast-hfb-below-header-display":"","ast-hfb-mobile-header-display":"","site-post-title":"","ast-breadcrumbs-content":"","ast-featured-img":"","footer-sml-layout":"","theme-transparent-header-meta":"default","adv-header-id-meta":"","stick-header-meta":"default","header-above-stick-meta":"","header-main-stick-meta":"","header-below-stick-meta":""},"product_brand":[],"product_cat":[15,32],"product_tag":[],"class_list":{"0":"post-4033","1":"product","2":"type-product","3":"status-publish","4":"has-post-thumbnail","6":"product_cat-mut-sinh-to","7":"product_cat-nguyen-lieu-pha-che","8":"desktop-align-center","9":"tablet-align-center","10":"mobile-align-center","11":"ast-product-gallery-layout-horizontal-slider","12":"ast-product-tabs-layout-horizontal","14":"first","15":"instock","16":"shipping-taxable","17":"product-type-simple"},"yoast_head":"<!-- This site is optimized with the Yoast SEO plugin v27.2 - https:\/\/yoast.com\/product\/yoast-seo-wordpress\/ -->\n<title>Sinh t\u1ed1 Osterberg Xo\u00e0i<\/title>\n<meta name=\"description\" content=\"Sinh t\u1ed1 Osterberg Xo\u00e0i \u0111\u01b0\u1ee3c l\u00e0m t\u1eeb nh\u1eefng tr\u00e1i xo\u00e0i t\u01b0\u01a1i thu ho\u1ea1ch \u0111\u00fang \u0111\u1ed9 ch\u00edn, k\u1ebft h\u1ee3p v\u1edbi c\u00f4ng ngh\u1ec7 cao gi\u00fap gi\u1eef nguy\u00ean v\u1ecb m\u1ecdng n\u01b0\u1edbc v\u00e0 h\u01b0\u01a1ng th\u01a1m\" \/>\n<meta name=\"robots\" content=\"index, follow, max-snippet:-1, max-image-preview:large, max-video-preview:-1\" \/>\n<link rel=\"canonical\" href=\"https:\/\/osterberg-quality.vn\/en\/product\/sinh-to-osterberg-xoai\/\" \/>\n<meta property=\"og:locale\" content=\"en_US\" \/>\n<meta property=\"og:type\" content=\"article\" \/>\n<meta property=\"og:title\" content=\"Sinh t\u1ed1 Osterberg Xo\u00e0i\" \/>\n<meta property=\"og:description\" content=\"Sinh t\u1ed1 Osterberg Xo\u00e0i \u0111\u01b0\u1ee3c l\u00e0m t\u1eeb nh\u1eefng tr\u00e1i xo\u00e0i t\u01b0\u01a1i thu ho\u1ea1ch \u0111\u00fang \u0111\u1ed9 ch\u00edn, k\u1ebft h\u1ee3p v\u1edbi c\u00f4ng ngh\u1ec7 cao gi\u00fap gi\u1eef nguy\u00ean v\u1ecb m\u1ecdng n\u01b0\u1edbc v\u00e0 h\u01b0\u01a1ng th\u01a1m\" \/>\n<meta property=\"og:url\" content=\"https:\/\/osterberg-quality.vn\/en\/product\/sinh-to-osterberg-xoai\/\" \/>\n<meta property=\"og:site_name\" content=\"Osterberg | Leading provider of fruit-based beverage and bakery ingredients.\" \/>\n<meta property=\"article:modified_time\" content=\"2025-10-20T08:40:05+00:00\" \/>\n<meta property=\"og:image\" content=\"https:\/\/osterberg-quality.vn\/wp-content\/uploads\/2025\/10\/mango-FC-VN-scaled.png\" \/>\n\t<meta property=\"og:image:width\" content=\"2560\" \/>\n\t<meta property=\"og:image:height\" content=\"2560\" \/>\n\t<meta property=\"og:image:type\" content=\"image\/png\" \/>\n<meta name=\"twitter:card\" content=\"summary_large_image\" \/>\n<meta name=\"twitter:label1\" content=\"Est. reading time\" \/>\n\t<meta name=\"twitter:data1\" content=\"1 minute\" \/>\n<script type=\"application\/ld+json\" class=\"yoast-schema-graph\">{\"@context\":\"https:\/\/schema.org\",\"@graph\":[{\"@type\":\"WebPage\",\"@id\":\"https:\/\/osterberg-quality.vn\/san-pham\/sinh-to-osterberg-xoai\/\",\"url\":\"https:\/\/osterberg-quality.vn\/san-pham\/sinh-to-osterberg-xoai\/\",\"name\":\"Sinh t\u1ed1 Osterberg Xo\u00e0i\",\"isPartOf\":{\"@id\":\"https:\/\/osterberg-quality.vn\/en\/#website\"},\"primaryImageOfPage\":{\"@id\":\"https:\/\/osterberg-quality.vn\/san-pham\/sinh-to-osterberg-xoai\/#primaryimage\"},\"image\":{\"@id\":\"https:\/\/osterberg-quality.vn\/san-pham\/sinh-to-osterberg-xoai\/#primaryimage\"},\"thumbnailUrl\":\"https:\/\/osterberg-quality.vn\/wp-content\/uploads\/2025\/10\/mango-FC-VN-scaled.png\",\"datePublished\":\"2022-03-11T03:47:39+00:00\",\"dateModified\":\"2025-10-20T08:40:05+00:00\",\"description\":\"Sinh t\u1ed1 Osterberg Xo\u00e0i \u0111\u01b0\u1ee3c l\u00e0m t\u1eeb nh\u1eefng tr\u00e1i xo\u00e0i t\u01b0\u01a1i thu ho\u1ea1ch \u0111\u00fang \u0111\u1ed9 ch\u00edn, k\u1ebft h\u1ee3p v\u1edbi c\u00f4ng ngh\u1ec7 cao gi\u00fap gi\u1eef nguy\u00ean v\u1ecb m\u1ecdng n\u01b0\u1edbc v\u00e0 h\u01b0\u01a1ng th\u01a1m\",\"breadcrumb\":{\"@id\":\"https:\/\/osterberg-quality.vn\/san-pham\/sinh-to-osterberg-xoai\/#breadcrumb\"},\"inLanguage\":\"en-US\",\"potentialAction\":[{\"@type\":\"ReadAction\",\"target\":[\"https:\/\/osterberg-quality.vn\/san-pham\/sinh-to-osterberg-xoai\/\"]}]},{\"@type\":\"ImageObject\",\"inLanguage\":\"en-US\",\"@id\":\"https:\/\/osterberg-quality.vn\/san-pham\/sinh-to-osterberg-xoai\/#primaryimage\",\"url\":\"https:\/\/osterberg-quality.vn\/wp-content\/uploads\/2025\/10\/mango-FC-VN-scaled.png\",\"contentUrl\":\"https:\/\/osterberg-quality.vn\/wp-content\/uploads\/2025\/10\/mango-FC-VN-scaled.png\",\"width\":2560,\"height\":2560,\"caption\":\"Sinh t\u1ed1 Osterberg Xo\u00e0i\"},{\"@type\":\"BreadcrumbList\",\"@id\":\"https:\/\/osterberg-quality.vn\/san-pham\/sinh-to-osterberg-xoai\/#breadcrumb\",\"itemListElement\":[{\"@type\":\"ListItem\",\"position\":1,\"name\":\"Trang ch\u1ee7\",\"item\":\"https:\/\/osterberg-quality.vn\/\"},{\"@type\":\"ListItem\",\"position\":2,\"name\":\"C\u1eeda h\u00e0ng\",\"item\":\"https:\/\/osterberg-quality.vn\/cua-hang\/\"},{\"@type\":\"ListItem\",\"position\":3,\"name\":\"Sinh t\u1ed1 Osterberg Xo\u00e0i\"}]},{\"@type\":\"WebSite\",\"@id\":\"https:\/\/osterberg-quality.vn\/en\/#website\",\"url\":\"https:\/\/osterberg-quality.vn\/en\/\",\"name\":\"Osterberg | Leading provider of fruit-based beverage and bakery ingredients.\",\"description\":\"Leading provider of fruit-based beverage and bakery ingredients.\",\"publisher\":{\"@id\":\"https:\/\/osterberg-quality.vn\/en\/#organization\"},\"potentialAction\":[{\"@type\":\"SearchAction\",\"target\":{\"@type\":\"EntryPoint\",\"urlTemplate\":\"https:\/\/osterberg-quality.vn\/en\/?s={search_term_string}\"},\"query-input\":{\"@type\":\"PropertyValueSpecification\",\"valueRequired\":true,\"valueName\":\"search_term_string\"}}],\"inLanguage\":\"en-US\"},{\"@type\":\"Organization\",\"@id\":\"https:\/\/osterberg-quality.vn\/en\/#organization\",\"name\":\"Osterberg | Leading provider of fruit-based beverage and bakery ingredients.\",\"url\":\"https:\/\/osterberg-quality.vn\/en\/\",\"logo\":{\"@type\":\"ImageObject\",\"inLanguage\":\"en-US\",\"@id\":\"https:\/\/osterberg-quality.vn\/en\/#\/schema\/logo\/image\/\",\"url\":\"https:\/\/osterberg-quality.vn\/wp-content\/uploads\/2021\/10\/logo.png\",\"contentUrl\":\"https:\/\/osterberg-quality.vn\/wp-content\/uploads\/2021\/10\/logo.png\",\"width\":301,\"height\":167,\"caption\":\"Osterberg | Leading provider of fruit-based beverage and bakery ingredients.\"},\"image\":{\"@id\":\"https:\/\/osterberg-quality.vn\/en\/#\/schema\/logo\/image\/\"}}]}<\/script>\n<!-- \/ Yoast SEO plugin. -->","yoast_head_json":{"title":"Osterberg Mango Fruit Crush","description":"Sinh t\u1ed1 Osterberg Xo\u00e0i \u0111\u01b0\u1ee3c l\u00e0m t\u1eeb nh\u1eefng tr\u00e1i xo\u00e0i t\u01b0\u01a1i thu ho\u1ea1ch \u0111\u00fang \u0111\u1ed9 ch\u00edn, k\u1ebft h\u1ee3p v\u1edbi c\u00f4ng ngh\u1ec7 cao gi\u00fap gi\u1eef nguy\u00ean v\u1ecb m\u1ecdng n\u01b0\u1edbc v\u00e0 h\u01b0\u01a1ng th\u01a1m","robots":{"index":"index","follow":"follow","max-snippet":"max-snippet:-1","max-image-preview":"max-image-preview:large","max-video-preview":"max-video-preview:-1"},"canonical":"https:\/\/osterberg-quality.vn\/en\/product\/sinh-to-osterberg-xoai\/","og_locale":"en_US","og_type":"article","og_title":"Sinh t\u1ed1 Osterberg Xo\u00e0i","og_description":"Sinh t\u1ed1 Osterberg Xo\u00e0i \u0111\u01b0\u1ee3c l\u00e0m t\u1eeb nh\u1eefng tr\u00e1i xo\u00e0i t\u01b0\u01a1i thu ho\u1ea1ch \u0111\u00fang \u0111\u1ed9 ch\u00edn, k\u1ebft h\u1ee3p v\u1edbi c\u00f4ng ngh\u1ec7 cao gi\u00fap gi\u1eef nguy\u00ean v\u1ecb m\u1ecdng n\u01b0\u1edbc v\u00e0 h\u01b0\u01a1ng th\u01a1m","og_url":"https:\/\/osterberg-quality.vn\/en\/product\/sinh-to-osterberg-xoai\/","og_site_name":"Osterberg | Leading provider of fruit-based beverage and bakery ingredients.","article_modified_time":"2025-10-20T08:40:05+00:00","og_image":[{"width":2560,"height":2560,"url":"https:\/\/osterberg-quality.vn\/wp-content\/uploads\/2025\/10\/mango-FC-VN-scaled.png","type":"image\/png"}],"twitter_card":"summary_large_image","twitter_misc":{"Est. reading time":"1 minute"},"schema":{"@context":"https:\/\/schema.org","@graph":[{"@type":"WebPage","@id":"https:\/\/osterberg-quality.vn\/san-pham\/sinh-to-osterberg-xoai\/","url":"https:\/\/osterberg-quality.vn\/san-pham\/sinh-to-osterberg-xoai\/","name":"Osterberg Mango Fruit Crush","isPartOf":{"@id":"https:\/\/osterberg-quality.vn\/en\/#website"},"primaryImageOfPage":{"@id":"https:\/\/osterberg-quality.vn\/san-pham\/sinh-to-osterberg-xoai\/#primaryimage"},"image":{"@id":"https:\/\/osterberg-quality.vn\/san-pham\/sinh-to-osterberg-xoai\/#primaryimage"},"thumbnailUrl":"https:\/\/osterberg-quality.vn\/wp-content\/uploads\/2025\/10\/mango-FC-VN-scaled.png","datePublished":"2022-03-11T03:47:39+00:00","dateModified":"2025-10-20T08:40:05+00:00","description":"Sinh t\u1ed1 Osterberg Xo\u00e0i \u0111\u01b0\u1ee3c l\u00e0m t\u1eeb nh\u1eefng tr\u00e1i xo\u00e0i t\u01b0\u01a1i thu ho\u1ea1ch \u0111\u00fang \u0111\u1ed9 ch\u00edn, k\u1ebft h\u1ee3p v\u1edbi c\u00f4ng ngh\u1ec7 cao gi\u00fap gi\u1eef nguy\u00ean v\u1ecb m\u1ecdng n\u01b0\u1edbc v\u00e0 h\u01b0\u01a1ng th\u01a1m","breadcrumb":{"@id":"https:\/\/osterberg-quality.vn\/san-pham\/sinh-to-osterberg-xoai\/#breadcrumb"},"inLanguage":"en-US","potentialAction":[{"@type":"ReadAction","target":["https:\/\/osterberg-quality.vn\/san-pham\/sinh-to-osterberg-xoai\/"]}]},{"@type":"ImageObject","inLanguage":"en-US","@id":"https:\/\/osterberg-quality.vn\/san-pham\/sinh-to-osterberg-xoai\/#primaryimage","url":"https:\/\/osterberg-quality.vn\/wp-content\/uploads\/2025\/10\/mango-FC-VN-scaled.png","contentUrl":"https:\/\/osterberg-quality.vn\/wp-content\/uploads\/2025\/10\/mango-FC-VN-scaled.png","width":2560,"height":2560,"caption":"Sinh t\u1ed1 Osterberg Xo\u00e0i"},{"@type":"BreadcrumbList","@id":"https:\/\/osterberg-quality.vn\/san-pham\/sinh-to-osterberg-xoai\/#breadcrumb","itemListElement":[{"@type":"ListItem","position":1,"name":"Trang ch\u1ee7","item":"https:\/\/osterberg-quality.vn\/"},{"@type":"ListItem","position":2,"name":"C\u1eeda h\u00e0ng","item":"https:\/\/osterberg-quality.vn\/cua-hang\/"},{"@type":"ListItem","position":3,"name":"Sinh t\u1ed1 Osterberg Xo\u00e0i"}]},{"@type":"WebSite","@id":"https:\/\/osterberg-quality.vn\/en\/#website","url":"https:\/\/osterberg-quality.vn\/en\/","name":"Osterberg | Leading provider of fruit-based beverage and bakery ingredients.","description":"Leading provider of fruit-based beverage and bakery ingredients.","publisher":{"@id":"https:\/\/osterberg-quality.vn\/en\/#organization"},"potentialAction":[{"@type":"SearchAction","target":{"@type":"EntryPoint","urlTemplate":"https:\/\/osterberg-quality.vn\/en\/?s={search_term_string}"},"query-input":{"@type":"PropertyValueSpecification","valueRequired":true,"valueName":"search_term_string"}}],"inLanguage":"en-US"},{"@type":"Organization","@id":"https:\/\/osterberg-quality.vn\/en\/#organization","name":"Osterberg | Leading provider of fruit-based beverage and bakery ingredients.","url":"https:\/\/osterberg-quality.vn\/en\/","logo":{"@type":"ImageObject","inLanguage":"en-US","@id":"https:\/\/osterberg-quality.vn\/en\/#\/schema\/logo\/image\/","url":"https:\/\/osterberg-quality.vn\/wp-content\/uploads\/2021\/10\/logo.png","contentUrl":"https:\/\/osterberg-quality.vn\/wp-content\/uploads\/2021\/10\/logo.png","width":301,"height":167,"caption":"Osterberg | Leading provider of fruit-based beverage and bakery ingredients."},"image":{"@id":"https:\/\/osterberg-quality.vn\/en\/#\/schema\/logo\/image\/"}}]}},"_links":{"self":[{"href":"https:\/\/osterberg-quality.vn\/en\/wp-json\/wp\/v2\/product\/4033","targetHints":{"allow":["GET"]}}],"collection":[{"href":"https:\/\/osterberg-quality.vn\/en\/wp-json\/wp\/v2\/product"}],"about":[{"href":"https:\/\/osterberg-quality.vn\/en\/wp-json\/wp\/v2\/types\/product"}],"replies":[{"embeddable":true,"href":"https:\/\/osterberg-quality.vn\/en\/wp-json\/wp\/v2\/comments?post=4033"}],"version-history":[{"count":0,"href":"https:\/\/osterberg-quality.vn\/en\/wp-json\/wp\/v2\/product\/4033\/revisions"}],"wp:featuredmedia":[{"embeddable":true,"href":"https:\/\/osterberg-quality.vn\/en\/wp-json\/wp\/v2\/media\/5978"}],"wp:attachment":[{"href":"https:\/\/osterberg-quality.vn\/en\/wp-json\/wp\/v2\/media?parent=4033"}],"wp:term":[{"taxonomy":"product_brand","embeddable":true,"href":"https:\/\/osterberg-quality.vn\/en\/wp-json\/wp\/v2\/product_brand?post=4033"},{"taxonomy":"product_cat","embeddable":true,"href":"https:\/\/osterberg-quality.vn\/en\/wp-json\/wp\/v2\/product_cat?post=4033"},{"taxonomy":"product_tag","embeddable":true,"href":"https:\/\/osterberg-quality.vn\/en\/wp-json\/wp\/v2\/product_tag?post=4033"}],"curies":[{"name":"wp","href":"https:\/\/api.w.org\/{rel}","templated":true}]}}