{"id":4031,"date":"2022-03-11T10:23:23","date_gmt":"2022-03-11T03:23:23","guid":{"rendered":"https:\/\/osterberg-quality.vn\/?post_type=product&#038;p=4031"},"modified":"2025-10-20T15:37:58","modified_gmt":"2025-10-20T08:37:58","slug":"sinh-to-osterberg-tao-xanh","status":"publish","type":"product","link":"https:\/\/osterberg-quality.vn\/en\/product\/sinh-to-osterberg-tao-xanh\/","title":{"rendered":"Osterberg Green Apple Fruit Crush"},"content":{"rendered":"<p>Green apple is one of the fruits that is often used to enhance the flavor of drinks. Osterberg Green Apple Fruit Crush helps you keep the freshness and attractive aroma of fresh green apples in every drink.<\/p>","protected":false},"excerpt":{"rendered":"<p>Green apple is one of the fruits that is often used to enhance the flavor of drinks. Osterberg Green Apple Fruit Crush helps you keep the freshness and attractive aroma of fresh green apples in every drink.<\/p>","protected":false},"featured_media":5970,"comment_status":"open","ping_status":"closed","template":"","meta":{"site-sidebar-layout":"default","site-content-layout":"default","ast-global-header-display":"","ast-main-header-display":"","ast-hfb-above-header-display":"","ast-hfb-below-header-display":"","ast-hfb-mobile-header-display":"","site-post-title":"","ast-breadcrumbs-content":"","ast-featured-img":"","footer-sml-layout":"","theme-transparent-header-meta":"default","adv-header-id-meta":"","stick-header-meta":"default","header-above-stick-meta":"","header-main-stick-meta":"","header-below-stick-meta":""},"product_brand":[],"product_cat":[15,32],"product_tag":[],"class_list":{"0":"post-4031","1":"product","2":"type-product","3":"status-publish","4":"has-post-thumbnail","6":"product_cat-mut-sinh-to","7":"product_cat-nguyen-lieu-pha-che","8":"desktop-align-center","9":"tablet-align-center","10":"mobile-align-center","11":"ast-product-gallery-layout-horizontal-slider","12":"ast-product-tabs-layout-horizontal","14":"first","15":"instock","16":"shipping-taxable","17":"product-type-simple"},"yoast_head":"<!-- This site is optimized with the Yoast SEO plugin v27.2 - https:\/\/yoast.com\/product\/yoast-seo-wordpress\/ -->\n<title>Sinh t\u1ed1 Osterberg T\u00e1o Xanh<\/title>\n<meta name=\"robots\" content=\"index, follow, max-snippet:-1, max-image-preview:large, max-video-preview:-1\" \/>\n<link rel=\"canonical\" href=\"https:\/\/osterberg-quality.vn\/en\/product\/sinh-to-osterberg-tao-xanh\/\" \/>\n<meta property=\"og:locale\" content=\"en_US\" \/>\n<meta property=\"og:type\" content=\"article\" \/>\n<meta property=\"og:title\" content=\"Sinh t\u1ed1 Osterberg T\u00e1o Xanh\" \/>\n<meta property=\"og:description\" content=\"T\u00e1o xanh l\u00e0 m\u1ed9t trong nh\u1eefng lo\u1ea1i tr\u00e1i c\u00e2y \u0111\u01b0\u1ee3c s\u1eed d\u1ee5ng nhi\u1ec1u \u0111\u1ec3 t\u0103ng h\u01b0\u01a1ng v\u1ecb cho c\u00e1c m\u00f3n u\u1ed1ng. Sinh t\u1ed1 T\u00e1o xanh Osterberg gi\u00fap b\u1ea1n gi\u1eef nguy\u00ean \u0111\u1ed9 t\u01b0\u01a1i gi\u00f2n v\u00e0 h\u01b0\u01a1ng th\u01a1m quy\u1ebfn r\u0169 c\u1ee7a t\u00e1o xanh t\u01b0\u01a1i trong t\u1eebng m\u00f3n u\u1ed1ng c\u1ee7a m\u00ecnh.\" \/>\n<meta property=\"og:url\" content=\"https:\/\/osterberg-quality.vn\/en\/product\/sinh-to-osterberg-tao-xanh\/\" \/>\n<meta property=\"og:site_name\" content=\"Osterberg | Leading provider of fruit-based beverage and bakery ingredients.\" \/>\n<meta property=\"article:modified_time\" content=\"2025-10-20T08:37:58+00:00\" \/>\n<meta property=\"og:image\" content=\"https:\/\/osterberg-quality.vn\/wp-content\/uploads\/2025\/10\/green-apple-FC-VN.png\" \/>\n\t<meta property=\"og:image:width\" content=\"900\" \/>\n\t<meta property=\"og:image:height\" content=\"900\" \/>\n\t<meta property=\"og:image:type\" content=\"image\/png\" \/>\n<meta name=\"twitter:card\" content=\"summary_large_image\" \/>\n<meta name=\"twitter:label1\" content=\"Est. reading time\" \/>\n\t<meta name=\"twitter:data1\" content=\"1 minute\" \/>\n<script type=\"application\/ld+json\" class=\"yoast-schema-graph\">{\"@context\":\"https:\/\/schema.org\",\"@graph\":[{\"@type\":\"WebPage\",\"@id\":\"https:\/\/osterberg-quality.vn\/san-pham\/sinh-to-osterberg-tao-xanh\/\",\"url\":\"https:\/\/osterberg-quality.vn\/san-pham\/sinh-to-osterberg-tao-xanh\/\",\"name\":\"Sinh t\u1ed1 Osterberg T\u00e1o Xanh\",\"isPartOf\":{\"@id\":\"https:\/\/osterberg-quality.vn\/en\/#website\"},\"primaryImageOfPage\":{\"@id\":\"https:\/\/osterberg-quality.vn\/san-pham\/sinh-to-osterberg-tao-xanh\/#primaryimage\"},\"image\":{\"@id\":\"https:\/\/osterberg-quality.vn\/san-pham\/sinh-to-osterberg-tao-xanh\/#primaryimage\"},\"thumbnailUrl\":\"https:\/\/osterberg-quality.vn\/wp-content\/uploads\/2025\/10\/green-apple-FC-VN.png\",\"datePublished\":\"2022-03-11T03:23:23+00:00\",\"dateModified\":\"2025-10-20T08:37:58+00:00\",\"breadcrumb\":{\"@id\":\"https:\/\/osterberg-quality.vn\/san-pham\/sinh-to-osterberg-tao-xanh\/#breadcrumb\"},\"inLanguage\":\"en-US\",\"potentialAction\":[{\"@type\":\"ReadAction\",\"target\":[\"https:\/\/osterberg-quality.vn\/san-pham\/sinh-to-osterberg-tao-xanh\/\"]}]},{\"@type\":\"ImageObject\",\"inLanguage\":\"en-US\",\"@id\":\"https:\/\/osterberg-quality.vn\/san-pham\/sinh-to-osterberg-tao-xanh\/#primaryimage\",\"url\":\"https:\/\/osterberg-quality.vn\/wp-content\/uploads\/2025\/10\/green-apple-FC-VN.png\",\"contentUrl\":\"https:\/\/osterberg-quality.vn\/wp-content\/uploads\/2025\/10\/green-apple-FC-VN.png\",\"width\":900,\"height\":900,\"caption\":\"Sinh t\u1ed1 Osterberg T\u00e1o Xanh\"},{\"@type\":\"BreadcrumbList\",\"@id\":\"https:\/\/osterberg-quality.vn\/san-pham\/sinh-to-osterberg-tao-xanh\/#breadcrumb\",\"itemListElement\":[{\"@type\":\"ListItem\",\"position\":1,\"name\":\"Trang ch\u1ee7\",\"item\":\"https:\/\/osterberg-quality.vn\/\"},{\"@type\":\"ListItem\",\"position\":2,\"name\":\"C\u1eeda h\u00e0ng\",\"item\":\"https:\/\/osterberg-quality.vn\/cua-hang\/\"},{\"@type\":\"ListItem\",\"position\":3,\"name\":\"Sinh t\u1ed1 Osterberg T\u00e1o Xanh\"}]},{\"@type\":\"WebSite\",\"@id\":\"https:\/\/osterberg-quality.vn\/en\/#website\",\"url\":\"https:\/\/osterberg-quality.vn\/en\/\",\"name\":\"Osterberg | Leading provider of fruit-based beverage and bakery ingredients.\",\"description\":\"Leading provider of fruit-based beverage and bakery ingredients.\",\"publisher\":{\"@id\":\"https:\/\/osterberg-quality.vn\/en\/#organization\"},\"potentialAction\":[{\"@type\":\"SearchAction\",\"target\":{\"@type\":\"EntryPoint\",\"urlTemplate\":\"https:\/\/osterberg-quality.vn\/en\/?s={search_term_string}\"},\"query-input\":{\"@type\":\"PropertyValueSpecification\",\"valueRequired\":true,\"valueName\":\"search_term_string\"}}],\"inLanguage\":\"en-US\"},{\"@type\":\"Organization\",\"@id\":\"https:\/\/osterberg-quality.vn\/en\/#organization\",\"name\":\"Osterberg | Leading provider of fruit-based beverage and bakery ingredients.\",\"url\":\"https:\/\/osterberg-quality.vn\/en\/\",\"logo\":{\"@type\":\"ImageObject\",\"inLanguage\":\"en-US\",\"@id\":\"https:\/\/osterberg-quality.vn\/en\/#\/schema\/logo\/image\/\",\"url\":\"https:\/\/osterberg-quality.vn\/wp-content\/uploads\/2021\/10\/logo.png\",\"contentUrl\":\"https:\/\/osterberg-quality.vn\/wp-content\/uploads\/2021\/10\/logo.png\",\"width\":301,\"height\":167,\"caption\":\"Osterberg | Leading provider of fruit-based beverage and bakery ingredients.\"},\"image\":{\"@id\":\"https:\/\/osterberg-quality.vn\/en\/#\/schema\/logo\/image\/\"}}]}<\/script>\n<!-- \/ Yoast SEO plugin. -->","yoast_head_json":{"title":"Osterberg Green Apple Fruit Crush","robots":{"index":"index","follow":"follow","max-snippet":"max-snippet:-1","max-image-preview":"max-image-preview:large","max-video-preview":"max-video-preview:-1"},"canonical":"https:\/\/osterberg-quality.vn\/en\/product\/sinh-to-osterberg-tao-xanh\/","og_locale":"en_US","og_type":"article","og_title":"Sinh t\u1ed1 Osterberg T\u00e1o Xanh","og_description":"T\u00e1o xanh l\u00e0 m\u1ed9t trong nh\u1eefng lo\u1ea1i tr\u00e1i c\u00e2y \u0111\u01b0\u1ee3c s\u1eed d\u1ee5ng nhi\u1ec1u \u0111\u1ec3 t\u0103ng h\u01b0\u01a1ng v\u1ecb cho c\u00e1c m\u00f3n u\u1ed1ng. Sinh t\u1ed1 T\u00e1o xanh Osterberg gi\u00fap b\u1ea1n gi\u1eef nguy\u00ean \u0111\u1ed9 t\u01b0\u01a1i gi\u00f2n v\u00e0 h\u01b0\u01a1ng th\u01a1m quy\u1ebfn r\u0169 c\u1ee7a t\u00e1o xanh t\u01b0\u01a1i trong t\u1eebng m\u00f3n u\u1ed1ng c\u1ee7a m\u00ecnh.","og_url":"https:\/\/osterberg-quality.vn\/en\/product\/sinh-to-osterberg-tao-xanh\/","og_site_name":"Osterberg | Leading provider of fruit-based beverage and bakery ingredients.","article_modified_time":"2025-10-20T08:37:58+00:00","og_image":[{"width":900,"height":900,"url":"https:\/\/osterberg-quality.vn\/wp-content\/uploads\/2025\/10\/green-apple-FC-VN.png","type":"image\/png"}],"twitter_card":"summary_large_image","twitter_misc":{"Est. reading time":"1 minute"},"schema":{"@context":"https:\/\/schema.org","@graph":[{"@type":"WebPage","@id":"https:\/\/osterberg-quality.vn\/san-pham\/sinh-to-osterberg-tao-xanh\/","url":"https:\/\/osterberg-quality.vn\/san-pham\/sinh-to-osterberg-tao-xanh\/","name":"Osterberg Green Apple Fruit Crush","isPartOf":{"@id":"https:\/\/osterberg-quality.vn\/en\/#website"},"primaryImageOfPage":{"@id":"https:\/\/osterberg-quality.vn\/san-pham\/sinh-to-osterberg-tao-xanh\/#primaryimage"},"image":{"@id":"https:\/\/osterberg-quality.vn\/san-pham\/sinh-to-osterberg-tao-xanh\/#primaryimage"},"thumbnailUrl":"https:\/\/osterberg-quality.vn\/wp-content\/uploads\/2025\/10\/green-apple-FC-VN.png","datePublished":"2022-03-11T03:23:23+00:00","dateModified":"2025-10-20T08:37:58+00:00","breadcrumb":{"@id":"https:\/\/osterberg-quality.vn\/san-pham\/sinh-to-osterberg-tao-xanh\/#breadcrumb"},"inLanguage":"en-US","potentialAction":[{"@type":"ReadAction","target":["https:\/\/osterberg-quality.vn\/san-pham\/sinh-to-osterberg-tao-xanh\/"]}]},{"@type":"ImageObject","inLanguage":"en-US","@id":"https:\/\/osterberg-quality.vn\/san-pham\/sinh-to-osterberg-tao-xanh\/#primaryimage","url":"https:\/\/osterberg-quality.vn\/wp-content\/uploads\/2025\/10\/green-apple-FC-VN.png","contentUrl":"https:\/\/osterberg-quality.vn\/wp-content\/uploads\/2025\/10\/green-apple-FC-VN.png","width":900,"height":900,"caption":"Sinh t\u1ed1 Osterberg T\u00e1o Xanh"},{"@type":"BreadcrumbList","@id":"https:\/\/osterberg-quality.vn\/san-pham\/sinh-to-osterberg-tao-xanh\/#breadcrumb","itemListElement":[{"@type":"ListItem","position":1,"name":"Trang ch\u1ee7","item":"https:\/\/osterberg-quality.vn\/"},{"@type":"ListItem","position":2,"name":"C\u1eeda h\u00e0ng","item":"https:\/\/osterberg-quality.vn\/cua-hang\/"},{"@type":"ListItem","position":3,"name":"Sinh t\u1ed1 Osterberg T\u00e1o Xanh"}]},{"@type":"WebSite","@id":"https:\/\/osterberg-quality.vn\/en\/#website","url":"https:\/\/osterberg-quality.vn\/en\/","name":"Osterberg | Leading provider of fruit-based beverage and bakery ingredients.","description":"Leading provider of fruit-based beverage and bakery ingredients.","publisher":{"@id":"https:\/\/osterberg-quality.vn\/en\/#organization"},"potentialAction":[{"@type":"SearchAction","target":{"@type":"EntryPoint","urlTemplate":"https:\/\/osterberg-quality.vn\/en\/?s={search_term_string}"},"query-input":{"@type":"PropertyValueSpecification","valueRequired":true,"valueName":"search_term_string"}}],"inLanguage":"en-US"},{"@type":"Organization","@id":"https:\/\/osterberg-quality.vn\/en\/#organization","name":"Osterberg | Leading provider of fruit-based beverage and bakery ingredients.","url":"https:\/\/osterberg-quality.vn\/en\/","logo":{"@type":"ImageObject","inLanguage":"en-US","@id":"https:\/\/osterberg-quality.vn\/en\/#\/schema\/logo\/image\/","url":"https:\/\/osterberg-quality.vn\/wp-content\/uploads\/2021\/10\/logo.png","contentUrl":"https:\/\/osterberg-quality.vn\/wp-content\/uploads\/2021\/10\/logo.png","width":301,"height":167,"caption":"Osterberg | Leading provider of fruit-based beverage and bakery ingredients."},"image":{"@id":"https:\/\/osterberg-quality.vn\/en\/#\/schema\/logo\/image\/"}}]}},"_links":{"self":[{"href":"https:\/\/osterberg-quality.vn\/en\/wp-json\/wp\/v2\/product\/4031","targetHints":{"allow":["GET"]}}],"collection":[{"href":"https:\/\/osterberg-quality.vn\/en\/wp-json\/wp\/v2\/product"}],"about":[{"href":"https:\/\/osterberg-quality.vn\/en\/wp-json\/wp\/v2\/types\/product"}],"replies":[{"embeddable":true,"href":"https:\/\/osterberg-quality.vn\/en\/wp-json\/wp\/v2\/comments?post=4031"}],"version-history":[{"count":0,"href":"https:\/\/osterberg-quality.vn\/en\/wp-json\/wp\/v2\/product\/4031\/revisions"}],"wp:featuredmedia":[{"embeddable":true,"href":"https:\/\/osterberg-quality.vn\/en\/wp-json\/wp\/v2\/media\/5970"}],"wp:attachment":[{"href":"https:\/\/osterberg-quality.vn\/en\/wp-json\/wp\/v2\/media?parent=4031"}],"wp:term":[{"taxonomy":"product_brand","embeddable":true,"href":"https:\/\/osterberg-quality.vn\/en\/wp-json\/wp\/v2\/product_brand?post=4031"},{"taxonomy":"product_cat","embeddable":true,"href":"https:\/\/osterberg-quality.vn\/en\/wp-json\/wp\/v2\/product_cat?post=4031"},{"taxonomy":"product_tag","embeddable":true,"href":"https:\/\/osterberg-quality.vn\/en\/wp-json\/wp\/v2\/product_tag?post=4031"}],"curies":[{"name":"wp","href":"https:\/\/api.w.org\/{rel}","templated":true}]}}