{"id":4026,"date":"2022-03-11T10:17:40","date_gmt":"2022-03-11T03:17:40","guid":{"rendered":"https:\/\/osterberg-quality.vn\/?post_type=product&#038;p=4026"},"modified":"2025-10-20T15:46:28","modified_gmt":"2025-10-20T08:46:28","slug":"sinh-to-osterberg-dau","status":"publish","type":"product","link":"https:\/\/osterberg-quality.vn\/en\/product\/sinh-to-osterberg-dau\/","title":{"rendered":"Osterberg Strawberry Fruit Crush"},"content":{"rendered":"<p>Preserves the sweetness, light sourness and most authentic aroma thanks to modern technology and extracts from fresh, naturally harvested strawberries. Enjoy summer fruits all year round by incorporating Osterberg Strawberry Fruit Crush into your drinks!<\/p>","protected":false},"excerpt":{"rendered":"<p>Preserves the sweetness, light sourness and most authentic aroma thanks to modern technology and extracts from fresh, naturally harvested strawberries. Enjoy summer fruits all year round by incorporating Osterberg Strawberry Fruit Crush into your drinks!<\/p>","protected":false},"featured_media":6004,"comment_status":"open","ping_status":"closed","template":"","meta":{"site-sidebar-layout":"default","site-content-layout":"default","ast-global-header-display":"","ast-main-header-display":"","ast-hfb-above-header-display":"","ast-hfb-below-header-display":"","ast-hfb-mobile-header-display":"","site-post-title":"","ast-breadcrumbs-content":"","ast-featured-img":"","footer-sml-layout":"","theme-transparent-header-meta":"default","adv-header-id-meta":"","stick-header-meta":"default","header-above-stick-meta":"","header-main-stick-meta":"","header-below-stick-meta":""},"product_brand":[],"product_cat":[15,32],"product_tag":[],"class_list":{"0":"post-4026","1":"product","2":"type-product","3":"status-publish","4":"has-post-thumbnail","6":"product_cat-mut-sinh-to","7":"product_cat-nguyen-lieu-pha-che","8":"desktop-align-center","9":"tablet-align-center","10":"mobile-align-center","11":"ast-product-gallery-layout-horizontal-slider","12":"ast-product-tabs-layout-horizontal","14":"first","15":"instock","16":"shipping-taxable","17":"product-type-simple"},"yoast_head":"<!-- This site is optimized with the Yoast SEO plugin v27.2 - https:\/\/yoast.com\/product\/yoast-seo-wordpress\/ -->\n<title>Sinh t\u1ed1 Osterberg D\u00e2u<\/title>\n<meta name=\"robots\" content=\"index, follow, max-snippet:-1, max-image-preview:large, max-video-preview:-1\" \/>\n<link rel=\"canonical\" href=\"https:\/\/osterberg-quality.vn\/en\/product\/sinh-to-osterberg-dau\/\" \/>\n<meta property=\"og:locale\" content=\"en_US\" \/>\n<meta property=\"og:type\" content=\"article\" \/>\n<meta property=\"og:title\" content=\"Sinh t\u1ed1 Osterberg D\u00e2u\" \/>\n<meta property=\"og:description\" content=\"Gi\u1eef nguy\u00ean \u0111\u1ed9 ng\u1ecdt, v\u1ecb chua nh\u1eb9 v\u00e0 h\u01b0\u01a1ng th\u01a1m ch\u00e2n th\u1ef1c nh\u1ea5t nh\u1edd c\u00f4ng ngh\u1ec7 hi\u1ec7n \u0111\u1ea1i v\u00e0 chi\u1ebft xu\u1ea5t t\u1eeb tr\u00e1i d\u00e2u t\u00e2y t\u01b0\u01a1i thu ho\u1ea1ch t\u1ef1 nhi\u00ean. Tho\u1ea3i m\u00e1i t\u1eadn h\u01b0\u1edfng tr\u00e1i c\u00e2y m\u00f9a h\u00e8 quanh n\u0103m nh\u1edd k\u1ebft h\u1ee3p Sinh t\u1ed1 D\u00e2u Osterberg trong c\u00e1c m\u00f3n pha ch\u1ebf c\u1ee7a b\u1ea1n nh\u00e9!\" \/>\n<meta property=\"og:url\" content=\"https:\/\/osterberg-quality.vn\/en\/product\/sinh-to-osterberg-dau\/\" \/>\n<meta property=\"og:site_name\" content=\"Osterberg | Leading provider of fruit-based beverage and bakery ingredients.\" \/>\n<meta property=\"article:modified_time\" content=\"2025-10-20T08:46:28+00:00\" \/>\n<meta property=\"og:image\" content=\"https:\/\/osterberg-quality.vn\/wp-content\/uploads\/2025\/10\/strawberry-FC-VN-scaled.png\" \/>\n\t<meta property=\"og:image:width\" content=\"2560\" \/>\n\t<meta property=\"og:image:height\" content=\"2560\" \/>\n\t<meta property=\"og:image:type\" content=\"image\/png\" \/>\n<meta name=\"twitter:card\" content=\"summary_large_image\" \/>\n<meta name=\"twitter:label1\" content=\"Est. reading time\" \/>\n\t<meta name=\"twitter:data1\" content=\"1 minute\" \/>\n<script type=\"application\/ld+json\" class=\"yoast-schema-graph\">{\"@context\":\"https:\/\/schema.org\",\"@graph\":[{\"@type\":\"WebPage\",\"@id\":\"https:\/\/osterberg-quality.vn\/san-pham\/sinh-to-osterberg-dau\/\",\"url\":\"https:\/\/osterberg-quality.vn\/san-pham\/sinh-to-osterberg-dau\/\",\"name\":\"Sinh t\u1ed1 Osterberg D\u00e2u\",\"isPartOf\":{\"@id\":\"https:\/\/osterberg-quality.vn\/en\/#website\"},\"primaryImageOfPage\":{\"@id\":\"https:\/\/osterberg-quality.vn\/san-pham\/sinh-to-osterberg-dau\/#primaryimage\"},\"image\":{\"@id\":\"https:\/\/osterberg-quality.vn\/san-pham\/sinh-to-osterberg-dau\/#primaryimage\"},\"thumbnailUrl\":\"https:\/\/osterberg-quality.vn\/wp-content\/uploads\/2025\/10\/strawberry-FC-VN-scaled.png\",\"datePublished\":\"2022-03-11T03:17:40+00:00\",\"dateModified\":\"2025-10-20T08:46:28+00:00\",\"breadcrumb\":{\"@id\":\"https:\/\/osterberg-quality.vn\/san-pham\/sinh-to-osterberg-dau\/#breadcrumb\"},\"inLanguage\":\"en-US\",\"potentialAction\":[{\"@type\":\"ReadAction\",\"target\":[\"https:\/\/osterberg-quality.vn\/san-pham\/sinh-to-osterberg-dau\/\"]}]},{\"@type\":\"ImageObject\",\"inLanguage\":\"en-US\",\"@id\":\"https:\/\/osterberg-quality.vn\/san-pham\/sinh-to-osterberg-dau\/#primaryimage\",\"url\":\"https:\/\/osterberg-quality.vn\/wp-content\/uploads\/2025\/10\/strawberry-FC-VN-scaled.png\",\"contentUrl\":\"https:\/\/osterberg-quality.vn\/wp-content\/uploads\/2025\/10\/strawberry-FC-VN-scaled.png\",\"width\":2560,\"height\":2560,\"caption\":\"Sinh t\u1ed1 Osterberg D\u00e2u\"},{\"@type\":\"BreadcrumbList\",\"@id\":\"https:\/\/osterberg-quality.vn\/san-pham\/sinh-to-osterberg-dau\/#breadcrumb\",\"itemListElement\":[{\"@type\":\"ListItem\",\"position\":1,\"name\":\"Trang ch\u1ee7\",\"item\":\"https:\/\/osterberg-quality.vn\/\"},{\"@type\":\"ListItem\",\"position\":2,\"name\":\"C\u1eeda h\u00e0ng\",\"item\":\"https:\/\/osterberg-quality.vn\/cua-hang\/\"},{\"@type\":\"ListItem\",\"position\":3,\"name\":\"Sinh t\u1ed1 Osterberg D\u00e2u\"}]},{\"@type\":\"WebSite\",\"@id\":\"https:\/\/osterberg-quality.vn\/en\/#website\",\"url\":\"https:\/\/osterberg-quality.vn\/en\/\",\"name\":\"Osterberg | Leading provider of fruit-based beverage and bakery ingredients.\",\"description\":\"Leading provider of fruit-based beverage and bakery ingredients.\",\"publisher\":{\"@id\":\"https:\/\/osterberg-quality.vn\/en\/#organization\"},\"potentialAction\":[{\"@type\":\"SearchAction\",\"target\":{\"@type\":\"EntryPoint\",\"urlTemplate\":\"https:\/\/osterberg-quality.vn\/en\/?s={search_term_string}\"},\"query-input\":{\"@type\":\"PropertyValueSpecification\",\"valueRequired\":true,\"valueName\":\"search_term_string\"}}],\"inLanguage\":\"en-US\"},{\"@type\":\"Organization\",\"@id\":\"https:\/\/osterberg-quality.vn\/en\/#organization\",\"name\":\"Osterberg | Leading provider of fruit-based beverage and bakery ingredients.\",\"url\":\"https:\/\/osterberg-quality.vn\/en\/\",\"logo\":{\"@type\":\"ImageObject\",\"inLanguage\":\"en-US\",\"@id\":\"https:\/\/osterberg-quality.vn\/en\/#\/schema\/logo\/image\/\",\"url\":\"https:\/\/osterberg-quality.vn\/wp-content\/uploads\/2021\/10\/logo.png\",\"contentUrl\":\"https:\/\/osterberg-quality.vn\/wp-content\/uploads\/2021\/10\/logo.png\",\"width\":301,\"height\":167,\"caption\":\"Osterberg | Leading provider of fruit-based beverage and bakery ingredients.\"},\"image\":{\"@id\":\"https:\/\/osterberg-quality.vn\/en\/#\/schema\/logo\/image\/\"}}]}<\/script>\n<!-- \/ Yoast SEO plugin. -->","yoast_head_json":{"title":"Osterberg Strawberry Fruit Crush","robots":{"index":"index","follow":"follow","max-snippet":"max-snippet:-1","max-image-preview":"max-image-preview:large","max-video-preview":"max-video-preview:-1"},"canonical":"https:\/\/osterberg-quality.vn\/en\/product\/sinh-to-osterberg-dau\/","og_locale":"en_US","og_type":"article","og_title":"Sinh t\u1ed1 Osterberg D\u00e2u","og_description":"Gi\u1eef nguy\u00ean \u0111\u1ed9 ng\u1ecdt, v\u1ecb chua nh\u1eb9 v\u00e0 h\u01b0\u01a1ng th\u01a1m ch\u00e2n th\u1ef1c nh\u1ea5t nh\u1edd c\u00f4ng ngh\u1ec7 hi\u1ec7n \u0111\u1ea1i v\u00e0 chi\u1ebft xu\u1ea5t t\u1eeb tr\u00e1i d\u00e2u t\u00e2y t\u01b0\u01a1i thu ho\u1ea1ch t\u1ef1 nhi\u00ean. Tho\u1ea3i m\u00e1i t\u1eadn h\u01b0\u1edfng tr\u00e1i c\u00e2y m\u00f9a h\u00e8 quanh n\u0103m nh\u1edd k\u1ebft h\u1ee3p Sinh t\u1ed1 D\u00e2u Osterberg trong c\u00e1c m\u00f3n pha ch\u1ebf c\u1ee7a b\u1ea1n nh\u00e9!","og_url":"https:\/\/osterberg-quality.vn\/en\/product\/sinh-to-osterberg-dau\/","og_site_name":"Osterberg | Leading provider of fruit-based beverage and bakery ingredients.","article_modified_time":"2025-10-20T08:46:28+00:00","og_image":[{"width":2560,"height":2560,"url":"https:\/\/osterberg-quality.vn\/wp-content\/uploads\/2025\/10\/strawberry-FC-VN-scaled.png","type":"image\/png"}],"twitter_card":"summary_large_image","twitter_misc":{"Est. reading time":"1 minute"},"schema":{"@context":"https:\/\/schema.org","@graph":[{"@type":"WebPage","@id":"https:\/\/osterberg-quality.vn\/san-pham\/sinh-to-osterberg-dau\/","url":"https:\/\/osterberg-quality.vn\/san-pham\/sinh-to-osterberg-dau\/","name":"Osterberg Strawberry Fruit Crush","isPartOf":{"@id":"https:\/\/osterberg-quality.vn\/en\/#website"},"primaryImageOfPage":{"@id":"https:\/\/osterberg-quality.vn\/san-pham\/sinh-to-osterberg-dau\/#primaryimage"},"image":{"@id":"https:\/\/osterberg-quality.vn\/san-pham\/sinh-to-osterberg-dau\/#primaryimage"},"thumbnailUrl":"https:\/\/osterberg-quality.vn\/wp-content\/uploads\/2025\/10\/strawberry-FC-VN-scaled.png","datePublished":"2022-03-11T03:17:40+00:00","dateModified":"2025-10-20T08:46:28+00:00","breadcrumb":{"@id":"https:\/\/osterberg-quality.vn\/san-pham\/sinh-to-osterberg-dau\/#breadcrumb"},"inLanguage":"en-US","potentialAction":[{"@type":"ReadAction","target":["https:\/\/osterberg-quality.vn\/san-pham\/sinh-to-osterberg-dau\/"]}]},{"@type":"ImageObject","inLanguage":"en-US","@id":"https:\/\/osterberg-quality.vn\/san-pham\/sinh-to-osterberg-dau\/#primaryimage","url":"https:\/\/osterberg-quality.vn\/wp-content\/uploads\/2025\/10\/strawberry-FC-VN-scaled.png","contentUrl":"https:\/\/osterberg-quality.vn\/wp-content\/uploads\/2025\/10\/strawberry-FC-VN-scaled.png","width":2560,"height":2560,"caption":"Sinh t\u1ed1 Osterberg D\u00e2u"},{"@type":"BreadcrumbList","@id":"https:\/\/osterberg-quality.vn\/san-pham\/sinh-to-osterberg-dau\/#breadcrumb","itemListElement":[{"@type":"ListItem","position":1,"name":"Trang ch\u1ee7","item":"https:\/\/osterberg-quality.vn\/"},{"@type":"ListItem","position":2,"name":"C\u1eeda h\u00e0ng","item":"https:\/\/osterberg-quality.vn\/cua-hang\/"},{"@type":"ListItem","position":3,"name":"Sinh t\u1ed1 Osterberg D\u00e2u"}]},{"@type":"WebSite","@id":"https:\/\/osterberg-quality.vn\/en\/#website","url":"https:\/\/osterberg-quality.vn\/en\/","name":"Osterberg | Leading provider of fruit-based beverage and bakery ingredients.","description":"Leading provider of fruit-based beverage and bakery ingredients.","publisher":{"@id":"https:\/\/osterberg-quality.vn\/en\/#organization"},"potentialAction":[{"@type":"SearchAction","target":{"@type":"EntryPoint","urlTemplate":"https:\/\/osterberg-quality.vn\/en\/?s={search_term_string}"},"query-input":{"@type":"PropertyValueSpecification","valueRequired":true,"valueName":"search_term_string"}}],"inLanguage":"en-US"},{"@type":"Organization","@id":"https:\/\/osterberg-quality.vn\/en\/#organization","name":"Osterberg | Leading provider of fruit-based beverage and bakery ingredients.","url":"https:\/\/osterberg-quality.vn\/en\/","logo":{"@type":"ImageObject","inLanguage":"en-US","@id":"https:\/\/osterberg-quality.vn\/en\/#\/schema\/logo\/image\/","url":"https:\/\/osterberg-quality.vn\/wp-content\/uploads\/2021\/10\/logo.png","contentUrl":"https:\/\/osterberg-quality.vn\/wp-content\/uploads\/2021\/10\/logo.png","width":301,"height":167,"caption":"Osterberg | Leading provider of fruit-based beverage and bakery ingredients."},"image":{"@id":"https:\/\/osterberg-quality.vn\/en\/#\/schema\/logo\/image\/"}}]}},"_links":{"self":[{"href":"https:\/\/osterberg-quality.vn\/en\/wp-json\/wp\/v2\/product\/4026","targetHints":{"allow":["GET"]}}],"collection":[{"href":"https:\/\/osterberg-quality.vn\/en\/wp-json\/wp\/v2\/product"}],"about":[{"href":"https:\/\/osterberg-quality.vn\/en\/wp-json\/wp\/v2\/types\/product"}],"replies":[{"embeddable":true,"href":"https:\/\/osterberg-quality.vn\/en\/wp-json\/wp\/v2\/comments?post=4026"}],"version-history":[{"count":0,"href":"https:\/\/osterberg-quality.vn\/en\/wp-json\/wp\/v2\/product\/4026\/revisions"}],"wp:featuredmedia":[{"embeddable":true,"href":"https:\/\/osterberg-quality.vn\/en\/wp-json\/wp\/v2\/media\/6004"}],"wp:attachment":[{"href":"https:\/\/osterberg-quality.vn\/en\/wp-json\/wp\/v2\/media?parent=4026"}],"wp:term":[{"taxonomy":"product_brand","embeddable":true,"href":"https:\/\/osterberg-quality.vn\/en\/wp-json\/wp\/v2\/product_brand?post=4026"},{"taxonomy":"product_cat","embeddable":true,"href":"https:\/\/osterberg-quality.vn\/en\/wp-json\/wp\/v2\/product_cat?post=4026"},{"taxonomy":"product_tag","embeddable":true,"href":"https:\/\/osterberg-quality.vn\/en\/wp-json\/wp\/v2\/product_tag?post=4026"}],"curies":[{"name":"wp","href":"https:\/\/api.w.org\/{rel}","templated":true}]}}